
{"id":6711,"date":"2020-01-08T18:59:00","date_gmt":"2020-01-08T17:59:00","guid":{"rendered":"http:\/\/milesiplanet.com\/prodotto\/uncategorized\/xhc60x-serie-color-system\/"},"modified":"2023-09-26T17:12:40","modified_gmt":"2023-09-26T15:12:40","slug":"xhc60x-serie-color-system","status":"publish","type":"product","link":"https:\/\/milesiplanet.com\/fr\/prodotto\/pour-exterieur\/pour-exterieur-impregnant\/pour-exterieur-impregnant-impregnant-a-leau\/xhc60x-serie-color-system\/","title":{"rendered":"XHC60x S\u00e9rie &#8211; Color System"},"content":{"rendered":"<p>Impr\u00e9gnation hydro cir\u00e9e, \u00e0 l&#8217;excellente facilit\u00e9 d&#8217;utilisation<\/p>\n","protected":false},"excerpt":{"rendered":"<p>Impr\u00e9gnation hydro cir\u00e9e, \u00e0 l&#8217;excellente facilit\u00e9 d&#8217;utilisation<\/p>\n","protected":false},"featured_media":0,"template":"","meta":{"_acf_changed":false},"product_brand":[],"product_cat":[330,331,332,698],"product_tag":[],"class_list":{"0":"post-6711","1":"product","2":"type-product","3":"status-publish","5":"product_cat-pour-exterieur","6":"product_cat-pour-exterieur-impregnant","7":"product_cat-pour-exterieur-impregnant-impregnant-a-leau","8":"product_cat-mvf-fr","10":"first","11":"instock","12":"shipping-taxable","13":"product-type-simple"},"acf":[],"_links":{"self":[{"href":"https:\/\/milesiplanet.com\/fr\/wp-json\/wp\/v2\/product\/6711","targetHints":{"allow":["GET"]}}],"collection":[{"href":"https:\/\/milesiplanet.com\/fr\/wp-json\/wp\/v2\/product"}],"about":[{"href":"https:\/\/milesiplanet.com\/fr\/wp-json\/wp\/v2\/types\/product"}],"wp:attachment":[{"href":"https:\/\/milesiplanet.com\/fr\/wp-json\/wp\/v2\/media?parent=6711"}],"wp:term":[{"taxonomy":"product_brand","embeddable":true,"href":"https:\/\/milesiplanet.com\/fr\/wp-json\/wp\/v2\/product_brand?post=6711"},{"taxonomy":"product_cat","embeddable":true,"href":"https:\/\/milesiplanet.com\/fr\/wp-json\/wp\/v2\/product_cat?post=6711"},{"taxonomy":"product_tag","embeddable":true,"href":"https:\/\/milesiplanet.com\/fr\/wp-json\/wp\/v2\/product_tag?post=6711"}],"curies":[{"name":"wp","href":"https:\/\/api.w.org\/{rel}","templated":true}]}}