
{"id":6712,"date":"2020-02-27T11:36:55","date_gmt":"2020-02-27T10:36:55","guid":{"rendered":"http:\/\/milesiplanet.com\/?post_type=product&#038;p=6712"},"modified":"2023-09-25T16:03:16","modified_gmt":"2023-09-25T14:03:16","slug":"xhc1000x-serie-color-system","status":"publish","type":"product","link":"https:\/\/milesiplanet.com\/fr\/prodotto\/pour-exterieur\/pour-exterieur-impregnant\/pour-exterieur-impregnant-impregnant-a-leau\/xhc1000x-serie-color-system\/","title":{"rendered":"XHT1000x S\u00e9rie &#8211; Color System"},"content":{"rendered":"<p>Impr\u00e9gnations \u00e0 l&#8217;eau, r\u00e9sistance maximale au jaunissement.<\/p>\n","protected":false},"excerpt":{"rendered":"<p>Impr\u00e9gnations \u00e0 l&#8217;eau, r\u00e9sistance maximale au jaunissement.<\/p>\n","protected":false},"featured_media":0,"template":"","meta":{"_acf_changed":false},"product_brand":[],"product_cat":[330,331,332,698],"product_tag":[],"class_list":{"0":"post-6712","1":"product","2":"type-product","3":"status-publish","5":"product_cat-pour-exterieur","6":"product_cat-pour-exterieur-impregnant","7":"product_cat-pour-exterieur-impregnant-impregnant-a-leau","8":"product_cat-mvf-fr","10":"first","11":"instock","12":"shipping-taxable","13":"product-type-simple"},"acf":[],"_links":{"self":[{"href":"https:\/\/milesiplanet.com\/fr\/wp-json\/wp\/v2\/product\/6712","targetHints":{"allow":["GET"]}}],"collection":[{"href":"https:\/\/milesiplanet.com\/fr\/wp-json\/wp\/v2\/product"}],"about":[{"href":"https:\/\/milesiplanet.com\/fr\/wp-json\/wp\/v2\/types\/product"}],"wp:attachment":[{"href":"https:\/\/milesiplanet.com\/fr\/wp-json\/wp\/v2\/media?parent=6712"}],"wp:term":[{"taxonomy":"product_brand","embeddable":true,"href":"https:\/\/milesiplanet.com\/fr\/wp-json\/wp\/v2\/product_brand?post=6712"},{"taxonomy":"product_cat","embeddable":true,"href":"https:\/\/milesiplanet.com\/fr\/wp-json\/wp\/v2\/product_cat?post=6712"},{"taxonomy":"product_tag","embeddable":true,"href":"https:\/\/milesiplanet.com\/fr\/wp-json\/wp\/v2\/product_tag?post=6712"}],"curies":[{"name":"wp","href":"https:\/\/api.w.org\/{rel}","templated":true}]}}