
{"id":6714,"date":"2020-01-08T17:31:28","date_gmt":"2020-01-08T16:31:28","guid":{"rendered":"http:\/\/milesiplanet.com\/prodotto\/uncategorized\/xwc220x-serie-color-system\/"},"modified":"2023-09-27T10:32:39","modified_gmt":"2023-09-27T08:32:39","slug":"xwc220x-serie-color-system","status":"publish","type":"product","link":"https:\/\/milesiplanet.com\/fr\/prodotto\/pour-exterieur\/pour-exterieur-impregnant\/pour-exterieur-impregnant-impregnant-a-leau\/xwc220x-serie-color-system\/","title":{"rendered":"XWC220x S\u00e9rie &#8211; Color System"},"content":{"rendered":"<p>Impr\u00e9gnation \u00e0 eau avec de bonnes propri\u00e9t\u00e9s isolantes<\/p>\n","protected":false},"excerpt":{"rendered":"<p>Impr\u00e9gnation \u00e0 eau avec de bonnes propri\u00e9t\u00e9s isolantes<\/p>\n","protected":false},"featured_media":0,"template":"","meta":{"_acf_changed":false},"product_brand":[],"product_cat":[330,331,332,626],"product_tag":[],"class_list":{"0":"post-6714","1":"product","2":"type-product","3":"status-publish","5":"product_cat-pour-exterieur","6":"product_cat-pour-exterieur-impregnant","7":"product_cat-pour-exterieur-impregnant-impregnant-a-leau","8":"product_cat-africa-fr","10":"first","11":"instock","12":"shipping-taxable","13":"product-type-simple"},"acf":[],"_links":{"self":[{"href":"https:\/\/milesiplanet.com\/fr\/wp-json\/wp\/v2\/product\/6714","targetHints":{"allow":["GET"]}}],"collection":[{"href":"https:\/\/milesiplanet.com\/fr\/wp-json\/wp\/v2\/product"}],"about":[{"href":"https:\/\/milesiplanet.com\/fr\/wp-json\/wp\/v2\/types\/product"}],"wp:attachment":[{"href":"https:\/\/milesiplanet.com\/fr\/wp-json\/wp\/v2\/media?parent=6714"}],"wp:term":[{"taxonomy":"product_brand","embeddable":true,"href":"https:\/\/milesiplanet.com\/fr\/wp-json\/wp\/v2\/product_brand?post=6714"},{"taxonomy":"product_cat","embeddable":true,"href":"https:\/\/milesiplanet.com\/fr\/wp-json\/wp\/v2\/product_cat?post=6714"},{"taxonomy":"product_tag","embeddable":true,"href":"https:\/\/milesiplanet.com\/fr\/wp-json\/wp\/v2\/product_tag?post=6714"}],"curies":[{"name":"wp","href":"https:\/\/api.w.org\/{rel}","templated":true}]}}