
{"id":6715,"date":"2020-01-08T17:36:46","date_gmt":"2020-01-08T16:36:46","guid":{"rendered":"http:\/\/milesiplanet.com\/prodotto\/uncategorized\/xwc510x-serie-color-system\/"},"modified":"2023-09-25T16:06:28","modified_gmt":"2023-09-25T14:06:28","slug":"xwc510x-serie-color-system","status":"publish","type":"product","link":"https:\/\/milesiplanet.com\/fr\/prodotto\/pour-exterieur\/pour-exterieur-impregnant\/pour-exterieur-impregnant-impregnant-a-leau\/xwc510x-serie-color-system\/","title":{"rendered":"XWC510x S\u00e9rie &#8211; Color System"},"content":{"rendered":"<p>Impr\u00e9gnation hydro sp\u00e9cifique pour decking,t errasses , effet naturel et bonne r\u00e9sistance au pietinement, \u00e0 la salet\u00e9 (UNI 9300), aux liquides (UNI EN 12720), anti glissement (UNE 41901 Classe 3) et Green, conforne norme jouet EN71\/3. Class\u00e9 A+<\/p>\n","protected":false},"excerpt":{"rendered":"<p>Impr\u00e9gnation hydro sp\u00e9cifique pour decking,t errasses , effet naturel et bonne r\u00e9sistance au pietinement, \u00e0 la salet\u00e9 (UNI 9300), aux liquides (UNI EN 12720), anti glissement (UNE 41901 Classe 3) et Green, conforne norme jouet EN71\/3. Class\u00e9 A+<\/p>\n","protected":false},"featured_media":0,"template":"","meta":{"_acf_changed":false},"product_brand":[],"product_cat":[330,331,332,698],"product_tag":[],"class_list":{"0":"post-6715","1":"product","2":"type-product","3":"status-publish","5":"product_cat-pour-exterieur","6":"product_cat-pour-exterieur-impregnant","7":"product_cat-pour-exterieur-impregnant-impregnant-a-leau","8":"product_cat-mvf-fr","10":"first","11":"instock","12":"shipping-taxable","13":"product-type-simple"},"acf":[],"_links":{"self":[{"href":"https:\/\/milesiplanet.com\/fr\/wp-json\/wp\/v2\/product\/6715","targetHints":{"allow":["GET"]}}],"collection":[{"href":"https:\/\/milesiplanet.com\/fr\/wp-json\/wp\/v2\/product"}],"about":[{"href":"https:\/\/milesiplanet.com\/fr\/wp-json\/wp\/v2\/types\/product"}],"wp:attachment":[{"href":"https:\/\/milesiplanet.com\/fr\/wp-json\/wp\/v2\/media?parent=6715"}],"wp:term":[{"taxonomy":"product_brand","embeddable":true,"href":"https:\/\/milesiplanet.com\/fr\/wp-json\/wp\/v2\/product_brand?post=6715"},{"taxonomy":"product_cat","embeddable":true,"href":"https:\/\/milesiplanet.com\/fr\/wp-json\/wp\/v2\/product_cat?post=6715"},{"taxonomy":"product_tag","embeddable":true,"href":"https:\/\/milesiplanet.com\/fr\/wp-json\/wp\/v2\/product_tag?post=6715"}],"curies":[{"name":"wp","href":"https:\/\/api.w.org\/{rel}","templated":true}]}}