
{"id":6721,"date":"2020-01-08T17:24:31","date_gmt":"2020-01-08T16:24:31","guid":{"rendered":"http:\/\/milesiplanet.com\/prodotto\/uncategorized\/hgt2044x-serie-gloss-color-system\/"},"modified":"2023-09-25T15:28:31","modified_gmt":"2023-09-25T13:28:31","slug":"hgt2044x-serie-gloss-color-system","status":"publish","type":"product","link":"https:\/\/milesiplanet.com\/fr\/prodotto\/pour-interieur\/pour-interieur-finitions\/pour-interieur-finitions-finitions-a-leau\/hgt2044x-serie-gloss-color-system\/","title":{"rendered":"HGT2044x S\u00e9rie Gloss &#8211; Color System"},"content":{"rendered":"<p>Finitions \u00e0 l&#8217;eau sp\u00e9cifique pour application sur verre, excellente adh\u00e9rence sur verre. Certifi\u00e9 conforme norme jouet UNI EN 71\/3<\/p>\n","protected":false},"excerpt":{"rendered":"<p>Finitions \u00e0 l&#8217;eau sp\u00e9cifique pour application sur verre, excellente adh\u00e9rence sur verre. Certifi\u00e9 conforme norme jouet UNI EN 71\/3<\/p>\n","protected":false},"featured_media":0,"template":"","meta":{"_acf_changed":false},"product_brand":[],"product_cat":[339,340,341,656],"product_tag":[],"class_list":{"0":"post-6721","1":"product","2":"type-product","3":"status-publish","5":"product_cat-pour-interieur","6":"product_cat-pour-interieur-finitions","7":"product_cat-pour-interieur-finitions-finitions-a-leau","8":"product_cat-ii-fr","10":"first","11":"instock","12":"shipping-taxable","13":"product-type-simple"},"acf":[],"_links":{"self":[{"href":"https:\/\/milesiplanet.com\/fr\/wp-json\/wp\/v2\/product\/6721","targetHints":{"allow":["GET"]}}],"collection":[{"href":"https:\/\/milesiplanet.com\/fr\/wp-json\/wp\/v2\/product"}],"about":[{"href":"https:\/\/milesiplanet.com\/fr\/wp-json\/wp\/v2\/types\/product"}],"wp:attachment":[{"href":"https:\/\/milesiplanet.com\/fr\/wp-json\/wp\/v2\/media?parent=6721"}],"wp:term":[{"taxonomy":"product_brand","embeddable":true,"href":"https:\/\/milesiplanet.com\/fr\/wp-json\/wp\/v2\/product_brand?post=6721"},{"taxonomy":"product_cat","embeddable":true,"href":"https:\/\/milesiplanet.com\/fr\/wp-json\/wp\/v2\/product_cat?post=6721"},{"taxonomy":"product_tag","embeddable":true,"href":"https:\/\/milesiplanet.com\/fr\/wp-json\/wp\/v2\/product_tag?post=6721"}],"curies":[{"name":"wp","href":"https:\/\/api.w.org\/{rel}","templated":true}]}}