
{"id":6723,"date":"2020-01-08T17:15:26","date_gmt":"2020-01-08T16:15:26","guid":{"rendered":"http:\/\/milesiplanet.com\/prodotto\/uncategorized\/hgr635x-serie-gloss-color-system\/"},"modified":"2023-09-25T15:26:33","modified_gmt":"2023-09-25T13:26:33","slug":"hgr635x-serie-gloss-color-system","status":"publish","type":"product","link":"https:\/\/milesiplanet.com\/fr\/prodotto\/pour-interieur\/pour-interieur-finitions\/pour-interieur-finitions-finitions-a-leau\/hgr635x-serie-gloss-color-system\/","title":{"rendered":"HGR635x S\u00e9rie &#8211; Color System"},"content":{"rendered":"<p>Finitions \u00e0 l&#8217;eau bi-composants, meilleur r\u00e9sultat en r\u00e9sistance aux rayures (UNI EN 15186), excellente r\u00e9sistance aux taches (UNI EN 12720) et super pouvoir garnissant et uniformisant.<\/p>\n","protected":false},"excerpt":{"rendered":"<p>Finitions \u00e0 l&#8217;eau bi-composants, meilleur r\u00e9sultat en r\u00e9sistance aux rayures (UNI EN 15186), excellente r\u00e9sistance aux taches (UNI EN 12720) et super pouvoir garnissant et uniformisant.<\/p>\n","protected":false},"featured_media":0,"template":"","meta":{"_acf_changed":false},"product_brand":[],"product_cat":[339,340,341,698],"product_tag":[],"class_list":{"0":"post-6723","1":"product","2":"type-product","3":"status-publish","5":"product_cat-pour-interieur","6":"product_cat-pour-interieur-finitions","7":"product_cat-pour-interieur-finitions-finitions-a-leau","8":"product_cat-mvf-fr","10":"first","11":"instock","12":"shipping-taxable","13":"product-type-simple"},"acf":[],"_links":{"self":[{"href":"https:\/\/milesiplanet.com\/fr\/wp-json\/wp\/v2\/product\/6723","targetHints":{"allow":["GET"]}}],"collection":[{"href":"https:\/\/milesiplanet.com\/fr\/wp-json\/wp\/v2\/product"}],"about":[{"href":"https:\/\/milesiplanet.com\/fr\/wp-json\/wp\/v2\/types\/product"}],"wp:attachment":[{"href":"https:\/\/milesiplanet.com\/fr\/wp-json\/wp\/v2\/media?parent=6723"}],"wp:term":[{"taxonomy":"product_brand","embeddable":true,"href":"https:\/\/milesiplanet.com\/fr\/wp-json\/wp\/v2\/product_brand?post=6723"},{"taxonomy":"product_cat","embeddable":true,"href":"https:\/\/milesiplanet.com\/fr\/wp-json\/wp\/v2\/product_cat?post=6723"},{"taxonomy":"product_tag","embeddable":true,"href":"https:\/\/milesiplanet.com\/fr\/wp-json\/wp\/v2\/product_tag?post=6723"}],"curies":[{"name":"wp","href":"https:\/\/api.w.org\/{rel}","templated":true}]}}