
{"id":6724,"date":"2020-01-08T16:12:46","date_gmt":"2020-01-08T15:12:46","guid":{"rendered":"http:\/\/milesiplanet.com\/prodotto\/uncategorized\/kkr1x-serie-gloss-color-system\/"},"modified":"2023-09-25T15:22:31","modified_gmt":"2023-09-25T13:22:31","slug":"kkr1x-serie-gloss-color-system","status":"publish","type":"product","link":"https:\/\/milesiplanet.com\/fr\/prodotto\/pour-interieur\/pour-interieur-finitions\/pour-interieur-finition-finitions-en-polyurethane\/kkr1x-serie-gloss-color-system\/","title":{"rendered":"KKR1x S\u00e9rie Gloss- Color System"},"content":{"rendered":"<p>Finitions polyur\u00e9thanes d&#8217;utilisation g\u00e9nerique, class\u00e9es green: certifi\u00e9 20% de mati\u00e8res premi\u00e8res d&#8217;origine biosourc\u00e9 , GreenGuard, conforme norme jouet EN 71\/3<\/p>\n","protected":false},"excerpt":{"rendered":"<p>Finitions polyur\u00e9thanes d&#8217;utilisation g\u00e9nerique, class\u00e9es green: certifi\u00e9 20% de mati\u00e8res premi\u00e8res d&#8217;origine biosourc\u00e9 , GreenGuard, conforme norme jouet EN 71\/3<\/p>\n","protected":false},"featured_media":0,"template":"","meta":{"_acf_changed":false},"product_brand":[],"product_cat":[339,340,342,698],"product_tag":[],"class_list":{"0":"post-6724","1":"product","2":"type-product","3":"status-publish","5":"product_cat-pour-interieur","6":"product_cat-pour-interieur-finitions","7":"product_cat-pour-interieur-finition-finitions-en-polyurethane","8":"product_cat-mvf-fr","10":"first","11":"instock","12":"shipping-taxable","13":"product-type-simple"},"acf":[],"_links":{"self":[{"href":"https:\/\/milesiplanet.com\/fr\/wp-json\/wp\/v2\/product\/6724","targetHints":{"allow":["GET"]}}],"collection":[{"href":"https:\/\/milesiplanet.com\/fr\/wp-json\/wp\/v2\/product"}],"about":[{"href":"https:\/\/milesiplanet.com\/fr\/wp-json\/wp\/v2\/types\/product"}],"wp:attachment":[{"href":"https:\/\/milesiplanet.com\/fr\/wp-json\/wp\/v2\/media?parent=6724"}],"wp:term":[{"taxonomy":"product_brand","embeddable":true,"href":"https:\/\/milesiplanet.com\/fr\/wp-json\/wp\/v2\/product_brand?post=6724"},{"taxonomy":"product_cat","embeddable":true,"href":"https:\/\/milesiplanet.com\/fr\/wp-json\/wp\/v2\/product_cat?post=6724"},{"taxonomy":"product_tag","embeddable":true,"href":"https:\/\/milesiplanet.com\/fr\/wp-json\/wp\/v2\/product_tag?post=6724"}],"curies":[{"name":"wp","href":"https:\/\/api.w.org\/{rel}","templated":true}]}}