
{"id":6725,"date":"2020-01-14T16:23:41","date_gmt":"2020-01-14T15:23:41","guid":{"rendered":"http:\/\/milesiplanet.com\/prodotto\/uncategorized\/lkr215x-serie-gloss-color-system\/"},"modified":"2023-09-25T15:23:20","modified_gmt":"2023-09-25T13:23:20","slug":"lkr215x-serie-gloss-color-system","status":"publish","type":"product","link":"https:\/\/milesiplanet.com\/fr\/prodotto\/pour-interieur\/pour-interieur-finitions\/pour-interieur-finition-finitions-en-polyurethane\/lkr215x-serie-gloss-color-system\/","title":{"rendered":"LKR215x S\u00e9rie Gloss &#8211; Color System"},"content":{"rendered":"<p>Finitions polyur\u00e9thanes Bio-Paint et sans aromatiques, excellente r\u00e9sistance aux taches (UNI EN 1270). Green: Certifi\u00e9 Greenguard et conforme norme jouet EN71\/3 EN17\/3.<\/p>\n","protected":false},"excerpt":{"rendered":"<p>Finitions polyur\u00e9thanes Bio-Paint et sans aromatiques, excellente r\u00e9sistance aux taches (UNI EN 1270). Green: Certifi\u00e9 Greenguard et conforme norme jouet EN71\/3 EN17\/3.<\/p>\n","protected":false},"featured_media":0,"template":"","meta":{"_acf_changed":false},"product_brand":[],"product_cat":[339,340,342,698],"product_tag":[],"class_list":{"0":"post-6725","1":"product","2":"type-product","3":"status-publish","5":"product_cat-pour-interieur","6":"product_cat-pour-interieur-finitions","7":"product_cat-pour-interieur-finition-finitions-en-polyurethane","8":"product_cat-mvf-fr","10":"first","11":"instock","12":"shipping-taxable","13":"product-type-simple"},"acf":[],"_links":{"self":[{"href":"https:\/\/milesiplanet.com\/fr\/wp-json\/wp\/v2\/product\/6725","targetHints":{"allow":["GET"]}}],"collection":[{"href":"https:\/\/milesiplanet.com\/fr\/wp-json\/wp\/v2\/product"}],"about":[{"href":"https:\/\/milesiplanet.com\/fr\/wp-json\/wp\/v2\/types\/product"}],"wp:attachment":[{"href":"https:\/\/milesiplanet.com\/fr\/wp-json\/wp\/v2\/media?parent=6725"}],"wp:term":[{"taxonomy":"product_brand","embeddable":true,"href":"https:\/\/milesiplanet.com\/fr\/wp-json\/wp\/v2\/product_brand?post=6725"},{"taxonomy":"product_cat","embeddable":true,"href":"https:\/\/milesiplanet.com\/fr\/wp-json\/wp\/v2\/product_cat?post=6725"},{"taxonomy":"product_tag","embeddable":true,"href":"https:\/\/milesiplanet.com\/fr\/wp-json\/wp\/v2\/product_tag?post=6725"}],"curies":[{"name":"wp","href":"https:\/\/api.w.org\/{rel}","templated":true}]}}