
{"id":6727,"date":"2020-01-08T15:26:17","date_gmt":"2020-01-08T14:26:17","guid":{"rendered":"http:\/\/milesiplanet.com\/prodotto\/uncategorized\/lkr648x-serie-gloss-color-system\/"},"modified":"2023-09-25T15:31:24","modified_gmt":"2023-09-25T13:31:24","slug":"lkr648x-serie-gloss-color-system","status":"publish","type":"product","link":"https:\/\/milesiplanet.com\/fr\/prodotto\/pour-interieur\/pour-interieur-finitions\/pour-interieur-finition-finitions-en-polyurethane\/lkr648x-serie-gloss-color-system\/","title":{"rendered":"LKR648x S\u00e9rie Gloss &#8211; Color System"},"content":{"rendered":"<p>Finitions polyurethaniques \u00e0 hautes r\u00e9sistance \u00e0 la rayure (UNI EN 15186) , excellentes r\u00e9sistances au jaunissement (selon UNI EN 15187) et aux taches (selon UNI EN12720). Green: avec 25% de mati\u00e8res premi\u00e8res d&#8217;origine biosourc\u00e9 25%, Greenguard, conforme norme jouet EN71\/3.<\/p>\n","protected":false},"excerpt":{"rendered":"<p>Finitions polyurethaniques \u00e0 hautes r\u00e9sistance \u00e0 la rayure (UNI EN 15186) , excellentes r\u00e9sistances au jaunissement (selon UNI EN 15187) et aux taches (selon UNI EN12720). Green: avec 25% de mati\u00e8res premi\u00e8res d&#8217;origine biosourc\u00e9 25%, Greenguard, conforme norme jouet EN71\/3.<\/p>\n","protected":false},"featured_media":0,"template":"","meta":{"_acf_changed":false},"product_brand":[],"product_cat":[339,340,342,698],"product_tag":[],"class_list":{"0":"post-6727","1":"product","2":"type-product","3":"status-publish","5":"product_cat-pour-interieur","6":"product_cat-pour-interieur-finitions","7":"product_cat-pour-interieur-finition-finitions-en-polyurethane","8":"product_cat-mvf-fr","10":"first","11":"instock","12":"shipping-taxable","13":"product-type-simple"},"acf":[],"_links":{"self":[{"href":"https:\/\/milesiplanet.com\/fr\/wp-json\/wp\/v2\/product\/6727","targetHints":{"allow":["GET"]}}],"collection":[{"href":"https:\/\/milesiplanet.com\/fr\/wp-json\/wp\/v2\/product"}],"about":[{"href":"https:\/\/milesiplanet.com\/fr\/wp-json\/wp\/v2\/types\/product"}],"wp:attachment":[{"href":"https:\/\/milesiplanet.com\/fr\/wp-json\/wp\/v2\/media?parent=6727"}],"wp:term":[{"taxonomy":"product_brand","embeddable":true,"href":"https:\/\/milesiplanet.com\/fr\/wp-json\/wp\/v2\/product_brand?post=6727"},{"taxonomy":"product_cat","embeddable":true,"href":"https:\/\/milesiplanet.com\/fr\/wp-json\/wp\/v2\/product_cat?post=6727"},{"taxonomy":"product_tag","embeddable":true,"href":"https:\/\/milesiplanet.com\/fr\/wp-json\/wp\/v2\/product_tag?post=6727"}],"curies":[{"name":"wp","href":"https:\/\/api.w.org\/{rel}","templated":true}]}}