
{"id":6730,"date":"2020-01-08T17:21:14","date_gmt":"2020-01-08T16:21:14","guid":{"rendered":"http:\/\/milesiplanet.com\/prodotto\/uncategorized\/hkr11x-serie-color-system\/"},"modified":"2023-09-25T15:27:37","modified_gmt":"2023-09-25T13:27:37","slug":"hkr11x-serie-color-system","status":"publish","type":"product","link":"https:\/\/milesiplanet.com\/fr\/prodotto\/pour-interieur\/pour-interieur-finitions\/pour-interieur-finitions-finitions-a-leau\/hkr11x-serie-color-system\/","title":{"rendered":"HKR11x S\u00e9rie Gloss &#8211; Color System"},"content":{"rendered":"<p>Finitions \u00e0 l&#8217;eau bi-composants \u00e0 l&#8217;excellente facilit\u00e9 d&#8217;application, bonne douceur au toucher superficiel. Bonne r\u00e9sistance aux taches (UNI EN 12720) et \u00e0 la lumi\u00e8re (UNI EN 15187). Green et certifi\u00e9 conforme norme jouet EN 71\/3.<\/p>\n","protected":false},"excerpt":{"rendered":"<p>Finitions \u00e0 l&#8217;eau bi-composants \u00e0 l&#8217;excellente facilit\u00e9 d&#8217;application, bonne douceur au toucher superficiel. Bonne r\u00e9sistance aux taches (UNI EN 12720) et \u00e0 la lumi\u00e8re (UNI EN 15187). Green et certifi\u00e9 conforme norme jouet EN 71\/3.<\/p>\n","protected":false},"featured_media":0,"template":"","meta":{"_acf_changed":false},"product_brand":[],"product_cat":[339,340,341,698],"product_tag":[],"class_list":{"0":"post-6730","1":"product","2":"type-product","3":"status-publish","5":"product_cat-pour-interieur","6":"product_cat-pour-interieur-finitions","7":"product_cat-pour-interieur-finitions-finitions-a-leau","8":"product_cat-mvf-fr","10":"first","11":"instock","12":"shipping-taxable","13":"product-type-simple"},"acf":[],"_links":{"self":[{"href":"https:\/\/milesiplanet.com\/fr\/wp-json\/wp\/v2\/product\/6730","targetHints":{"allow":["GET"]}}],"collection":[{"href":"https:\/\/milesiplanet.com\/fr\/wp-json\/wp\/v2\/product"}],"about":[{"href":"https:\/\/milesiplanet.com\/fr\/wp-json\/wp\/v2\/types\/product"}],"wp:attachment":[{"href":"https:\/\/milesiplanet.com\/fr\/wp-json\/wp\/v2\/media?parent=6730"}],"wp:term":[{"taxonomy":"product_brand","embeddable":true,"href":"https:\/\/milesiplanet.com\/fr\/wp-json\/wp\/v2\/product_brand?post=6730"},{"taxonomy":"product_cat","embeddable":true,"href":"https:\/\/milesiplanet.com\/fr\/wp-json\/wp\/v2\/product_cat?post=6730"},{"taxonomy":"product_tag","embeddable":true,"href":"https:\/\/milesiplanet.com\/fr\/wp-json\/wp\/v2\/product_tag?post=6730"}],"curies":[{"name":"wp","href":"https:\/\/api.w.org\/{rel}","templated":true}]}}