
{"id":6731,"date":"2020-01-14T16:35:35","date_gmt":"2020-01-14T15:35:35","guid":{"rendered":"http:\/\/milesiplanet.com\/prodotto\/uncategorized\/khr1x-serie-color-system\/"},"modified":"2023-09-25T15:25:34","modified_gmt":"2023-09-25T13:25:34","slug":"khr1x-serie-color-system","status":"publish","type":"product","link":"https:\/\/milesiplanet.com\/fr\/prodotto\/pour-interieur\/pour-interieur-finitions\/pour-interieur-finition-finitions-en-polyurethane\/khr1x-serie-color-system\/","title":{"rendered":"KHR1x S\u00e9rie &#8211; Color System"},"content":{"rendered":"<p>Finitions polyur\u00e9thanes pour utilisation g\u00e9n\u00e9rale, \u00e0 l&#8217;excellente r\u00e9sistance \u00e0 la retention de salet\u00e9 (UNI9300). Green: certifi\u00e9 25% de mati\u00e8res premi\u00e8res d&#8217;origine biosourc\u00e9, Green guard, conforme norme jouet EN71\/3.<\/p>\n","protected":false},"excerpt":{"rendered":"<p>Finitions polyur\u00e9thanes pour utilisation g\u00e9n\u00e9rale, \u00e0 l&#8217;excellente r\u00e9sistance \u00e0 la retention de salet\u00e9 (UNI9300). Green: certifi\u00e9 25% de mati\u00e8res premi\u00e8res d&#8217;origine biosourc\u00e9, Green guard, conforme norme jouet EN71\/3.<\/p>\n","protected":false},"featured_media":0,"template":"","meta":{"_acf_changed":false},"product_brand":[],"product_cat":[339,340,342,656],"product_tag":[],"class_list":{"0":"post-6731","1":"product","2":"type-product","3":"status-publish","5":"product_cat-pour-interieur","6":"product_cat-pour-interieur-finitions","7":"product_cat-pour-interieur-finition-finitions-en-polyurethane","8":"product_cat-ii-fr","10":"first","11":"instock","12":"shipping-taxable","13":"product-type-simple"},"acf":[],"_links":{"self":[{"href":"https:\/\/milesiplanet.com\/fr\/wp-json\/wp\/v2\/product\/6731","targetHints":{"allow":["GET"]}}],"collection":[{"href":"https:\/\/milesiplanet.com\/fr\/wp-json\/wp\/v2\/product"}],"about":[{"href":"https:\/\/milesiplanet.com\/fr\/wp-json\/wp\/v2\/types\/product"}],"wp:attachment":[{"href":"https:\/\/milesiplanet.com\/fr\/wp-json\/wp\/v2\/media?parent=6731"}],"wp:term":[{"taxonomy":"product_brand","embeddable":true,"href":"https:\/\/milesiplanet.com\/fr\/wp-json\/wp\/v2\/product_brand?post=6731"},{"taxonomy":"product_cat","embeddable":true,"href":"https:\/\/milesiplanet.com\/fr\/wp-json\/wp\/v2\/product_cat?post=6731"},{"taxonomy":"product_tag","embeddable":true,"href":"https:\/\/milesiplanet.com\/fr\/wp-json\/wp\/v2\/product_tag?post=6731"}],"curies":[{"name":"wp","href":"https:\/\/api.w.org\/{rel}","templated":true}]}}