
{"id":6732,"date":"2020-01-14T16:32:26","date_gmt":"2020-01-14T15:32:26","guid":{"rendered":"http:\/\/milesiplanet.com\/prodotto\/uncategorized\/lhr2010x-serie-color-system\/"},"modified":"2023-09-25T15:30:33","modified_gmt":"2023-09-25T13:30:33","slug":"lhr2010x-serie-color-system","status":"publish","type":"product","link":"https:\/\/milesiplanet.com\/fr\/prodotto\/pour-interieur\/pour-interieur-finitions\/pour-interieur-finition-finitions-en-polyurethane\/lhr2010x-serie-color-system\/","title":{"rendered":"LHR2010x S\u00e9rie  &#8211; Color System"},"content":{"rendered":"<p>Finitions polyurethaniques qui permettent un excellent polissage, test\u00e9 r\u00e9sistant au jaucissement selon UNI EN15187 et \u00e0 la retention de salet\u00e9 (UNI9300), Green et certifi\u00e9 conforme norme jouet EN 71\/3<\/p>\n","protected":false},"excerpt":{"rendered":"<p>Finitions polyurethaniques qui permettent un excellent polissage, test\u00e9 r\u00e9sistant au jaucissement selon UNI EN15187 et \u00e0 la retention de salet\u00e9 (UNI9300), Green et certifi\u00e9 conforme norme jouet EN 71\/3<\/p>\n","protected":false},"featured_media":0,"template":"","meta":{"_acf_changed":false},"product_brand":[],"product_cat":[342,698,339,340],"product_tag":[],"class_list":{"0":"post-6732","1":"product","2":"type-product","3":"status-publish","5":"product_cat-pour-interieur-finition-finitions-en-polyurethane","6":"product_cat-mvf-fr","7":"product_cat-pour-interieur","8":"product_cat-pour-interieur-finitions","10":"first","11":"instock","12":"shipping-taxable","13":"product-type-simple"},"acf":[],"_links":{"self":[{"href":"https:\/\/milesiplanet.com\/fr\/wp-json\/wp\/v2\/product\/6732","targetHints":{"allow":["GET"]}}],"collection":[{"href":"https:\/\/milesiplanet.com\/fr\/wp-json\/wp\/v2\/product"}],"about":[{"href":"https:\/\/milesiplanet.com\/fr\/wp-json\/wp\/v2\/types\/product"}],"wp:attachment":[{"href":"https:\/\/milesiplanet.com\/fr\/wp-json\/wp\/v2\/media?parent=6732"}],"wp:term":[{"taxonomy":"product_brand","embeddable":true,"href":"https:\/\/milesiplanet.com\/fr\/wp-json\/wp\/v2\/product_brand?post=6732"},{"taxonomy":"product_cat","embeddable":true,"href":"https:\/\/milesiplanet.com\/fr\/wp-json\/wp\/v2\/product_cat?post=6732"},{"taxonomy":"product_tag","embeddable":true,"href":"https:\/\/milesiplanet.com\/fr\/wp-json\/wp\/v2\/product_tag?post=6732"}],"curies":[{"name":"wp","href":"https:\/\/api.w.org\/{rel}","templated":true}]}}