
{"id":6733,"date":"2020-02-23T21:47:20","date_gmt":"2020-02-23T20:47:20","guid":{"rendered":"http:\/\/milesiplanet.com\/prodotto\/uncategorized\/hmt3x-serie-couleur-2\/"},"modified":"2020-10-14T13:57:11","modified_gmt":"2020-10-14T11:57:11","slug":"hmt3x-serie-couleur-2","status":"publish","type":"product","link":"https:\/\/milesiplanet.com\/fr\/prodotto\/aree-fr\/mvf-fr\/hmt3x-serie-couleur-2\/","title":{"rendered":"HMT3x S\u00e9rie Couleur"},"content":{"rendered":"<p>P\u00e2tes \u00e0 teinter \u00e0 base d\u2019oxydes de fer<\/p>\n","protected":false},"excerpt":{"rendered":"<p>P\u00e2tes \u00e0 teinter \u00e0 base d\u2019oxydes de fer<\/p>\n","protected":false},"featured_media":0,"template":"","meta":{"_acf_changed":false},"product_brand":[],"product_cat":[698,346,347],"product_tag":[],"class_list":{"0":"post-6733","1":"product","2":"type-product","3":"status-publish","5":"product_cat-mvf-fr","6":"product_cat-pate","7":"product_cat-pate-pate-a-leau","9":"first","10":"instock","11":"shipping-taxable","12":"product-type-simple"},"acf":[],"_links":{"self":[{"href":"https:\/\/milesiplanet.com\/fr\/wp-json\/wp\/v2\/product\/6733","targetHints":{"allow":["GET"]}}],"collection":[{"href":"https:\/\/milesiplanet.com\/fr\/wp-json\/wp\/v2\/product"}],"about":[{"href":"https:\/\/milesiplanet.com\/fr\/wp-json\/wp\/v2\/types\/product"}],"wp:attachment":[{"href":"https:\/\/milesiplanet.com\/fr\/wp-json\/wp\/v2\/media?parent=6733"}],"wp:term":[{"taxonomy":"product_brand","embeddable":true,"href":"https:\/\/milesiplanet.com\/fr\/wp-json\/wp\/v2\/product_brand?post=6733"},{"taxonomy":"product_cat","embeddable":true,"href":"https:\/\/milesiplanet.com\/fr\/wp-json\/wp\/v2\/product_cat?post=6733"},{"taxonomy":"product_tag","embeddable":true,"href":"https:\/\/milesiplanet.com\/fr\/wp-json\/wp\/v2\/product_tag?post=6733"}],"curies":[{"name":"wp","href":"https:\/\/api.w.org\/{rel}","templated":true}]}}