
{"id":6735,"date":"2020-02-23T21:52:17","date_gmt":"2020-02-23T20:52:17","guid":{"rendered":"http:\/\/milesiplanet.com\/prodotto\/uncategorized\/kmt10x-serie-couleur\/"},"modified":"2020-03-04T17:26:29","modified_gmt":"2020-03-04T16:26:29","slug":"kmt10x-serie-couleur","status":"publish","type":"product","link":"https:\/\/milesiplanet.com\/fr\/prodotto\/pate\/pate-pate-a-base-de-solvant\/kmt10x-serie-couleur\/","title":{"rendered":"KMT10x S\u00e9rie Couleur"},"content":{"rendered":"<p>P\u00e2tes pigmentaires \u00e0 base de pigments concentr\u00e9s, con\u00e7ues pour obtenir des produits finis color\u00e9s par simple m\u00e9lange.<\/p>\n<p>&nbsp;<\/p>\n","protected":false},"excerpt":{"rendered":"<p>P\u00e2tes pigmentaires \u00e0 base de pigments concentr\u00e9s, con\u00e7ues pour obtenir des produits finis color\u00e9s par simple m\u00e9lange. &nbsp;<\/p>\n","protected":false},"featured_media":0,"template":"","meta":{"_acf_changed":false},"product_brand":[],"product_cat":[346,348,626],"product_tag":[],"class_list":{"0":"post-6735","1":"product","2":"type-product","3":"status-publish","5":"product_cat-pate","6":"product_cat-pate-pate-a-base-de-solvant","7":"product_cat-africa-fr","9":"first","10":"instock","11":"shipping-taxable","12":"product-type-simple"},"acf":[],"_links":{"self":[{"href":"https:\/\/milesiplanet.com\/fr\/wp-json\/wp\/v2\/product\/6735","targetHints":{"allow":["GET"]}}],"collection":[{"href":"https:\/\/milesiplanet.com\/fr\/wp-json\/wp\/v2\/product"}],"about":[{"href":"https:\/\/milesiplanet.com\/fr\/wp-json\/wp\/v2\/types\/product"}],"wp:attachment":[{"href":"https:\/\/milesiplanet.com\/fr\/wp-json\/wp\/v2\/media?parent=6735"}],"wp:term":[{"taxonomy":"product_brand","embeddable":true,"href":"https:\/\/milesiplanet.com\/fr\/wp-json\/wp\/v2\/product_brand?post=6735"},{"taxonomy":"product_cat","embeddable":true,"href":"https:\/\/milesiplanet.com\/fr\/wp-json\/wp\/v2\/product_cat?post=6735"},{"taxonomy":"product_tag","embeddable":true,"href":"https:\/\/milesiplanet.com\/fr\/wp-json\/wp\/v2\/product_tag?post=6735"}],"curies":[{"name":"wp","href":"https:\/\/api.w.org\/{rel}","templated":true}]}}