
{"id":8714,"date":"2020-07-09T15:17:47","date_gmt":"2020-07-09T13:17:47","guid":{"rendered":"http:\/\/milesiplanet.com\/?post_type=product&#038;p=8714"},"modified":"2023-09-25T16:21:25","modified_gmt":"2023-09-25T14:21:25","slug":"xbc5","status":"publish","type":"product","link":"https:\/\/milesiplanet.com\/fr\/prodotto\/solutions-dexterieur\/solutions-dexterieur-enduit\/fonds-a-base-deau\/xbc5\/","title":{"rendered":"XBC5"},"content":{"rendered":"<p>Fond hydro, \u00e0 l&#8217;excellente rapidit\u00e9 de s\u00e9chage et pouvoir isolant.<\/p>\n","protected":false},"excerpt":{"rendered":"<p>Fond hydro, \u00e0 l&#8217;excellente rapidit\u00e9 de s\u00e9chage et pouvoir isolant.<\/p>\n","protected":false},"featured_media":0,"template":"","meta":{"_acf_changed":false},"product_brand":[],"product_cat":[352,698,287,303],"product_tag":[],"class_list":{"0":"post-8714","1":"product","2":"type-product","3":"status-publish","5":"product_cat-solutions-dexterieur-enduit","6":"product_cat-mvf-fr","7":"product_cat-solutions-dexterieur","8":"product_cat-fonds-a-base-deau","10":"first","11":"instock","12":"shipping-taxable","13":"product-type-simple"},"acf":[],"_links":{"self":[{"href":"https:\/\/milesiplanet.com\/fr\/wp-json\/wp\/v2\/product\/8714","targetHints":{"allow":["GET"]}}],"collection":[{"href":"https:\/\/milesiplanet.com\/fr\/wp-json\/wp\/v2\/product"}],"about":[{"href":"https:\/\/milesiplanet.com\/fr\/wp-json\/wp\/v2\/types\/product"}],"wp:attachment":[{"href":"https:\/\/milesiplanet.com\/fr\/wp-json\/wp\/v2\/media?parent=8714"}],"wp:term":[{"taxonomy":"product_brand","embeddable":true,"href":"https:\/\/milesiplanet.com\/fr\/wp-json\/wp\/v2\/product_brand?post=8714"},{"taxonomy":"product_cat","embeddable":true,"href":"https:\/\/milesiplanet.com\/fr\/wp-json\/wp\/v2\/product_cat?post=8714"},{"taxonomy":"product_tag","embeddable":true,"href":"https:\/\/milesiplanet.com\/fr\/wp-json\/wp\/v2\/product_tag?post=8714"}],"curies":[{"name":"wp","href":"https:\/\/api.w.org\/{rel}","templated":true}]}}