
{"id":8733,"date":"2020-07-09T16:35:47","date_gmt":"2020-07-09T14:35:47","guid":{"rendered":"http:\/\/milesiplanet.com\/?post_type=product&#038;p=8733"},"modified":"2023-09-27T10:31:33","modified_gmt":"2023-09-27T08:31:33","slug":"xwc2a02","status":"publish","type":"product","link":"https:\/\/milesiplanet.com\/fr\/prodotto\/solutions-dexterieur\/solutions-dexterieur-impregnant\/solutions-dexterieur-impregnant-impregnant-a-leau\/xwc2a02\/","title":{"rendered":"XWC2A02"},"content":{"rendered":"<p><span style=\"color: #333333; font-family: georgia,palatino,serif; font-size: 10pt;\">Impr\u00e9gnation \u00e0 eau avec de bonnes propri\u00e9t\u00e9s isolantes<\/span><\/p>\n","protected":false},"excerpt":{"rendered":"<p>Impr\u00e9gnation \u00e0 eau avec de bonnes propri\u00e9t\u00e9s isolantes<\/p>\n","protected":false},"featured_media":0,"template":"","meta":{"_acf_changed":false},"product_brand":[],"product_cat":[287,312,313,698],"product_tag":[],"class_list":{"0":"post-8733","1":"product","2":"type-product","3":"status-publish","5":"product_cat-solutions-dexterieur","6":"product_cat-solutions-dexterieur-impregnant","7":"product_cat-solutions-dexterieur-impregnant-impregnant-a-leau","8":"product_cat-mvf-fr","10":"first","11":"instock","12":"shipping-taxable","13":"product-type-simple"},"acf":[],"_links":{"self":[{"href":"https:\/\/milesiplanet.com\/fr\/wp-json\/wp\/v2\/product\/8733","targetHints":{"allow":["GET"]}}],"collection":[{"href":"https:\/\/milesiplanet.com\/fr\/wp-json\/wp\/v2\/product"}],"about":[{"href":"https:\/\/milesiplanet.com\/fr\/wp-json\/wp\/v2\/types\/product"}],"wp:attachment":[{"href":"https:\/\/milesiplanet.com\/fr\/wp-json\/wp\/v2\/media?parent=8733"}],"wp:term":[{"taxonomy":"product_brand","embeddable":true,"href":"https:\/\/milesiplanet.com\/fr\/wp-json\/wp\/v2\/product_brand?post=8733"},{"taxonomy":"product_cat","embeddable":true,"href":"https:\/\/milesiplanet.com\/fr\/wp-json\/wp\/v2\/product_cat?post=8733"},{"taxonomy":"product_tag","embeddable":true,"href":"https:\/\/milesiplanet.com\/fr\/wp-json\/wp\/v2\/product_tag?post=8733"}],"curies":[{"name":"wp","href":"https:\/\/api.w.org\/{rel}","templated":true}]}}