
{"id":11170,"date":"2020-10-30T17:00:32","date_gmt":"2020-10-30T16:00:32","guid":{"rendered":"http:\/\/milesiplanet.com\/dostep\/haslo-zostalo-zapisane\/"},"modified":"2020-10-30T17:00:32","modified_gmt":"2020-10-30T16:00:32","slug":"haslo-zostalo-zapisane","status":"publish","type":"page","link":"https:\/\/milesiplanet.com\/pl\/dostep\/haslo-zostalo-zapisane\/","title":{"rendered":"Has\u0142o zosta\u0142o zapisane"},"content":{"rendered":"<p>Has\u0142o zosta\u0142o wygenerowane<br \/>\nPrzejd\u017a do <a href=\"https:\/\/milesiplanet.com\/pl\/dostep\/\">obszaru logowania<\/a><\/p>\n","protected":false},"excerpt":{"rendered":"<p>Has\u0142o zosta\u0142o wygenerowane Przejd\u017a do obszaru logowania<\/p>\n","protected":false},"author":1,"featured_media":0,"parent":73,"menu_order":3,"comment_status":"closed","ping_status":"closed","template":"resetmail.php","meta":{"_acf_changed":false,"footnotes":""},"class_list":["post-11170","page","type-page","status-publish","hentry"],"acf":[],"_links":{"self":[{"href":"https:\/\/milesiplanet.com\/pl\/wp-json\/wp\/v2\/pages\/11170","targetHints":{"allow":["GET"]}}],"collection":[{"href":"https:\/\/milesiplanet.com\/pl\/wp-json\/wp\/v2\/pages"}],"about":[{"href":"https:\/\/milesiplanet.com\/pl\/wp-json\/wp\/v2\/types\/page"}],"author":[{"embeddable":true,"href":"https:\/\/milesiplanet.com\/pl\/wp-json\/wp\/v2\/users\/1"}],"replies":[{"embeddable":true,"href":"https:\/\/milesiplanet.com\/pl\/wp-json\/wp\/v2\/comments?post=11170"}],"version-history":[{"count":0,"href":"https:\/\/milesiplanet.com\/pl\/wp-json\/wp\/v2\/pages\/11170\/revisions"}],"up":[{"embeddable":true,"href":"https:\/\/milesiplanet.com\/pl\/wp-json\/wp\/v2\/pages\/73"}],"wp:attachment":[{"href":"https:\/\/milesiplanet.com\/pl\/wp-json\/wp\/v2\/media?parent=11170"}],"curies":[{"name":"wp","href":"https:\/\/api.w.org\/{rel}","templated":true}]}}