
{"id":21,"date":"2019-12-12T15:23:07","date_gmt":"2019-12-12T14:23:07","guid":{"rendered":"http:\/\/milesiplanet.com?page_id=21"},"modified":"2020-10-30T10:58:24","modified_gmt":"2020-10-30T09:58:24","slug":"produkty","status":"publish","type":"page","link":"https:\/\/milesiplanet.com\/pl\/system-barwienia-milesi\/produkty\/","title":{"rendered":"Produkty"},"content":{"rendered":"<p>Produkty i dost\u0119pne serie po\u0142yskowo\u015bci, kt\u00f3re mog\u0105 by\u0107 wykonane w po\u017c\u0105danych kolorach stosuj\u0105c System Tintometryczny, mog\u0105 by\u0107 oznaczone terminem &#8220;System Koloru&#8221;.<br \/>\nPasty s\u0105 tworzone przy u\u017cyciu pigment\u00f3w spe\u0142niaj\u0105cych norm\u0119 EN71\/3.<\/p>\n<p>&nbsp;<\/p>\n<p><strong>Kolory<\/strong><\/p>\n<p>Kolory produkowane przy u\u017cyciu produkt\u00f3w &#8220;System Koloru&#8221; i odpowiednich past maj\u0105 gwarantowan\u0105 stabilno\u015b\u0107\u00a0 koloru w masie przez co najmniej 4 miesi\u0105ce (maksymalnie 0,5 delta E).<\/p>\n<p>&nbsp;<\/p>\n<p>Pigmentowane lakiery, tworzone na bazie zar\u00f3wno pigmentowalnych lakier\u00f3w wielowarstwowych jak i nawierzchniowych, z wydajno\u015bci\u0105 tintometryczn\u0105 nie wymagaj\u0105 korygowania; te tworzone na bazie pigmentowalnych podk\u0142ad\u00f3w nienale\u017c\u0105cych do systemu tintometrycznego nie maj\u0105 wydajno\u015bci tintometrycznej, tu dok\u0142adno\u015b\u0107 koloru i powtarzalno\u015b\u0107 w czasie nie s\u0105 zazwyczaj tak istotne jak w przypadku wyko\u0144cze\u0144, dlatego mog\u0105 one wymaga\u0107 \u00a0dopracowania zgodnie z po\u017c\u0105danym poziomem dok\u0142adno\u015bci.<\/p>\n<p>&nbsp;<\/p>\n<p>Kolory barwione i p\u00f3\u0142przezroczyste musz\u0105 by\u0107 skalibrowane zgodnie z zastosowanym pod\u0142o\u017cem.<\/p>\n","protected":false},"excerpt":{"rendered":"<p>Produkty i dost\u0119pne serie po\u0142yskowo\u015bci, kt\u00f3re mog\u0105 by\u0107 wykonane w po\u017c\u0105danych kolorach stosuj\u0105c System Tintometryczny, mog\u0105 by\u0107 oznaczone terminem &#8220;System Koloru&#8221;. Pasty s\u0105 tworzone przy u\u017cyciu pigment\u00f3w spe\u0142niaj\u0105cych norm\u0119 EN71\/3. &nbsp; Kolory Kolory produkowane przy u\u017cyciu produkt\u00f3w &#8220;System Koloru&#8221; i odpowiednich past maj\u0105 gwarantowan\u0105 stabilno\u015b\u0107\u00a0 koloru w masie przez co najmniej 4 miesi\u0105ce (maksymalnie 0,5 [&hellip;]<\/p>\n","protected":false},"author":1,"featured_media":0,"parent":235,"menu_order":84,"comment_status":"closed","ping_status":"closed","template":"prodotti.php","meta":{"_acf_changed":false,"footnotes":""},"class_list":["post-21","page","type-page","status-publish","hentry"],"acf":[],"_links":{"self":[{"href":"https:\/\/milesiplanet.com\/pl\/wp-json\/wp\/v2\/pages\/21","targetHints":{"allow":["GET"]}}],"collection":[{"href":"https:\/\/milesiplanet.com\/pl\/wp-json\/wp\/v2\/pages"}],"about":[{"href":"https:\/\/milesiplanet.com\/pl\/wp-json\/wp\/v2\/types\/page"}],"author":[{"embeddable":true,"href":"https:\/\/milesiplanet.com\/pl\/wp-json\/wp\/v2\/users\/1"}],"replies":[{"embeddable":true,"href":"https:\/\/milesiplanet.com\/pl\/wp-json\/wp\/v2\/comments?post=21"}],"version-history":[{"count":0,"href":"https:\/\/milesiplanet.com\/pl\/wp-json\/wp\/v2\/pages\/21\/revisions"}],"up":[{"embeddable":true,"href":"https:\/\/milesiplanet.com\/pl\/wp-json\/wp\/v2\/pages\/235"}],"wp:attachment":[{"href":"https:\/\/milesiplanet.com\/pl\/wp-json\/wp\/v2\/media?parent=21"}],"curies":[{"name":"wp","href":"https:\/\/api.w.org\/{rel}","templated":true}]}}