
{"id":5375,"date":"2020-02-13T17:09:56","date_gmt":"2020-02-13T16:09:56","guid":{"rendered":"http:\/\/milesiplanet.com\/?page_id=5375"},"modified":"2020-04-08T16:32:20","modified_gmt":"2020-04-08T14:32:20","slug":"prezentacja","status":"publish","type":"page","link":"https:\/\/milesiplanet.com\/pl\/system-barwienia-milesi\/prezentacja\/","title":{"rendered":"Prezentacja"},"content":{"rendered":"<p><strong>Milesi<\/strong> prezentuje najnowsz\u0105 wersj\u0119 Systemu Tintometrycznego, kt\u00f3ry daje mo\u017cliwo\u015b\u0107 szybkiej i \u0142atwej produkcji wybranego koloru, pigmentowanego, p\u00f3\u0142kryj\u0105cego lub barwionego,\u00a0 w szerokiej gamie produkt\u00f3w do zastosowania wewn\u0105trz i na zewn\u0105trz, zar\u00f3wno w wersji rozcie\u0144czalnikowej jak i wodnej, kompatybilnej ze wszystkimi metodami aplikacji oraz dost\u0119pnych w r\u00f3\u017cnych wielko\u015bciach konfekcji. System Tintometryczny to nast\u0119puj\u0105ce <strong>zalety<\/strong>:<\/p>\n<ul>\n<li>\n<h3><strong>Skr\u00f3cenie czasu przeznaczonego na opracowanie receptury koloru<\/strong><\/h3>\n<p>Do produkcji koloru potrzebujesz jego receptury lub stworzenia jej w nast\u0119puj\u0105cy spos\u00f3b:<\/p>\n<ul>\n<li style=\"list-style-type: none;\">\n<ul style=\"list-style-type: circle;\">\n<li>je\u015bli stosujesz spektrofotometr, mo\u017cliwy jest odczyt koloru oraz zapisanie tych\u017ce danych<\/li>\n<li>je\u015bli nie stosujesz spektrofotometru, musisz zwr\u00f3ci\u0107 uwag\u0119 na ilo\u015bci poszczeg\u00f3lnych produkt\u00f3w u\u017cytych podczas doboru koloru. W tym celu przydatnym mo\u017ce by\u0107 u\u017cycie formu\u0142y podobnego koloru jako punktu wyj\u015bcia.<\/li>\n<\/ul>\n<\/li>\n<\/ul>\n<\/li>\n<\/ul>\n<p>Przyjmuje si\u0119, \u017ce im wi\u0119ksz\u0105 ilo\u015b\u0107 receptur posiadasz, mniej czasu zajmuje ich tworzenie.<\/p>\n<p><strong>Maj\u0105c do dyspozycji ponad 15.000 receptur kolor\u00f3w dla bardzo szerokiej gamy produkt\u00f3w, nasz System Tintometryczny sprawia, \u017ce potrzeba utworzenia unikalnych receptur zdarza si\u0119 niezwykle rzadko.<\/strong><\/p>\n<ul>\n<li>\n<h3><strong>Skr\u00f3cenie czasu przeznaczonego na produkcj\u0119 kolor\u00f3w<\/strong><\/h3>\n<p>Lakiery wielowarstwowe i nawierzchniowe Systemu Tintometrycznego charakteryzuj\u0105 si\u0119 wydajno\u015bci\u0105 tintometryczn\u0105;<\/p>\n<p>Oznacza to, \u017ce ka\u017cda receptura koloru jest gwarantowana sta\u0142\u0105 i powtarzaln\u0105 zmienn\u0105 delt\u0105 E pomi\u0119dzy r\u00f3\u017cnymi produkcjami, kt\u00f3ra wynosi maksymalnie 0,4 dla kolor\u00f3w pastelowych i 0,8 dla kolor\u00f3w ciemnych. Oznacza to, \u017ce nie ma potrzeby korygowania koloru.<\/p>\n<p>Kolory odtworzone w r\u00f3\u017cnym czasie przy u\u017cyciu produkt\u00f3w nieposiadaj\u0105cych wydajno\u015bci tintometrycznej, stwarzaj\u0105 wysokie ryzyko wyst\u0105pienia r\u00f3\u017cnych odcieni. Nawet je\u015bli s\u0105 one produkowane w oparciu o t\u0119 sam\u0105 formu\u0142\u0119, musz\u0105 zosta\u0107 skorygowane.<\/li>\n<li><strong>Redukcja odpad\u00f3w produkcyjnych<\/strong>\n<p>Aby dobra\u0107 kolor, nale\u017cy doda\u0107 bazowy produkt i pasty. W trakcie tego procesu ilo\u015b\u0107 produktu ko\u0144cowego \u0142atwo przekracza t\u0119 zamierzon\u0105, co powoduje powstawanie odpad\u00f3w produkcyjnych.<\/p>\n<p>Unikni\u0119cie takich strat jest kolejn\u0105 zalet\u0105 zastosowania produkt\u00f3w o wydajno\u015bci tintometrycznej.<\/p>\n<p>&nbsp;<\/li>\n<\/ul>\n<p>Czynno\u015bci, kt\u00f3re nale\u017cy wykona\u0107, aby uzyska\u0107 \u017c\u0105dany kolor, zosta\u0142y zaprezentowane w odpowiednim video tutorialu.<\/p>\n<p>&nbsp;<\/p>\n","protected":false},"excerpt":{"rendered":"<p>Milesi prezentuje najnowsz\u0105 wersj\u0119 Systemu Tintometrycznego, kt\u00f3ry daje mo\u017cliwo\u015b\u0107 szybkiej i \u0142atwej produkcji wybranego koloru, pigmentowanego, p\u00f3\u0142kryj\u0105cego lub barwionego,\u00a0 w szerokiej gamie produkt\u00f3w do zastosowania wewn\u0105trz i na zewn\u0105trz, zar\u00f3wno w wersji rozcie\u0144czalnikowej jak i wodnej, kompatybilnej ze wszystkimi metodami aplikacji oraz dost\u0119pnych w r\u00f3\u017cnych wielko\u015bciach konfekcji. System Tintometryczny to nast\u0119puj\u0105ce zalety: Skr\u00f3cenie czasu przeznaczonego [&hellip;]<\/p>\n","protected":false},"author":1,"featured_media":5102,"parent":235,"menu_order":69,"comment_status":"closed","ping_status":"closed","template":"presentazione.php","meta":{"_acf_changed":false,"footnotes":""},"class_list":["post-5375","page","type-page","status-publish","has-post-thumbnail","hentry"],"acf":[],"_links":{"self":[{"href":"https:\/\/milesiplanet.com\/pl\/wp-json\/wp\/v2\/pages\/5375","targetHints":{"allow":["GET"]}}],"collection":[{"href":"https:\/\/milesiplanet.com\/pl\/wp-json\/wp\/v2\/pages"}],"about":[{"href":"https:\/\/milesiplanet.com\/pl\/wp-json\/wp\/v2\/types\/page"}],"author":[{"embeddable":true,"href":"https:\/\/milesiplanet.com\/pl\/wp-json\/wp\/v2\/users\/1"}],"replies":[{"embeddable":true,"href":"https:\/\/milesiplanet.com\/pl\/wp-json\/wp\/v2\/comments?post=5375"}],"version-history":[{"count":0,"href":"https:\/\/milesiplanet.com\/pl\/wp-json\/wp\/v2\/pages\/5375\/revisions"}],"up":[{"embeddable":true,"href":"https:\/\/milesiplanet.com\/pl\/wp-json\/wp\/v2\/pages\/235"}],"wp:featuredmedia":[{"embeddable":true,"href":"https:\/\/milesiplanet.com\/pl\/wp-json\/wp\/v2\/media\/5102"}],"wp:attachment":[{"href":"https:\/\/milesiplanet.com\/pl\/wp-json\/wp\/v2\/media?parent=5375"}],"curies":[{"name":"wp","href":"https:\/\/api.w.org\/{rel}","templated":true}]}}