
{"id":5401,"date":"2020-01-03T11:06:16","date_gmt":"2020-01-03T10:06:16","guid":{"rendered":"http:\/\/milesiplanet.com\/system-barwienia-milesi\/cartelle-colori\/"},"modified":"2020-11-02T11:42:34","modified_gmt":"2020-11-02T10:42:34","slug":"karta-kolorow","status":"publish","type":"page","link":"https:\/\/milesiplanet.com\/pl\/system-barwienia-milesi\/karta-kolorow\/","title":{"rendered":"Karta Kolor\u00f3w"},"content":{"rendered":"<p>Karty kolorystyczne dystrybuowane w\u015br\u00f3d Dystrybutor\u00f3w stosuj\u0105cych System Tintometryczny:<\/p>\n<ul>\n<li><strong>wzorniki NCS 980 oraz RAL K7 dla kolor\u00f3w pigmentowanych<\/strong><\/li>\n<li><strong>MILESI COLLECTION dla barwionych i p\u00f3\u0142kryj\u0105cych kolor\u00f3w <\/strong><\/li>\n<\/ul>\n<pre id=\"tw-target-text\" class=\"tw-data-text tw-text-large tw-ta\" dir=\"ltr\" data-placeholder=\"Traduzione\"><span lang=\"pl\" style=\"font-family: georgia, palatino, serif;\">Wszystkie kolory, kt\u00f3rych formu\u0142a jest dost\u0119pna w EasyColor, s\u0105 r\u00f3wnie\u017c widoczne w samym oprogramowaniu<\/span><\/pre>\n","protected":false},"excerpt":{"rendered":"<p>Karty kolorystyczne dystrybuowane w\u015br\u00f3d Dystrybutor\u00f3w stosuj\u0105cych System Tintometryczny: wzorniki NCS 980 oraz RAL K7 dla kolor\u00f3w pigmentowanych MILESI COLLECTION dla barwionych i p\u00f3\u0142kryj\u0105cych kolor\u00f3w Wszystkie kolory, kt\u00f3rych formu\u0142a jest dost\u0119pna w EasyColor, s\u0105 r\u00f3wnie\u017c widoczne w samym oprogramowaniu<\/p>\n","protected":false},"author":1,"featured_media":0,"parent":235,"menu_order":45,"comment_status":"closed","ping_status":"closed","template":"cartella-colore.php","meta":{"_acf_changed":false,"footnotes":""},"class_list":["post-5401","page","type-page","status-publish","hentry"],"acf":[],"_links":{"self":[{"href":"https:\/\/milesiplanet.com\/pl\/wp-json\/wp\/v2\/pages\/5401","targetHints":{"allow":["GET"]}}],"collection":[{"href":"https:\/\/milesiplanet.com\/pl\/wp-json\/wp\/v2\/pages"}],"about":[{"href":"https:\/\/milesiplanet.com\/pl\/wp-json\/wp\/v2\/types\/page"}],"author":[{"embeddable":true,"href":"https:\/\/milesiplanet.com\/pl\/wp-json\/wp\/v2\/users\/1"}],"replies":[{"embeddable":true,"href":"https:\/\/milesiplanet.com\/pl\/wp-json\/wp\/v2\/comments?post=5401"}],"version-history":[{"count":0,"href":"https:\/\/milesiplanet.com\/pl\/wp-json\/wp\/v2\/pages\/5401\/revisions"}],"up":[{"embeddable":true,"href":"https:\/\/milesiplanet.com\/pl\/wp-json\/wp\/v2\/pages\/235"}],"wp:attachment":[{"href":"https:\/\/milesiplanet.com\/pl\/wp-json\/wp\/v2\/media?parent=5401"}],"curies":[{"name":"wp","href":"https:\/\/api.w.org\/{rel}","templated":true}]}}