
{"id":5410,"date":"2020-02-17T14:15:29","date_gmt":"2020-02-17T13:15:29","guid":{"rendered":"http:\/\/milesiplanet.com\/?page_id=5410"},"modified":"2020-09-04T14:07:46","modified_gmt":"2020-09-04T12:07:46","slug":"oprogramowanie-milesi-easycolor","status":"publish","type":"page","link":"https:\/\/milesiplanet.com\/pl\/system-barwienia-milesi\/oprogramowanie-milesi-easycolor\/","title":{"rendered":"Oprogramowanie milesi easycolor"},"content":{"rendered":"<p>W obr\u0119bie gamy produkt\u00f3w \u201cSystem Koloru\u201d, urz\u0105dzenie daje mo\u017cliwo\u015b\u0107:<\/p>\n<ul>\n<li>dost\u0119pu do receptur Milesi<\/li>\n<li>zapisywania specyficznych receptur kolor\u00f3w<\/li>\n<li>wychodz\u0105c od powy\u017cszych receptur, mo\u017cliwo\u015b\u0107 wyprodukowania wybranego koloru w kilku prostych krokach<\/li>\n<li>tworzenia i drukowania odpowiednich etykiet<\/li>\n<\/ul>\n<p>Oprogramowanie jest udost\u0119pniane Dystrybutorom na zasadzie licencji zapisanej na no\u015bniku USB. Musi by\u0107 zainstalowane na komputerze PC o minimalnych wymaganiach systemowych standardowo oferowanych na rynku (*) ostatnich 10 lat, posiadaj\u0105cych has\u0142o dost\u0119pu Administratora.<\/p>\n<p>Aktualizacje mog\u0105 by\u0107 instalowane automatycznie post\u0119puj\u0105c zgodnie z prostymi instrukcjami.<\/p>\n<p>Oprogramowanie umo\u017cliwia generowanie etykiet oraz kart charakterystyki dla wszystkich produkt\u00f3w, dla kt\u00f3rych zapisane s\u0105 receptury.<\/p>\n<ul>\n<li>Oprogramowanie dost\u0119pne jest w wersji Smart, dla u\u017cytkownik\u00f3w nieposiadaj\u0105cych spektrofotometru, oraz w wersji Advance, kt\u00f3ra mo\u017ce by\u0107 po\u0142\u0105czona ze spektrofotometrem.<\/li>\n<li>Receptury Milesi oferowane przez Data Color s\u0105:\n<ul>\n<li>dla podk\u0142ad\u00f3w, lakier\u00f3w wielowarstwowych oraz nawierzchniowych pigmentowanych do wn\u0119trz i na zewn\u0105trz: w wersji Smart, dla 1950 kolor\u00f3w wzornik\u00f3w NCS oraz 213 kolor\u00f3w z wzornika RAL K7; w wersji Advance, dodatkowo, dla 1,625 kolor\u00f3w RAL Design i 1,729 kolor\u00f3w wzornika Pantone Coating, jak r\u00f3wnie\u017c 11,000 odpowiednik\u00f3w najpopularniejszych wzornik\u00f3w w bran\u017cy dekoracyjnej<\/li>\n<li>dla barwionych oraz p\u00f3\u0142kryj\u0105cych impregnat\u00f3w i lakier\u00f3w nawierzchniowych zewn\u0119trznych, znajduj\u0105cych si\u0119 w katalogu Milesi Collection<\/li>\n<\/ul>\n<\/li>\n<\/ul>\n<p>Dystrybutor ma mo\u017cliwo\u015b\u0107 zarejestrowania receptur uzyskanych kolor\u00f3w w systemie Easy Color.<\/p>\n<p>&nbsp;<\/p>\n<p><span style=\"font-size: 8pt;\"><em>(*) <span lang=\"pl\">Wymagania PC: System operacyjny Windows 10 i nowsze wersje z 32 i \/ lub 64 BIT, Procesor od 2 GHz, Pami\u0119\u0107 RAM od 4 GB, Wolne miejsce na dysku od 500 MB, Pami\u0119\u0107 karty graficznej od 256 M, .Net Framework 3.5, .Net Framework 4.5, zalecana rozdzielczo\u015b\u0107 wideo WXGA 1280 \u00d7 768 pikseli i g\u0142\u0119bia kolor\u00f3w TRUECOLOR 24 BIT lub wy\u017csza<\/span><\/em><\/span><\/p>\n","protected":false},"excerpt":{"rendered":"<p>W obr\u0119bie gamy produkt\u00f3w \u201cSystem Koloru\u201d, urz\u0105dzenie daje mo\u017cliwo\u015b\u0107: dost\u0119pu do receptur Milesi zapisywania specyficznych receptur kolor\u00f3w wychodz\u0105c od powy\u017cszych receptur, mo\u017cliwo\u015b\u0107 wyprodukowania wybranego koloru w kilku prostych krokach tworzenia i drukowania odpowiednich etykiet Oprogramowanie jest udost\u0119pniane Dystrybutorom na zasadzie licencji zapisanej na no\u015bniku USB. Musi by\u0107 zainstalowane na komputerze PC o minimalnych wymaganiach systemowych [&hellip;]<\/p>\n","protected":false},"author":1,"featured_media":2645,"parent":235,"menu_order":99,"comment_status":"closed","ping_status":"closed","template":"software.php","meta":{"_acf_changed":false,"footnotes":""},"class_list":["post-5410","page","type-page","status-publish","has-post-thumbnail","hentry"],"acf":[],"_links":{"self":[{"href":"https:\/\/milesiplanet.com\/pl\/wp-json\/wp\/v2\/pages\/5410","targetHints":{"allow":["GET"]}}],"collection":[{"href":"https:\/\/milesiplanet.com\/pl\/wp-json\/wp\/v2\/pages"}],"about":[{"href":"https:\/\/milesiplanet.com\/pl\/wp-json\/wp\/v2\/types\/page"}],"author":[{"embeddable":true,"href":"https:\/\/milesiplanet.com\/pl\/wp-json\/wp\/v2\/users\/1"}],"replies":[{"embeddable":true,"href":"https:\/\/milesiplanet.com\/pl\/wp-json\/wp\/v2\/comments?post=5410"}],"version-history":[{"count":0,"href":"https:\/\/milesiplanet.com\/pl\/wp-json\/wp\/v2\/pages\/5410\/revisions"}],"up":[{"embeddable":true,"href":"https:\/\/milesiplanet.com\/pl\/wp-json\/wp\/v2\/pages\/235"}],"wp:featuredmedia":[{"embeddable":true,"href":"https:\/\/milesiplanet.com\/pl\/wp-json\/wp\/v2\/media\/2645"}],"wp:attachment":[{"href":"https:\/\/milesiplanet.com\/pl\/wp-json\/wp\/v2\/media?parent=5410"}],"curies":[{"name":"wp","href":"https:\/\/api.w.org\/{rel}","templated":true}]}}