
{"id":5412,"date":"2020-02-17T14:33:06","date_gmt":"2020-02-17T13:33:06","guid":{"rendered":"http:\/\/milesiplanet.com\/?page_id=5412"},"modified":"2020-09-07T10:03:36","modified_gmt":"2020-09-07T08:03:36","slug":"narzedzia","status":"publish","type":"page","link":"https:\/\/milesiplanet.com\/pl\/system-barwienia-milesi\/narzedzia\/","title":{"rendered":"Narz\u0119dzia"},"content":{"rendered":"<p>Opr\u00f3cz produkt\u00f3w, kart kolor\u00f3w i oprogramowania EasyColor, system barwienia Milesi zapewnia:<\/p>\n<p>&nbsp;<\/p>\n<p><strong>SPEKTROFOTOMETR <\/strong><em>(opcjonalnie)<\/em><\/p>\n<p>Przydatny do znalezienia receptury okre\u015blonych kolor\u00f3w bez konieczno\u015bci r\u0119cznego doboru receptury w chwili barwienia produktu.<\/p>\n<p>Data Color jest jedynym spektrofotometrem, w pe\u0142ni kompatybilnym z oprogramowaniem Milesi Easy Color.<\/p>\n<p>&nbsp;<\/p>\n<p><strong>WAGA <\/strong><em>(opcjonalnie)<\/em><\/p>\n<p>Niezb\u0119dny element tylko wtedy, gdy dozownik nie jest dost\u0119pny, aby zmierzy\u0107 ilo\u015bci produkt\u00f3w i past do wykonania danego koloru, a nast\u0119pnie zarejestrowa\u0107 receptur\u0119. Nale\u017cy wybra\u0107 wag\u0119 o dok\u0142adno\u015bci wa\u017cenia wynosz\u0105cej co najmniej jedn\u0105 dziesi\u0105t\u0105 grama.<\/p>\n<p>&nbsp;<\/p>\n<p><strong>MIESZAD\u0141O DO PAST <\/strong><em>(opcjonalnie)<\/em><\/p>\n<p>Jego zastosowanie jest zalecane w celu zachowania jednorodno\u015bci past, gdy nie ma dost\u0119pnego dozownika.<\/p>\n<p>&nbsp;<\/p>\n<p><strong>DOZOWNIK <\/strong><em>(opcjonalnie)<\/em><\/p>\n<p>Zalecany w celu przyspieszenia czasu przygotowania kolor\u00f3w. Mo\u017cna wybra\u0107 zar\u00f3wno dozownik grawimetryczny jak i wolumetryczny.<\/p>\n<p>&nbsp;<\/p>\n<p><strong>MIESZAD\u0141O DO PRODUKTU KO\u0143COWEGO<\/strong><\/p>\n<p>Jest to niezb\u0119dne narz\u0119dzie do prawid\u0142owego wymieszania produktu bazowego z pastami w celu uzyskania jednorodnego koloru.\u00a0 Mo\u017cna wybra\u0107 mieszad\u0142o \u017cyroskopowe lub mieszad\u0142o z osi\u0105 pionow\u0105.<\/p>\n","protected":false},"excerpt":{"rendered":"<p>Opr\u00f3cz produkt\u00f3w, kart kolor\u00f3w i oprogramowania EasyColor, system barwienia Milesi zapewnia: &nbsp; SPEKTROFOTOMETR (opcjonalnie) Przydatny do znalezienia receptury okre\u015blonych kolor\u00f3w bez konieczno\u015bci r\u0119cznego doboru receptury w chwili barwienia produktu. Data Color jest jedynym spektrofotometrem, w pe\u0142ni kompatybilnym z oprogramowaniem Milesi Easy Color. &nbsp; WAGA (opcjonalnie) Niezb\u0119dny element tylko wtedy, gdy dozownik nie jest dost\u0119pny, aby [&hellip;]<\/p>\n","protected":false},"author":1,"featured_media":5282,"parent":235,"menu_order":113,"comment_status":"closed","ping_status":"closed","template":"presentazione.php","meta":{"_acf_changed":false,"footnotes":""},"class_list":["post-5412","page","type-page","status-publish","has-post-thumbnail","hentry"],"acf":[],"_links":{"self":[{"href":"https:\/\/milesiplanet.com\/pl\/wp-json\/wp\/v2\/pages\/5412","targetHints":{"allow":["GET"]}}],"collection":[{"href":"https:\/\/milesiplanet.com\/pl\/wp-json\/wp\/v2\/pages"}],"about":[{"href":"https:\/\/milesiplanet.com\/pl\/wp-json\/wp\/v2\/types\/page"}],"author":[{"embeddable":true,"href":"https:\/\/milesiplanet.com\/pl\/wp-json\/wp\/v2\/users\/1"}],"replies":[{"embeddable":true,"href":"https:\/\/milesiplanet.com\/pl\/wp-json\/wp\/v2\/comments?post=5412"}],"version-history":[{"count":0,"href":"https:\/\/milesiplanet.com\/pl\/wp-json\/wp\/v2\/pages\/5412\/revisions"}],"up":[{"embeddable":true,"href":"https:\/\/milesiplanet.com\/pl\/wp-json\/wp\/v2\/pages\/235"}],"wp:featuredmedia":[{"embeddable":true,"href":"https:\/\/milesiplanet.com\/pl\/wp-json\/wp\/v2\/media\/5282"}],"wp:attachment":[{"href":"https:\/\/milesiplanet.com\/pl\/wp-json\/wp\/v2\/media?parent=5412"}],"curies":[{"name":"wp","href":"https:\/\/api.w.org\/{rel}","templated":true}]}}