
{"id":5702,"date":"2020-01-14T17:04:22","date_gmt":"2020-01-14T16:04:22","guid":{"rendered":"http:\/\/milesiplanet.com\/milesi-gallery\/per-lei\/"},"modified":"2020-10-30T15:48:19","modified_gmt":"2020-10-30T14:48:19","slug":"dla-ciebie","status":"publish","type":"page","link":"https:\/\/milesiplanet.com\/pl\/milesi-gallery\/dla-ciebie\/","title":{"rendered":"Dla ciebie"},"content":{"rendered":"<p><strong>Tutaj znajdziesz narz\u0119dzia Milesi,kt\u00f3re pomog\u0105 Ci promowa\u0107 Twoj\u0105 ofert\u0119.<\/strong><\/p>\n<p>&nbsp;<\/p>\n\n\t\t<style type=\"text\/css\">\n\t\t\t#gallery-1 {\n\t\t\t\tmargin: auto;\n\t\t\t}\n\t\t\t#gallery-1 .gallery-item {\n\t\t\t\tfloat: left;\n\t\t\t\tmargin-top: 10px;\n\t\t\t\ttext-align: center;\n\t\t\t\twidth: 33%;\n\t\t\t}\n\t\t\t#gallery-1 img {\n\t\t\t\tborder: 2px solid #cfcfcf;\n\t\t\t}\n\t\t\t#gallery-1 .gallery-caption {\n\t\t\t\tmargin-left: 0;\n\t\t\t}\n\t\t\t\/* see gallery_shortcode() in wp-includes\/media.php *\/\n\t\t<\/style>\n\t\t<div id='gallery-1' class='gallery galleryid-5702 gallery-columns-3 gallery-size-large'><dl class='gallery-item'>\n\t\t\t<dt class='gallery-icon portrait'>\n\t\t\t\t<img loading=\"lazy\" decoding=\"async\" width=\"492\" height=\"696\" src=\"https:\/\/milesiplanet.com\/wp-content\/uploads\/2020\/10\/IVP-Brochure-Milesi-Sistema-Tintometrico_copertina.jpg\" class=\"attachment-large size-large\" alt=\"\" aria-describedby=\"gallery-1-11117\" srcset=\"https:\/\/milesiplanet.com\/wp-content\/uploads\/2020\/10\/IVP-Brochure-Milesi-Sistema-Tintometrico_copertina.jpg 492w, https:\/\/milesiplanet.com\/wp-content\/uploads\/2020\/10\/IVP-Brochure-Milesi-Sistema-Tintometrico_copertina-212x300.jpg 212w\" sizes=\"auto, (max-width: 492px) 100vw, 492px\" \/>\n\t\t\t<\/dt>\n\t\t\t\t<dd class='wp-caption-text gallery-caption' id='gallery-1-11117'>\n\t\t\t\tBroszura System Tintometryczny\n\t\t\t\t<\/dd><\/dl>\n\t\t\t<br style='clear: both' \/>\n\t\t<\/div>\n\n<p>&nbsp;<\/p>\n\n\t\t<style type=\"text\/css\">\n\t\t\t#gallery-2 {\n\t\t\t\tmargin: auto;\n\t\t\t}\n\t\t\t#gallery-2 .gallery-item {\n\t\t\t\tfloat: left;\n\t\t\t\tmargin-top: 10px;\n\t\t\t\ttext-align: center;\n\t\t\t\twidth: 33%;\n\t\t\t}\n\t\t\t#gallery-2 img {\n\t\t\t\tborder: 2px solid #cfcfcf;\n\t\t\t}\n\t\t\t#gallery-2 .gallery-caption {\n\t\t\t\tmargin-left: 0;\n\t\t\t}\n\t\t\t\/* see gallery_shortcode() in wp-includes\/media.php *\/\n\t\t<\/style>\n\t\t<div id='gallery-2' class='gallery galleryid-5702 gallery-columns-3 gallery-size-medium'><dl class='gallery-item'>\n\t\t\t<dt class='gallery-icon landscape'>\n\t\t\t\t<img loading=\"lazy\" decoding=\"async\" width=\"300\" height=\"225\" src=\"https:\/\/milesiplanet.com\/wp-content\/uploads\/2020\/01\/mazzetta-scaled-1-300x225.jpg\" class=\"attachment-medium size-medium\" alt=\"\" aria-describedby=\"gallery-2-5129\" srcset=\"https:\/\/milesiplanet.com\/wp-content\/uploads\/2020\/01\/mazzetta-scaled-1-300x225.jpg 300w, https:\/\/milesiplanet.com\/wp-content\/uploads\/2020\/01\/mazzetta-scaled-1-1024x768.jpg 1024w, https:\/\/milesiplanet.com\/wp-content\/uploads\/2020\/01\/mazzetta-scaled-1-768x576.jpg 768w, https:\/\/milesiplanet.com\/wp-content\/uploads\/2020\/01\/mazzetta-scaled-1-1536x1152.jpg 1536w, https:\/\/milesiplanet.com\/wp-content\/uploads\/2020\/01\/mazzetta-scaled-1-600x450.jpg 600w, https:\/\/milesiplanet.com\/wp-content\/uploads\/2020\/01\/mazzetta-scaled-1.jpg 1600w\" sizes=\"auto, (max-width: 300px) 100vw, 300px\" \/>\n\t\t\t<\/dt>\n\t\t\t\t<dd class='wp-caption-text gallery-caption' id='gallery-2-5129'>\n\t\t\t\tMilesi Collection wzornik kolor\u00f3w impregnat\u00f3w\n\t\t\t\t<\/dd><\/dl><dl class='gallery-item'>\n\t\t\t<dt class='gallery-icon landscape'>\n\t\t\t\t<img loading=\"lazy\" decoding=\"async\" width=\"300\" height=\"225\" src=\"https:\/\/milesiplanet.com\/wp-content\/uploads\/2020\/01\/NCS-980-1-300x225.jpg\" class=\"attachment-medium size-medium\" alt=\"\" aria-describedby=\"gallery-2-5136\" srcset=\"https:\/\/milesiplanet.com\/wp-content\/uploads\/2020\/01\/NCS-980-1-300x225.jpg 300w, https:\/\/milesiplanet.com\/wp-content\/uploads\/2020\/01\/NCS-980-1-1024x768.jpg 1024w, https:\/\/milesiplanet.com\/wp-content\/uploads\/2020\/01\/NCS-980-1-768x576.jpg 768w, https:\/\/milesiplanet.com\/wp-content\/uploads\/2020\/01\/NCS-980-1-1536x1152.jpg 1536w, https:\/\/milesiplanet.com\/wp-content\/uploads\/2020\/01\/NCS-980-1-600x450.jpg 600w, https:\/\/milesiplanet.com\/wp-content\/uploads\/2020\/01\/NCS-980-1.jpg 1600w\" sizes=\"auto, (max-width: 300px) 100vw, 300px\" \/>\n\t\t\t<\/dt>\n\t\t\t\t<dd class='wp-caption-text gallery-caption' id='gallery-2-5136'>\n\t\t\t\tWzornik NCS 980\n\t\t\t\t<\/dd><\/dl><dl class='gallery-item'>\n\t\t\t<dt class='gallery-icon landscape'>\n\t\t\t\t<img loading=\"lazy\" decoding=\"async\" width=\"300\" height=\"225\" src=\"https:\/\/milesiplanet.com\/wp-content\/uploads\/2020\/01\/RAL-K7-scaled-1-300x225.jpg\" class=\"attachment-medium size-medium\" alt=\"\" aria-describedby=\"gallery-2-5122\" srcset=\"https:\/\/milesiplanet.com\/wp-content\/uploads\/2020\/01\/RAL-K7-scaled-1-300x225.jpg 300w, https:\/\/milesiplanet.com\/wp-content\/uploads\/2020\/01\/RAL-K7-scaled-1-1024x768.jpg 1024w, https:\/\/milesiplanet.com\/wp-content\/uploads\/2020\/01\/RAL-K7-scaled-1-768x576.jpg 768w, https:\/\/milesiplanet.com\/wp-content\/uploads\/2020\/01\/RAL-K7-scaled-1-1536x1152.jpg 1536w, https:\/\/milesiplanet.com\/wp-content\/uploads\/2020\/01\/RAL-K7-scaled-1-600x450.jpg 600w, https:\/\/milesiplanet.com\/wp-content\/uploads\/2020\/01\/RAL-K7-scaled-1.jpg 1600w\" sizes=\"auto, (max-width: 300px) 100vw, 300px\" \/>\n\t\t\t<\/dt>\n\t\t\t\t<dd class='wp-caption-text gallery-caption' id='gallery-2-5122'>\n\t\t\t\tWzornik RAL K7\n\t\t\t\t<\/dd><\/dl><br style=\"clear: both\" \/>\n\t\t<\/div>\n\n\n\t\t<style type=\"text\/css\">\n\t\t\t#gallery-3 {\n\t\t\t\tmargin: auto;\n\t\t\t}\n\t\t\t#gallery-3 .gallery-item {\n\t\t\t\tfloat: left;\n\t\t\t\tmargin-top: 10px;\n\t\t\t\ttext-align: center;\n\t\t\t\twidth: 33%;\n\t\t\t}\n\t\t\t#gallery-3 img {\n\t\t\t\tborder: 2px solid #cfcfcf;\n\t\t\t}\n\t\t\t#gallery-3 .gallery-caption {\n\t\t\t\tmargin-left: 0;\n\t\t\t}\n\t\t\t\/* see gallery_shortcode() in wp-includes\/media.php *\/\n\t\t<\/style>\n\t\t<div id='gallery-3' class='gallery galleryid-5702 gallery-columns-3 gallery-size-full'><dl class='gallery-item'>\n\t\t\t<dt class='gallery-icon portrait'>\n\t\t\t\t<img loading=\"lazy\" decoding=\"async\" width=\"1920\" height=\"2560\" src=\"https:\/\/milesiplanet.com\/wp-content\/uploads\/2020\/01\/espositore-bca.jpg\" class=\"attachment-full size-full\" alt=\"espositore bca\" aria-describedby=\"gallery-3-4919\" \/>\n\t\t\t<\/dt>\n\t\t\t\t<dd class='wp-caption-text gallery-caption' id='gallery-3-4919'>\n\t\t\t\tEkspozytor BCA\n\t\t\t\t<\/dd><\/dl>\n\t\t\t<br style='clear: both' \/>\n\t\t<\/div>\n\n<p><span style=\"font-size: 10pt;\"><em>Skontaktuj si\u0119 z przedstawicielem Milesi, aby zam\u00f3wi\u0107 papierow\u0105 wersj\u0119 broszur oraz materia\u0142y.<\/em><\/span><\/p>\n<p>&nbsp;<\/p>\n","protected":false},"excerpt":{"rendered":"<p>Tutaj znajdziesz narz\u0119dzia Milesi,kt\u00f3re pomog\u0105 Ci promowa\u0107 Twoj\u0105 ofert\u0119. &nbsp; &nbsp; Skontaktuj si\u0119 z przedstawicielem Milesi, aby zam\u00f3wi\u0107 papierow\u0105 wersj\u0119 broszur oraz materia\u0142y. &nbsp;<\/p>\n","protected":false},"author":1,"featured_media":0,"parent":5697,"menu_order":118,"comment_status":"closed","ping_status":"closed","template":"gallery.php","meta":{"_acf_changed":false,"footnotes":""},"class_list":["post-5702","page","type-page","status-publish","hentry"],"acf":[],"_links":{"self":[{"href":"https:\/\/milesiplanet.com\/pl\/wp-json\/wp\/v2\/pages\/5702","targetHints":{"allow":["GET"]}}],"collection":[{"href":"https:\/\/milesiplanet.com\/pl\/wp-json\/wp\/v2\/pages"}],"about":[{"href":"https:\/\/milesiplanet.com\/pl\/wp-json\/wp\/v2\/types\/page"}],"author":[{"embeddable":true,"href":"https:\/\/milesiplanet.com\/pl\/wp-json\/wp\/v2\/users\/1"}],"replies":[{"embeddable":true,"href":"https:\/\/milesiplanet.com\/pl\/wp-json\/wp\/v2\/comments?post=5702"}],"version-history":[{"count":0,"href":"https:\/\/milesiplanet.com\/pl\/wp-json\/wp\/v2\/pages\/5702\/revisions"}],"up":[{"embeddable":true,"href":"https:\/\/milesiplanet.com\/pl\/wp-json\/wp\/v2\/pages\/5697"}],"wp:attachment":[{"href":"https:\/\/milesiplanet.com\/pl\/wp-json\/wp\/v2\/media?parent=5702"}],"curies":[{"name":"wp","href":"https:\/\/api.w.org\/{rel}","templated":true}]}}