
{"id":5726,"date":"2020-02-24T22:32:07","date_gmt":"2020-02-24T21:32:07","guid":{"rendered":"http:\/\/milesiplanet.com\/system-barwienia-milesi\/cartelle-colori\/lakier-nawierzchniowy\/"},"modified":"2020-09-07T12:55:00","modified_gmt":"2020-09-07T10:55:00","slug":"lakier-nawierzchniowy","status":"publish","type":"page","link":"https:\/\/milesiplanet.com\/pl\/system-barwienia-milesi\/karta-kolorow\/lakier-nawierzchniowy\/","title":{"rendered":"Lakier nawierzchniowy"},"content":{"rendered":"<p>Tabela przedstawia wszystkie mo\u017cliwe kombinacje kolorystyczne mo\u017cliwe do uzyskania po aplikacji barwionego lakieru nawierzchniowego nabarwiony impregnat.<\/p>\n<p><img loading=\"lazy\" decoding=\"async\" class=\"alignnone wp-image-10214 size-large\" src=\"https:\/\/milesiplanet.com\/wp-content\/uploads\/2020\/09\/IVP-Brochure-Milesi-Esterni_tabella-1007x1024.jpg\" alt=\"\" width=\"1007\" height=\"1024\" srcset=\"https:\/\/milesiplanet.com\/wp-content\/uploads\/2020\/09\/IVP-Brochure-Milesi-Esterni_tabella-1007x1024.jpg 1007w, https:\/\/milesiplanet.com\/wp-content\/uploads\/2020\/09\/IVP-Brochure-Milesi-Esterni_tabella-295x300.jpg 295w, https:\/\/milesiplanet.com\/wp-content\/uploads\/2020\/09\/IVP-Brochure-Milesi-Esterni_tabella-768x781.jpg 768w, https:\/\/milesiplanet.com\/wp-content\/uploads\/2020\/09\/IVP-Brochure-Milesi-Esterni_tabella-1510x1536.jpg 1510w, https:\/\/milesiplanet.com\/wp-content\/uploads\/2020\/09\/IVP-Brochure-Milesi-Esterni_tabella-2013x2048.jpg 2013w, https:\/\/milesiplanet.com\/wp-content\/uploads\/2020\/09\/IVP-Brochure-Milesi-Esterni_tabella-600x610.jpg 600w\" sizes=\"auto, (max-width: 1007px) 100vw, 1007px\" \/><\/p>\n<p>&nbsp;<\/p>\n<p>Kolory s\u0105 prezentowane na so\u015bnie.<\/p>\n<p>&nbsp;<\/p>\n","protected":false},"excerpt":{"rendered":"<p>Tabela przedstawia wszystkie mo\u017cliwe kombinacje kolorystyczne mo\u017cliwe do uzyskania po aplikacji barwionego lakieru nawierzchniowego nabarwiony impregnat. &nbsp; Kolory s\u0105 prezentowane na so\u015bnie. &nbsp;<\/p>\n","protected":false},"author":1,"featured_media":0,"parent":5401,"menu_order":57,"comment_status":"closed","ping_status":"closed","template":"cartella-colore.php","meta":{"_acf_changed":false,"footnotes":""},"class_list":["post-5726","page","type-page","status-publish","hentry"],"acf":[],"_links":{"self":[{"href":"https:\/\/milesiplanet.com\/pl\/wp-json\/wp\/v2\/pages\/5726","targetHints":{"allow":["GET"]}}],"collection":[{"href":"https:\/\/milesiplanet.com\/pl\/wp-json\/wp\/v2\/pages"}],"about":[{"href":"https:\/\/milesiplanet.com\/pl\/wp-json\/wp\/v2\/types\/page"}],"author":[{"embeddable":true,"href":"https:\/\/milesiplanet.com\/pl\/wp-json\/wp\/v2\/users\/1"}],"replies":[{"embeddable":true,"href":"https:\/\/milesiplanet.com\/pl\/wp-json\/wp\/v2\/comments?post=5726"}],"version-history":[{"count":0,"href":"https:\/\/milesiplanet.com\/pl\/wp-json\/wp\/v2\/pages\/5726\/revisions"}],"up":[{"embeddable":true,"href":"https:\/\/milesiplanet.com\/pl\/wp-json\/wp\/v2\/pages\/5401"}],"wp:attachment":[{"href":"https:\/\/milesiplanet.com\/pl\/wp-json\/wp\/v2\/media?parent=5726"}],"curies":[{"name":"wp","href":"https:\/\/api.w.org\/{rel}","templated":true}]}}