
{"id":5740,"date":"2020-02-24T22:40:01","date_gmt":"2020-02-24T21:40:01","guid":{"rendered":"http:\/\/milesiplanet.com\/rozwiazania-zewnetrzne\/"},"modified":"2020-04-08T16:54:55","modified_gmt":"2020-04-08T14:54:55","slug":"rozwiazania-zewnetrzne","status":"publish","type":"page","link":"https:\/\/milesiplanet.com\/pl\/rozwiazania-zewnetrzne\/","title":{"rendered":"Rozwi\u0105zania zewn\u0119trzne"},"content":{"rendered":"<p>Wodorozcie\u0144czalne i rozcie\u0144czalnikowe rozwi\u0105zania <strong>Milesi<\/strong>, specyficzne dla drewna stosowanego na zewn\u0105trz, podkre\u015blaj\u0105 jego pi\u0119kno oraz gwarantuj\u0105 jego ochron\u0119 i trwa\u0142o\u015b\u0107:<\/p>\n<ul>\n<li>zapobiegaj\u0105 rozwojowi grzyb\u00f3w i ple\u015bni oraz zapobiegaj\u0105 zagro\u017ceniu bakteriami oraz owadami, kt\u00f3re mog\u0142yby go uszkodzi\u0107 i naruszy\u0107 jego stabilno\u015b\u0107 strukturaln\u0105,<\/li>\n<li>czyni\u0105 go odpornym na warunki atmosferyczne nawet w najbardziej ekstremalnych warunkach ekspozycji,<\/li>\n<li>chroni\u0105 je przed szkodliwym dzia\u0142aniem promieni UV.<\/li>\n<\/ul>\n<p>S\u0105 one idealne do wszystkich rodzaj\u00f3w drewna powszechnie stosowanych na zewn\u0105trz i nadaj\u0105 si\u0119 do najr\u00f3\u017cniejszych cykli lakierniczych oraz wszystkich system\u00f3w aplikacji.<\/p>\n<p>Produkty s\u0105 dost\u0119pne w r\u00f3\u017cnych konfekcjach.<\/p>\n","protected":false},"excerpt":{"rendered":"<p>Wodorozcie\u0144czalne i rozcie\u0144czalnikowe rozwi\u0105zania Milesi, specyficzne dla drewna stosowanego na zewn\u0105trz, podkre\u015blaj\u0105 jego pi\u0119kno oraz gwarantuj\u0105 jego ochron\u0119 i trwa\u0142o\u015b\u0107: zapobiegaj\u0105 rozwojowi grzyb\u00f3w i ple\u015bni oraz zapobiegaj\u0105 zagro\u017ceniu bakteriami oraz owadami, kt\u00f3re mog\u0142yby go uszkodzi\u0107 i naruszy\u0107 jego stabilno\u015b\u0107 strukturaln\u0105, czyni\u0105 go odpornym na warunki atmosferyczne nawet w najbardziej ekstremalnych warunkach ekspozycji, chroni\u0105 je przed [&hellip;]<\/p>\n","protected":false},"author":1,"featured_media":0,"parent":0,"menu_order":168,"comment_status":"closed","ping_status":"closed","template":"esterni.php","meta":{"_acf_changed":false,"footnotes":""},"class_list":["post-5740","page","type-page","status-publish","hentry"],"acf":[],"_links":{"self":[{"href":"https:\/\/milesiplanet.com\/pl\/wp-json\/wp\/v2\/pages\/5740","targetHints":{"allow":["GET"]}}],"collection":[{"href":"https:\/\/milesiplanet.com\/pl\/wp-json\/wp\/v2\/pages"}],"about":[{"href":"https:\/\/milesiplanet.com\/pl\/wp-json\/wp\/v2\/types\/page"}],"author":[{"embeddable":true,"href":"https:\/\/milesiplanet.com\/pl\/wp-json\/wp\/v2\/users\/1"}],"replies":[{"embeddable":true,"href":"https:\/\/milesiplanet.com\/pl\/wp-json\/wp\/v2\/comments?post=5740"}],"version-history":[{"count":0,"href":"https:\/\/milesiplanet.com\/pl\/wp-json\/wp\/v2\/pages\/5740\/revisions"}],"wp:attachment":[{"href":"https:\/\/milesiplanet.com\/pl\/wp-json\/wp\/v2\/media?parent=5740"}],"curies":[{"name":"wp","href":"https:\/\/api.w.org\/{rel}","templated":true}]}}