
{"id":5744,"date":"2020-02-24T22:40:24","date_gmt":"2020-02-24T21:40:24","guid":{"rendered":"http:\/\/milesiplanet.com\/ogolne-warunki-sprzedazy\/"},"modified":"2020-09-04T11:16:51","modified_gmt":"2020-09-04T09:16:51","slug":"ogolne-warunki-sprzedazy","status":"publish","type":"page","link":"https:\/\/milesiplanet.com\/pl\/ogolne-warunki-sprzedazy\/","title":{"rendered":"Og\u00f3lne warunki sprzeda\u017cy"},"content":{"rendered":"<p><a id=\"a1\"><\/a><strong>Postanowienia Og\u00f3lne:<\/strong><\/p>\n<p>Niniejsze Og\u00f3lne Warunki Sprzeda\u017cy (dalej jako: <strong>\u201e<u>OWS<\/u>\u201d<\/strong>) znajduj\u0105 zastosowanie do wszystkich um\u00f3w handlowych zawieranych przez IVM Chemicals sp\u00f3\u0142ka z ograniczon\u0105 odpowiedzialno\u015bci\u0105 z siedzib\u0105 przy ul. Pa\u0144skiej 98\/101, 00-837 Warszawa, wpisan\u0105 do rejestru przedsi\u0119biorc\u00f3w Krajowego Rejestru S\u0105dowego prowadzonego przez S\u0105d Rejonowy dla m.st. Warszawy, pod nr KRS nr 0000301911 jako sprzedawc\u0105 (dalej jako: <strong>\u201e<u>IVM<\/u>\u201d<\/strong>).<\/p>\n<p>Postanowienia OWS mog\u0105 zosta\u0107 wy\u0142\u0105czone jedynie na podstawie pisemnej zgody IVM.<\/p>\n<p>OWS mog\u0105 by\u0107 dowolnie zmieniane przez IVM i b\u0119d\u0105 obowi\u0105zywa\u0142y do zam\u00f3wie\u0144 z\u0142o\u017conych po dniu wej\u015bcia w \u017cycie zmienionych OWS. IVM powiadomi Kupuj\u0105cych o dokonanej zmianie OWS poprzez publikacj\u0119 zaktualizowanych OWS na stronie internetowej www.ivmchemicals.pl oraz drog\u0105 elektroniczn\u0105.<\/p>\n<p>Sk\u0142adaj\u0105c zam\u00f3wienie do IVM, w jakiejkolwiek formie, Kupuj\u0105cy o\u015bwiadcza, \u017ce \u200b\u200bakceptuje tre\u015b\u0107 OWS.<\/p>\n<p>OWS nie maj\u0105 zastosowania do um\u00f3w zawieranych z konsumentami.<\/p>\n<p>W przypadku rozbie\u017cno\u015bci pomi\u0119dzy tre\u015bci\u0105 OWS a tre\u015bci\u0105 oferty handlowej b\u0105d\u017a umowy ramowej zawartej pomi\u0119dzy IVM a Klientem, pierwsze\u0144stwo maj\u0105 postanowienia oferty handlowej b\u0105d\u017a umowy ramowej przed postanowieniami OWS.<\/p>\n<p>&nbsp;<\/p>\n<p><strong><a id=\"a2\"><\/a>Zawarcie Umowy:<\/strong><\/p>\n<p>Zam\u00f3wienie z\u0142o\u017cone przez Kupuj\u0105cego stanowi ostateczn\u0105 i nieodwo\u0142aln\u0105 ofert\u0119 zawarcia umowy.<\/p>\n<p>IVM zastrzega sobie prawo do przyj\u0119cia lub odrzucenia, wedle w\u0142asnego uznania, zam\u00f3wienia z\u0142o\u017conego przez Kupuj\u0105cego.<\/p>\n<p>W przypadku zam\u00f3wienia z\u0142o\u017conego za po\u015brednictwem agent\u00f3w lub innych po\u015brednik\u00f3w IVM, umowa jest uwa\u017cana za zawart\u0105 dopiero po akceptacji IVM.<\/p>\n<p>Zam\u00f3wienia mo\u017cna przesy\u0142a\u0107 poczt\u0105 elektroniczn\u0105 lub faksem do Biura Obs\u0142ugi Klienta, zgodnie z danymi podanymi przy pierwszym zam\u00f3wieniu.<\/p>\n<p>&nbsp;<\/p>\n<p><strong><a id=\"a3\"><\/a>Cena<\/strong><\/p>\n<p>Cena:<\/p>\n<ul>\n<li>odnosi si\u0119 do ceny za kg lub litr produktu w wybranym opakowaniu;<\/li>\n<li>nie zawiera podatku VAT ani \u017cadnych innych podatk\u00f3w i ce\u0142;<\/li>\n<li>mo\u017ce podlega\u0107 zmianom dokonanym przez IVM w dowolnym momencie, po powiadomieniu Kupuj\u0105cego przez IVM o zmianie ceny wybranego produktu.<\/li>\n<\/ul>\n<p>Ostateczn\u0105 cen\u0105 produktu wskazan\u0105 na fakturze jest cena obowi\u0105zuj\u0105ca w momencie przyj\u0119cia zam\u00f3wienia przez IVM. W przypadku zmiany ceny produktu pomi\u0119dzy z\u0142o\u017ceniem zam\u00f3wienia przez Kupuj\u0105cego a akceptacj\u0105 zam\u00f3wienia przez IVM, Kupuj\u0105cy mo\u017ce zrezygnowa\u0107 z zam\u00f3wienia, informuj\u0105c o tym IVM.<\/p>\n<p>Wszelkie dodatkowe koszty i wydatki zwi\u0105zane ze sprzeda\u017c\u0105 i realizacj\u0105 zam\u00f3wienia ponosi Kupuj\u0105cy, o ile wcze\u015bniej nie uzgodniono inaczej.<\/p>\n<p>&nbsp;<\/p>\n<p><strong><a id=\"a4\"><\/a>Opakowanie<\/strong><\/p>\n<p>Produkty s\u0105 sprzedawane wed\u0142ug obj\u0119to\u015bci netto lub wagi.<\/p>\n<p>Standardowe produkty s\u0105 dost\u0119pne w opakowaniach przewidzianych dla ka\u017cdego produktu.<\/p>\n<p>Produkty na zam\u00f3wienie s\u0105 dost\u0119pne wy\u0142\u0105cznie w nast\u0119puj\u0105cych opakowaniach, chyba \u017ce uzgodniono inaczej:<\/p>\n<ul>\n<li>25 kg\/litr\u00f3w dla wszystkich produkt\u00f3w, za wyj\u0105tkiem utwardzaczy ;<\/li>\n<li>12,5 kg\/litr\u00f3w dla utwardzaczy .<\/li>\n<\/ul>\n<p><strong>\u00a0<\/strong><\/p>\n<p><strong><a id=\"a5\"><\/a>Ilo\u015b\u0107<\/strong><\/p>\n<p>Produkty mo\u017cna zam\u00f3wi\u0107 w dowolnej ilo\u015bci wymienionej w cenniku, o ile strony nie uzgodni\u0105 inaczej.<\/p>\n<p>Zam\u00f3wione produkty s\u0105 zamawiane z zachowaniem ilo\u015bci uzgodnionych mi\u0119dzy Kupuj\u0105cym a IVM w chwili pierwszego zam\u00f3wienia.<\/p>\n<p>Wszelkie r\u00f3\u017cnice w ilo\u015bci zamawianych produkt\u00f3w ponad +\/- 10% w stosunku do ilo\u015bci uzgodnionych mi\u0119dzy Kupuj\u0105cym a IVM w chwili pierwszego zam\u00f3wienia, musz\u0105 zosta\u0107 w ka\u017cdym przypadku zaakceptowane przez Kupuj\u0105cego.<\/p>\n<p>&nbsp;<\/p>\n<p><strong><a id=\"a6\"><\/a>Palety<\/strong><\/p>\n<p>Produkty s\u0105 dostarczane na paletach po osi\u0105gni\u0119ciu nast\u0119puj\u0105cej ilo\u015bci opakowa\u0144 produktu potrzebnej do wype\u0142nienia palety:<\/p>\n<ul>\n<li>33 puszki po 25 kg\/litr;<\/li>\n<li>66 puszek po 12,5 kg\/litr.<\/li>\n<\/ul>\n<p>Produkty s\u0105 dostarczane na jednej palecie, po osi\u0105gni\u0119ciu nast\u0119puj\u0105cych minimalnych ilo\u015bci opakowa\u0144 produktu:<\/p>\n<ul>\n<li>pocz\u0105wszy od 22 puszek po 25 kg\/litr;<\/li>\n<li>pocz\u0105wszy od 44 puszek po 12,5 kg\/litr.<\/li>\n<\/ul>\n<p>Op\u0142ata za palet\u0119 wynosi 12 \u20ac za ka\u017cd\u0105 palet\u0119 i jest doliczana do warto\u015bci zam\u00f3wienia.<\/p>\n<p>&nbsp;<\/p>\n<p><strong><a id=\"a7\"><\/a>Warunki dostawy<\/strong><\/p>\n<p>Warunki dostawy okre\u015blone w niniejszych OWS obowi\u0105zuj\u0105 w przypadku dost\u0119pno\u015bci produkt\u00f3w w magazynie wskazanym przy pierwszym zam\u00f3wieniu. Poni\u017cej wskazane terminy dostawy biegn\u0105 od daty przyj\u0119cia zam\u00f3wienia przez IVM.<\/p>\n<ul>\n<li>Produkty standardowe wymienione w cenniku s\u0105 zazwyczaj dost\u0119pne do odbioru w magazynie w ci\u0105gu 8 dni roboczych od daty przyj\u0119cia zam\u00f3wienia;<\/li>\n<li>Produkty na zam\u00f3wienie s\u0105 zazwyczaj dost\u0119pne w ci\u0105gu 30 dni roboczych od daty przyj\u0119cia zam\u00f3wienia.<\/li>\n<\/ul>\n<p>&nbsp;<\/p>\n<p>IVM nie ponosi odpowiedzialno\u015bci za op\u00f3\u017anienia w dostawie produkt\u00f3w w przypadku wyst\u0105pienia nast\u0119puj\u0105cych okoliczno\u015bci:<\/p>\n<ul>\n<li>si\u0142a wy\u017csza lub inne nadzwyczajne zdarzenia, niedob\u00f3r surowc\u00f3w, ograniczona dost\u0119pno\u015b\u0107 \u017ar\u00f3de\u0142 energii;<\/li>\n<li>op\u00f3\u017anienia le\u017c\u0105ce po stronie Kupuj\u0105cego, w szczeg\u00f3lno\u015bci brak przekazania danych wymaganych do realizacji zam\u00f3wienia b\u0105d\u017a op\u00f3\u017anienie w ich przekazaniu;<\/li>\n<li>potrzeba lub pro\u015bba Kupuj\u0105cego o dostarczenie wielu produkt\u00f3w w ramach jednej dostawy;<\/li>\n<li>nieprzestrzeganie przez Kupuj\u0105cego warunk\u00f3w p\u0142atno\u015bci, w tym nieuregulowanie wymagalnych zobowi\u0105za\u0144 zwi\u0105zanych z realizacj\u0105 wcze\u015bniejszych zam\u00f3wie\u0144;<\/li>\n<li>zmiana sytuacji finansowej Kupuj\u0105cego, w tym w szczeg\u00f3lno\u015bci gdy Kupuj\u0105cy zostanie rozwi\u0105zany i zostanie rozpocz\u0119ta likwidacja Kupuj\u0105cego, b\u0105d\u017a gdy w stosunku do Kupuj\u0105cego zostanie wszcz\u0119te post\u0119powanie upad\u0142o\u015bciowe lub restrukturyzacyjne, a tak\u017ce gdy zostanie wydane postanowienie o oddaleniu wniosku o og\u0142oszenie upad\u0142o\u015bci Kupuj\u0105cego z uwagi na to, \u017ce maj\u0105tek d\u0142u\u017cnika nie wystarcza na zaspokojenie koszt\u00f3w post\u0119powania lub wystarcza jedynie na zaspokojenie tych koszt\u00f3w.<\/li>\n<\/ul>\n<p>&nbsp;<\/p>\n<p>IVM nie odpowiada za szkod\u0119 wynik\u0142\u0105 z niewykonania lub nienale\u017cytego wykonania zobowi\u0105zania dostarczenia zam\u00f3wionych produkt\u00f3w w przewidzianym terminie, za wyj\u0105tkiem szk\u00f3d powsta\u0142ych na skutek dzia\u0142a\u0144 umy\u015blnych.<\/p>\n<p><strong>\u00a0<\/strong><\/p>\n<p><strong><a id=\"a8\"><\/a>Warunki p\u0142atno\u015bci<\/strong><\/p>\n<p>Kupuj\u0105cy nie jest uprawniony do dokonywania jakichkolwiek potr\u0105ce\u0144 z ustalonej ceny (np. w przypadku zarzucanych wad produktu), chyba \u017ce na podstawie uprzedniego pisemnego porozumienia z IVM.<\/p>\n<p>Jakiekolwiek reklamacje, spory lub op\u00f3\u017anienia w dostawie nie stanowi\u0105 podstawy dla wstrzymania si\u0119 lub op\u00f3\u017anienia przez Kupuj\u0105cego z p\u0142atno\u015bci\u0105 za sporne produkty ani tym bardziej z p\u0142atno\u015bci\u0105 za inne zam\u00f3wienia.<\/p>\n<p>W przypadku op\u00f3\u017anienia Kupuj\u0105cego z p\u0142atno\u015bci\u0105, IVM zastrzega sobie prawo do naliczania odsetek za op\u00f3\u017anienie zgodnie z obowi\u0105zuj\u0105cym prawem. IVM zastrzega sobie r\u00f3wnie\u017c prawo do wstrzymania si\u0119 z realizacj\u0105 lub anulowania zam\u00f3wie\u0144 b\u0119d\u0105cych w toku, bez wzgl\u0119du na sprzeciw lub powo\u0142ywanie si\u0119 przez Kupuj\u0105cego na wyst\u0105pienie bezpo\u015bredniej lub po\u015bredniej szkody. IVM mo\u017ce skorzysta\u0107 z prawa anulowania zam\u00f3wie\u0144 b\u0119d\u0105cych w toku w terminie 30 dni od dnia wyst\u0105pienia op\u00f3\u017anienia w p\u0142atno\u015bci przez Kupuj\u0105cego.<\/p>\n<p>W przypadku, gdy Kupuj\u0105cy nie wywi\u0105\u017ce si\u0119 z zobowi\u0105zania do zap\u0142aty ceny w uzgodnionym terminie, wszelkie inne zaleg\u0142e zobowi\u0105zania Kupuj\u0105cego wobec IVM staj\u0105 si\u0119 natychmiast wymagalne i p\u0142atne niezale\u017cnie od indywidualnie uzgodnionych warunk\u00f3w p\u0142atno\u015bci.<\/p>\n<p>&nbsp;<\/p>\n<p><strong><a id=\"a14\"><\/a>Odpowiedzialno\u015b\u0107 IVM<\/strong><\/p>\n<p>Odpowiedzialno\u015b\u0107 IVM, jako dostawcy lakier\u00f3w, obejmuje wy\u0142\u0105cznie niezmienno\u015b\u0107 w\u0142a\u015bciwo\u015bci chemicznych i fizycznych produkt\u00f3w zgodnie z danymi oraz zakresem tolerancji wskazanymi w Kartach Danych Technicznych produkt\u00f3w.<\/p>\n<p>W \u017cadnym wypadku IVM nie ponosi odpowiedzialno\u015bci za szkody, w tym przypadkowe lub po\u015brednie, jak r\u00f3wnie\u017c straty produkcyjne lub utracony zysk Kupuj\u0105cego, za wyj\u0105tkiem szk\u00f3d powsta\u0142ych na skutek dzia\u0142a\u0144 umy\u015blnych IVM.<\/p>\n<p>&nbsp;<\/p>\n<p><strong><a id=\"a9\"><\/a>Odpowiedzialno\u015b\u0107 Kupuj\u0105cego<\/strong><\/p>\n<p>Kupuj\u0105cy jest zobowi\u0105zany zbada\u0107, czy zamawiany produkt jest odpowiedni w stosunku do potrzeb Kupuj\u0105cego, poprzez upewnienie si\u0119 przed u\u017cyciem, \u017ce produkt spe\u0142nia wymagania Kupuj\u0105cego co do jako\u015bci i odpowiada potrzebom produkcyjnym Kupuj\u0105cego.<\/p>\n<p>W zwi\u0105zku z tym Kupuj\u0105cy jest zobowi\u0105zany zapozna\u0107 si\u0119 z ostrze\u017ceniami wskazanymi w Kartach Danych Technicznych produkt\u00f3w.<\/p>\n<p>W chwili dostawy produkt\u00f3w, Kupuj\u0105cy jest zobowi\u0105zany do zweryfikowania jako\u015bci i ilo\u015bci dostarczonych produkt\u00f3w z zam\u00f3wieniem.<\/p>\n<p>Przed u\u017cyciem produktu w procesie produkcji, Kupuj\u0105cy jest zobowi\u0105zany do sprawdzenia w\u0142a\u015bciwo\u015bci produktu w pierwszej kolejno\u015bci na pr\u00f3bce. Po wprowadzeniu produktu do procesu produkcyjnego, Kupuj\u0105cy zobowi\u0105zany jest do sta\u0142ego i uwa\u017cnego monitorowania wyniku procesu produkcyjnego w celu zminimalizowania potencjalnej szkody.<\/p>\n<p>&nbsp;<\/p>\n<p><strong><a id=\"a10\"><\/a>Reklamacje i zg\u0142aszanie roszcze\u0144<\/strong><\/p>\n<p>W przypadku uszkodzenia produktu lub jego opakowania w trakcie dostawy lub braku dostarczenia wszystkich produkt\u00f3w obj\u0119tych zam\u00f3wieniem, Kupuj\u0105cy jest zobowi\u0105zany zg\u0142osi\u0107 niezb\u0119dne zastrze\u017cenia przewo\u017anikowi, zgodnie z formularzami wymaganymi dla zastosowanego \u015brodka transportu oraz wpisa\u0107 zastrze\u017cenia w li\u015bcie przewozowym. Nast\u0119pnie Kupuj\u0105cy zobowi\u0105zany jest potwierdzi\u0107 reklamacj\u0119, wysy\u0142aj\u0105c j\u0105 do IVM w terminie 3 dni w formie elektronicznej za potwierdzeniem odbioru .<\/p>\n<p>W przypadku wykrycia ukrytych wad produktu, Kupuj\u0105cy jest zobowi\u0105zany zg\u0142osi\u0107 IVM reklamacj\u0119 w formie pisemnej listem poleconym za zwrotnym potwierdzeniem odbioru, nie p\u00f3\u017aniej ni\u017c w terminie trzech dni od daty wykrycia wady i nie p\u00f3\u017aniej ni\u017c sze\u015b\u0107 miesi\u0119cy od daty otrzymania produktu, nawet je\u015bli nie up\u0142yn\u0105\u0142 jeszcze termin wa\u017cno\u015bci reklamowanego produktu.<\/p>\n<p>Obowi\u0105zek wykazania zachowania termin\u00f3w reklamacji obci\u0105\u017ca Kupuj\u0105cego.<\/p>\n<p>&nbsp;<\/p>\n<p><strong><a id=\"a11\"><\/a>Ograniczenie odpowiedzialno\u015bci IVM<\/strong><\/p>\n<p>Z zastrze\u017ceniem postanowie\u0144 \u201eOdpowiedzialno\u015b\u0107 IVM\u201d i \u201eReklamacje i zg\u0142aszanie roszcze\u0144\u201d, IVM b\u0119dzie odpowiada\u0107 za szkody wywo\u0142ane dostaw\u0105 wadliwych produkt\u00f3w maksymalnie do wysoko\u015bci dwukrotno\u015bci warto\u015bci dostarczonych produkt\u00f3w, ale nie wi\u0119cej ni\u017c do kwoty 50 000,00 (pi\u0119\u0107dziesi\u0105t tysi\u0119cy) euro.<\/p>\n<p>&nbsp;<\/p>\n<p><strong><a id=\"a12\"><\/a>Zwrot produkt\u00f3w<\/strong><\/p>\n<p>Zwroty zam\u00f3wionych produkt\u00f3w nie b\u0119d\u0105 przyjmowane, chyba \u017ce zwrot danych produkt\u00f3w zostanie wyra\u017anie zaakceptowany przez Dyrektora Generalnego \u00a0IVM Chemicals Sp. z o.o.<\/p>\n<p>&nbsp;<\/p>\n<p><strong><a id=\"a13\"><\/a>Zastrze\u017cenie prawa w\u0142asno\u015bci<\/strong><\/p>\n<p>W przypadku, gdy p\u0142atno\u015b\u0107 ma by\u0107 dokonana przez Kupuj\u0105cego w ca\u0142o\u015bci lub w cz\u0119\u015bci po dostawie produkt\u00f3w, dostarczone produkty pozostaj\u0105 w\u0142asno\u015bci\u0105 IVM do momentu pe\u0142nej zap\u0142aty uzgodnionej ceny, jednak ryzyko przypadkowej utraty lub uszkodzenia produkt\u00f3w przechodzi na Kupuj\u0105cego z chwil\u0105 dostarczenia mu produkt\u00f3w.<\/p>\n<p>&nbsp;<\/p>\n<p><strong><a id=\"a15\"><\/a>Poufno\u015b\u0107<\/strong><\/p>\n<p>Karty Danych Technicznych, prezentacje produkt\u00f3w, a tak\u017ce wszelkie technologie produkcyjne lub handlowe oraz informacje uzyskane przez Kupuj\u0105cego w toku wsp\u00f3\u0142pracy z IVM b\u0119d\u0105 traktowane jako poufne i nie b\u0119d\u0105 ujawniane stronom trzecim bez uprzedniej pisemnej zgody IVM.<\/p>\n<p>&nbsp;<\/p>\n<p><strong><a id=\"a16\"><\/a>Prywatno\u015b\u0107<\/strong><\/p>\n<p>IVM b\u0119dzie zarz\u0105dza\u0142 danymi dostarczonymi przez nabywc\u0119 zgodnie z przepisami o ochronie danych osobowych (GDPR nr 2016\/679).<\/p>\n<p>Dane te s\u0105 gromadzone w spos\u00f3b telematyczny i przetwarzane, z wykorzystaniem narz\u0119dzi elektronicznych, bezpo\u015brednio i\/lub za po\u015brednictwem delegowanych stron trzecich, w nast\u0119puj\u0105cych celach:<\/p>\n<p>&#8211; cel zwi\u0105zany z realizacj\u0105 us\u0142ugi i zarz\u0105dzaniem zam\u00f3wieniem zakupu produkt\u00f3w;<\/p>\n<p>&#8211; w celach statystycznych, wysy\u0142ania materia\u0142\u00f3w reklamowych, w tym r\u00f3wnie\u017c z wykorzystaniem poczty elektronicznej.<\/p>\n<p>Wi\u0119cej informacji na temat zasad przetwarzania danych osobowych przez IVM znajduje si\u0119 na stronie internetowej <a href=\"http:\/\/www.ivmchemicals.pl\">www.ivmchemicals.pl<\/a>.<\/p>\n<p>&nbsp;<\/p>\n<p><strong><a id=\"a17\"><\/a>Rozstrzyganie spor\u00f3w<\/strong><\/p>\n<p>S\u0105dem wy\u0142\u0105cznie w\u0142a\u015bciwym do rozstrzygania spor\u00f3w zwi\u0105zanych i wynikaj\u0105cych ze stosowania niniejszych OWS jest s\u0105d rzeczowo w\u0142a\u015bciwy dla m.st. Warszawy. Prawem w\u0142a\u015bciwym dla stosunk\u00f3w prawnych powsta\u0142ych pomi\u0119dzy IVM a Kupuj\u0105cym jest prawo polskie.<\/p>\n<p>&nbsp;<\/p>\n<p><strong><a id=\"a18\"><\/a>Wyj\u0105tki<\/strong><\/p>\n<p>Jakiekolwiek odst\u0119pstwa od powy\u017cszej uregulowanych warunk\u00f3w musz\u0105 by\u0107 uzgodnione z\u00a0 Dyrektorem generalnym IVM Chemicals Sp. z o.o.<\/p>\n<p>&nbsp;<\/p>\n<p><strong>Obs\u0142uga Klienta:<\/strong><\/p>\n<p>Mail <u>salesoffice@ivmchemicals.pl<\/u><\/p>\n<p>22\u00a0380 18 16<\/p>\n<p>22\u00a0380 18 15<\/p>\n<p>22\u00a0380 18 02<\/p>\n<p><em>\u00a0<\/em><\/p>\n<p>Akceptuj\u0119 powy\u017csze OWS:<\/p>\n<p><em>\u00a0<\/em><\/p>\n<p>_____________________\u00a0\u00a0\u00a0\u00a0\u00a0\u00a0\u00a0\u00a0\u00a0\u00a0\u00a0\u00a0\u00a0\u00a0\u00a0\u00a0\u00a0\u00a0\u00a0\u00a0\u00a0\u00a0\u00a0\u00a0\u00a0\u00a0\u00a0\u00a0\u00a0\u00a0\u00a0\u00a0\u00a0\u00a0\u00a0\u00a0\u00a0\u00a0\u00a0\u00a0\u00a0\u00a0\u00a0\u00a0\u00a0\u00a0\u00a0\u00a0\u00a0\u00a0\u00a0\u00a0\u00a0\u00a0\u00a0\u00a0\u00a0\u00a0\u00a0\u00a0\u00a0\u00a0\u00a0\u00a0\u00a0\u00a0\u00a0\u00a0 ________________<\/p>\n<p>W imieniu Kupuj\u0105cego\u00a0\u00a0\u00a0\u00a0\u00a0\u00a0\u00a0\u00a0\u00a0\u00a0\u00a0\u00a0\u00a0\u00a0\u00a0\u00a0\u00a0\u00a0\u00a0\u00a0\u00a0\u00a0\u00a0\u00a0\u00a0\u00a0\u00a0\u00a0\u00a0\u00a0\u00a0\u00a0\u00a0\u00a0\u00a0\u00a0\u00a0\u00a0\u00a0\u00a0\u00a0\u00a0\u00a0\u00a0\u00a0\u00a0\u00a0\u00a0\u00a0\u00a0\u00a0\u00a0\u00a0\u00a0\u00a0\u00a0\u00a0\u00a0\u00a0\u00a0\u00a0 \u00a0\u00a0\u00a0\u00a0\u00a0\u00a0\u00a0\u00a0\u00a0\u00a0\u00a0 W imieniu IVM<\/p>\n","protected":false},"excerpt":{"rendered":"<p>Postanowienia Og\u00f3lne: Niniejsze Og\u00f3lne Warunki Sprzeda\u017cy (dalej jako: \u201eOWS\u201d) znajduj\u0105 zastosowanie do wszystkich um\u00f3w handlowych zawieranych przez IVM Chemicals sp\u00f3\u0142ka z ograniczon\u0105 odpowiedzialno\u015bci\u0105 z siedzib\u0105 przy ul. Pa\u0144skiej 98\/101, 00-837 Warszawa, wpisan\u0105 do rejestru przedsi\u0119biorc\u00f3w Krajowego Rejestru S\u0105dowego prowadzonego przez S\u0105d Rejonowy dla m.st. Warszawy, pod nr KRS nr 0000301911 jako sprzedawc\u0105 (dalej jako: \u201eIVM\u201d). [&hellip;]<\/p>\n","protected":false},"author":1,"featured_media":0,"parent":0,"menu_order":146,"comment_status":"closed","ping_status":"closed","template":"condizioni.php","meta":{"_acf_changed":false,"footnotes":""},"class_list":["post-5744","page","type-page","status-publish","hentry"],"acf":[],"_links":{"self":[{"href":"https:\/\/milesiplanet.com\/pl\/wp-json\/wp\/v2\/pages\/5744","targetHints":{"allow":["GET"]}}],"collection":[{"href":"https:\/\/milesiplanet.com\/pl\/wp-json\/wp\/v2\/pages"}],"about":[{"href":"https:\/\/milesiplanet.com\/pl\/wp-json\/wp\/v2\/types\/page"}],"author":[{"embeddable":true,"href":"https:\/\/milesiplanet.com\/pl\/wp-json\/wp\/v2\/users\/1"}],"replies":[{"embeddable":true,"href":"https:\/\/milesiplanet.com\/pl\/wp-json\/wp\/v2\/comments?post=5744"}],"version-history":[{"count":0,"href":"https:\/\/milesiplanet.com\/pl\/wp-json\/wp\/v2\/pages\/5744\/revisions"}],"wp:attachment":[{"href":"https:\/\/milesiplanet.com\/pl\/wp-json\/wp\/v2\/media?parent=5744"}],"curies":[{"name":"wp","href":"https:\/\/api.w.org\/{rel}","templated":true}]}}