
{"id":5749,"date":"2020-02-24T22:41:22","date_gmt":"2020-02-24T21:41:22","guid":{"rendered":"http:\/\/milesiplanet.com\/etykiety-z-grafika-i-logo-milesi\/"},"modified":"2020-10-30T15:11:44","modified_gmt":"2020-10-30T14:11:44","slug":"etykiety-z-grafika-i-logo-milesi","status":"publish","type":"page","link":"https:\/\/milesiplanet.com\/pl\/etykiety-z-grafika-i-logo-milesi\/","title":{"rendered":"Etykiety z grafik\u0105 i logo Milesi"},"content":{"rendered":"<p>Zapytaj swojego przedstawiciela handlowego, jak u\u017cywa\u0107 wzor\u00f3w Milesi do drukowania etykiet na przepakowane i przetworzone produkty.<\/p>\n<p>&nbsp;<\/p>\n<p><img loading=\"lazy\" decoding=\"async\" class=\"alignnone wp-image-11075 size-medium\" src=\"https:\/\/milesiplanet.com\/wp-content\/uploads\/2020\/10\/IVP-rombo-300x214.jpg\" alt=\"\" width=\"300\" height=\"214\" srcset=\"https:\/\/milesiplanet.com\/wp-content\/uploads\/2020\/10\/IVP-rombo-300x214.jpg 300w, https:\/\/milesiplanet.com\/wp-content\/uploads\/2020\/10\/IVP-rombo-1024x731.jpg 1024w, https:\/\/milesiplanet.com\/wp-content\/uploads\/2020\/10\/IVP-rombo-768x548.jpg 768w, https:\/\/milesiplanet.com\/wp-content\/uploads\/2020\/10\/IVP-rombo-600x428.jpg 600w, https:\/\/milesiplanet.com\/wp-content\/uploads\/2020\/10\/IVP-rombo.jpg 1161w\" sizes=\"auto, (max-width: 300px) 100vw, 300px\" \/> \u00a0 \u00a0 <img loading=\"lazy\" decoding=\"async\" class=\"alignnone wp-image-11068 size-medium\" src=\"https:\/\/milesiplanet.com\/wp-content\/uploads\/2020\/10\/IVP-no-rombo-300x214.jpg\" alt=\"\" width=\"300\" height=\"214\" srcset=\"https:\/\/milesiplanet.com\/wp-content\/uploads\/2020\/10\/IVP-no-rombo-300x214.jpg 300w, https:\/\/milesiplanet.com\/wp-content\/uploads\/2020\/10\/IVP-no-rombo-1024x731.jpg 1024w, https:\/\/milesiplanet.com\/wp-content\/uploads\/2020\/10\/IVP-no-rombo-768x548.jpg 768w, https:\/\/milesiplanet.com\/wp-content\/uploads\/2020\/10\/IVP-no-rombo-600x428.jpg 600w, https:\/\/milesiplanet.com\/wp-content\/uploads\/2020\/10\/IVP-no-rombo.jpg 1164w\" sizes=\"auto, (max-width: 300px) 100vw, 300px\" \/><\/p>\n","protected":false},"excerpt":{"rendered":"<p>Zapytaj swojego przedstawiciela handlowego, jak u\u017cywa\u0107 wzor\u00f3w Milesi do drukowania etykiet na przepakowane i przetworzone produkty. &nbsp; \u00a0 \u00a0<\/p>\n","protected":false},"author":1,"featured_media":5156,"parent":0,"menu_order":135,"comment_status":"closed","ping_status":"closed","template":"neutro.php","meta":{"_acf_changed":false,"footnotes":""},"class_list":["post-5749","page","type-page","status-publish","has-post-thumbnail","hentry"],"acf":[],"_links":{"self":[{"href":"https:\/\/milesiplanet.com\/pl\/wp-json\/wp\/v2\/pages\/5749","targetHints":{"allow":["GET"]}}],"collection":[{"href":"https:\/\/milesiplanet.com\/pl\/wp-json\/wp\/v2\/pages"}],"about":[{"href":"https:\/\/milesiplanet.com\/pl\/wp-json\/wp\/v2\/types\/page"}],"author":[{"embeddable":true,"href":"https:\/\/milesiplanet.com\/pl\/wp-json\/wp\/v2\/users\/1"}],"replies":[{"embeddable":true,"href":"https:\/\/milesiplanet.com\/pl\/wp-json\/wp\/v2\/comments?post=5749"}],"version-history":[{"count":0,"href":"https:\/\/milesiplanet.com\/pl\/wp-json\/wp\/v2\/pages\/5749\/revisions"}],"wp:featuredmedia":[{"embeddable":true,"href":"https:\/\/milesiplanet.com\/pl\/wp-json\/wp\/v2\/media\/5156"}],"wp:attachment":[{"href":"https:\/\/milesiplanet.com\/pl\/wp-json\/wp\/v2\/media?parent=5749"}],"curies":[{"name":"wp","href":"https:\/\/api.w.org\/{rel}","templated":true}]}}