
{"id":5754,"date":"2020-02-24T22:44:37","date_gmt":"2020-02-24T21:44:37","guid":{"rendered":"http:\/\/milesiplanet.com\/milesi-gallery\/dla-jego-klienta\/"},"modified":"2020-10-30T15:52:10","modified_gmt":"2020-10-30T14:52:10","slug":"dla-jego-klienta","status":"publish","type":"page","link":"https:\/\/milesiplanet.com\/pl\/milesi-gallery\/dla-jego-klienta\/","title":{"rendered":"Dla jego klienta"},"content":{"rendered":"<p><strong>Tutaj znajduj\u0105 si\u0119 narz\u0119dzia, kt\u00f3re Milesi wykorzystuje w ramach swojej dzia\u0142alno\u015bci.<\/strong><\/p>\n<p>&nbsp;<\/p>\n\n\t\t<style type=\"text\/css\">\n\t\t\t#gallery-1 {\n\t\t\t\tmargin: auto;\n\t\t\t}\n\t\t\t#gallery-1 .gallery-item {\n\t\t\t\tfloat: left;\n\t\t\t\tmargin-top: 10px;\n\t\t\t\ttext-align: center;\n\t\t\t\twidth: 33%;\n\t\t\t}\n\t\t\t#gallery-1 img {\n\t\t\t\tborder: 2px solid #cfcfcf;\n\t\t\t}\n\t\t\t#gallery-1 .gallery-caption {\n\t\t\t\tmargin-left: 0;\n\t\t\t}\n\t\t\t\/* see gallery_shortcode() in wp-includes\/media.php *\/\n\t\t<\/style>\n\t\t<div id='gallery-1' class='gallery galleryid-5754 gallery-columns-3 gallery-size-large'><dl class='gallery-item'>\n\t\t\t<dt class='gallery-icon portrait'>\n\t\t\t\t<img loading=\"lazy\" decoding=\"async\" width=\"492\" height=\"696\" src=\"https:\/\/milesiplanet.com\/wp-content\/uploads\/2020\/10\/IVP-Brochure-Milesi-Esterni_copertina.jpg\" class=\"attachment-large size-large\" alt=\"\" aria-describedby=\"gallery-1-11126\" srcset=\"https:\/\/milesiplanet.com\/wp-content\/uploads\/2020\/10\/IVP-Brochure-Milesi-Esterni_copertina.jpg 492w, https:\/\/milesiplanet.com\/wp-content\/uploads\/2020\/10\/IVP-Brochure-Milesi-Esterni_copertina-212x300.jpg 212w\" sizes=\"auto, (max-width: 492px) 100vw, 492px\" \/>\n\t\t\t<\/dt>\n\t\t\t\t<dd class='wp-caption-text gallery-caption' id='gallery-1-11126'>\n\t\t\t\tRozwi\u0105zania w zakresie stosowania produkt\u00f3w na zewn\u0105trz, do drewna i PCW\n\t\t\t\t<\/dd><\/dl><dl class='gallery-item'>\n\t\t\t<dt class='gallery-icon portrait'>\n\t\t\t\t<img loading=\"lazy\" decoding=\"async\" width=\"492\" height=\"713\" src=\"https:\/\/milesiplanet.com\/wp-content\/uploads\/2020\/06\/IVP-Brochure-Milesi-BCA_copertina-ridimensionato.jpg\" class=\"attachment-large size-large\" alt=\"\" aria-describedby=\"gallery-1-8523\" srcset=\"https:\/\/milesiplanet.com\/wp-content\/uploads\/2020\/06\/IVP-Brochure-Milesi-BCA_copertina-ridimensionato.jpg 492w, https:\/\/milesiplanet.com\/wp-content\/uploads\/2020\/06\/IVP-Brochure-Milesi-BCA_copertina-ridimensionato-207x300.jpg 207w\" sizes=\"auto, (max-width: 492px) 100vw, 492px\" \/>\n\t\t\t<\/dt>\n\t\t\t\t<dd class='wp-caption-text gallery-caption' id='gallery-1-8523'>\n\t\t\t\tBCA &#8211; Nowa technologia, kt\u00f3ra rewolucjonizuje pow\u0142oki do drewna\n\t\t\t\t<\/dd><\/dl>\n\t\t\t<br style='clear: both' \/>\n\t\t<\/div>\n\n<p>&nbsp;<\/p>\n\n\t\t<style type=\"text\/css\">\n\t\t\t#gallery-2 {\n\t\t\t\tmargin: auto;\n\t\t\t}\n\t\t\t#gallery-2 .gallery-item {\n\t\t\t\tfloat: left;\n\t\t\t\tmargin-top: 10px;\n\t\t\t\ttext-align: center;\n\t\t\t\twidth: 33%;\n\t\t\t}\n\t\t\t#gallery-2 img {\n\t\t\t\tborder: 2px solid #cfcfcf;\n\t\t\t}\n\t\t\t#gallery-2 .gallery-caption {\n\t\t\t\tmargin-left: 0;\n\t\t\t}\n\t\t\t\/* see gallery_shortcode() in wp-includes\/media.php *\/\n\t\t<\/style>\n\t\t<div id='gallery-2' class='gallery galleryid-5754 gallery-columns-3 gallery-size-medium'><dl class='gallery-item'>\n\t\t\t<dt class='gallery-icon landscape'>\n\t\t\t\t<a href='https:\/\/milesiplanet.com\/pl\/milesi-gallery\/dla-jego-klienta\/attachment\/ncs-200-2\/'><img loading=\"lazy\" decoding=\"async\" width=\"300\" height=\"225\" src=\"https:\/\/milesiplanet.com\/wp-content\/uploads\/2020\/01\/NCS-200-300x225.jpg\" class=\"attachment-medium size-medium\" alt=\"NCS\" aria-describedby=\"gallery-2-4487\" srcset=\"https:\/\/milesiplanet.com\/wp-content\/uploads\/2020\/01\/NCS-200-300x225.jpg 300w, https:\/\/milesiplanet.com\/wp-content\/uploads\/2020\/01\/NCS-200-1024x768.jpg 1024w, https:\/\/milesiplanet.com\/wp-content\/uploads\/2020\/01\/NCS-200-768x576.jpg 768w, https:\/\/milesiplanet.com\/wp-content\/uploads\/2020\/01\/NCS-200-1536x1152.jpg 1536w, https:\/\/milesiplanet.com\/wp-content\/uploads\/2020\/01\/NCS-200-2048x1536.jpg 2048w, https:\/\/milesiplanet.com\/wp-content\/uploads\/2020\/01\/NCS-200-600x450.jpg 600w\" sizes=\"auto, (max-width: 300px) 100vw, 300px\" \/><\/a>\n\t\t\t<\/dt>\n\t\t\t\t<dd class='wp-caption-text gallery-caption' id='gallery-2-4487'>\n\t\t\t\tWzorniki NCS 200\n\t\t\t\t<\/dd><\/dl>\n\t\t\t<br style='clear: both' \/>\n\t\t<\/div>\n\n<p>&nbsp;<\/p>\n\n\t\t<style type=\"text\/css\">\n\t\t\t#gallery-3 {\n\t\t\t\tmargin: auto;\n\t\t\t}\n\t\t\t#gallery-3 .gallery-item {\n\t\t\t\tfloat: left;\n\t\t\t\tmargin-top: 10px;\n\t\t\t\ttext-align: center;\n\t\t\t\twidth: 33%;\n\t\t\t}\n\t\t\t#gallery-3 img {\n\t\t\t\tborder: 2px solid #cfcfcf;\n\t\t\t}\n\t\t\t#gallery-3 .gallery-caption {\n\t\t\t\tmargin-left: 0;\n\t\t\t}\n\t\t\t\/* see gallery_shortcode() in wp-includes\/media.php *\/\n\t\t<\/style>\n\t\t<div id='gallery-3' class='gallery galleryid-5754 gallery-columns-3 gallery-size-medium'><dl class='gallery-item'>\n\t\t\t<dt class='gallery-icon landscape'>\n\t\t\t\t<img loading=\"lazy\" decoding=\"async\" width=\"300\" height=\"224\" src=\"https:\/\/milesiplanet.com\/wp-content\/uploads\/2020\/01\/cappellini-1-300x224.jpg\" class=\"attachment-medium size-medium\" alt=\"cappellini\" aria-describedby=\"gallery-3-4949\" srcset=\"https:\/\/milesiplanet.com\/wp-content\/uploads\/2020\/01\/cappellini-1-300x224.jpg 300w, https:\/\/milesiplanet.com\/wp-content\/uploads\/2020\/01\/cappellini-1-1024x763.jpg 1024w, https:\/\/milesiplanet.com\/wp-content\/uploads\/2020\/01\/cappellini-1-768x572.jpg 768w, https:\/\/milesiplanet.com\/wp-content\/uploads\/2020\/01\/cappellini-1-1536x1145.jpg 1536w, https:\/\/milesiplanet.com\/wp-content\/uploads\/2020\/01\/cappellini-1-2048x1526.jpg 2048w, https:\/\/milesiplanet.com\/wp-content\/uploads\/2020\/01\/cappellini-1-600x447.jpg 600w\" sizes=\"auto, (max-width: 300px) 100vw, 300px\" \/>\n\t\t\t<\/dt>\n\t\t\t\t<dd class='wp-caption-text gallery-caption' id='gallery-3-4949'>\n\t\t\t\tCzapki\n\t\t\t\t<\/dd><\/dl><dl class='gallery-item'>\n\t\t\t<dt class='gallery-icon landscape'>\n\t\t\t\t<img loading=\"lazy\" decoding=\"async\" width=\"300\" height=\"224\" src=\"https:\/\/milesiplanet.com\/wp-content\/uploads\/2020\/01\/penne-1-300x224.jpg\" class=\"attachment-medium size-medium\" alt=\"penne\" aria-describedby=\"gallery-3-4935\" srcset=\"https:\/\/milesiplanet.com\/wp-content\/uploads\/2020\/01\/penne-1-300x224.jpg 300w, https:\/\/milesiplanet.com\/wp-content\/uploads\/2020\/01\/penne-1-1024x763.jpg 1024w, https:\/\/milesiplanet.com\/wp-content\/uploads\/2020\/01\/penne-1-768x572.jpg 768w, https:\/\/milesiplanet.com\/wp-content\/uploads\/2020\/01\/penne-1-1536x1145.jpg 1536w, https:\/\/milesiplanet.com\/wp-content\/uploads\/2020\/01\/penne-1-2048x1526.jpg 2048w, https:\/\/milesiplanet.com\/wp-content\/uploads\/2020\/01\/penne-1-600x447.jpg 600w\" sizes=\"auto, (max-width: 300px) 100vw, 300px\" \/>\n\t\t\t<\/dt>\n\t\t\t\t<dd class='wp-caption-text gallery-caption' id='gallery-3-4935'>\n\t\t\t\tD\u0142ugopisy\n\t\t\t\t<\/dd><\/dl><dl class='gallery-item'>\n\t\t\t<dt class='gallery-icon landscape'>\n\t\t\t\t<img loading=\"lazy\" decoding=\"async\" width=\"300\" height=\"224\" src=\"https:\/\/milesiplanet.com\/wp-content\/uploads\/2020\/01\/magliette-1-300x224.jpg\" class=\"attachment-medium size-medium\" alt=\"t-shirt\" aria-describedby=\"gallery-3-4942\" srcset=\"https:\/\/milesiplanet.com\/wp-content\/uploads\/2020\/01\/magliette-1-300x224.jpg 300w, https:\/\/milesiplanet.com\/wp-content\/uploads\/2020\/01\/magliette-1-1024x763.jpg 1024w, https:\/\/milesiplanet.com\/wp-content\/uploads\/2020\/01\/magliette-1-768x572.jpg 768w, https:\/\/milesiplanet.com\/wp-content\/uploads\/2020\/01\/magliette-1-1536x1145.jpg 1536w, https:\/\/milesiplanet.com\/wp-content\/uploads\/2020\/01\/magliette-1-2048x1526.jpg 2048w, https:\/\/milesiplanet.com\/wp-content\/uploads\/2020\/01\/magliette-1-600x447.jpg 600w\" sizes=\"auto, (max-width: 300px) 100vw, 300px\" \/>\n\t\t\t<\/dt>\n\t\t\t\t<dd class='wp-caption-text gallery-caption' id='gallery-3-4942'>\n\t\t\t\tKoszulki z logo\n\t\t\t\t<\/dd><\/dl><br style=\"clear: both\" \/><dl class='gallery-item'>\n\t\t\t<dt class='gallery-icon landscape'>\n\t\t\t\t<img loading=\"lazy\" decoding=\"async\" width=\"300\" height=\"224\" src=\"https:\/\/milesiplanet.com\/wp-content\/uploads\/2020\/01\/pettorina-300x224.jpg\" class=\"attachment-medium size-medium\" alt=\"pettorine mi\" aria-describedby=\"gallery-3-4875\" srcset=\"https:\/\/milesiplanet.com\/wp-content\/uploads\/2020\/01\/pettorina-300x224.jpg 300w, https:\/\/milesiplanet.com\/wp-content\/uploads\/2020\/01\/pettorina-1024x763.jpg 1024w, https:\/\/milesiplanet.com\/wp-content\/uploads\/2020\/01\/pettorina-768x572.jpg 768w, https:\/\/milesiplanet.com\/wp-content\/uploads\/2020\/01\/pettorina-1536x1145.jpg 1536w, https:\/\/milesiplanet.com\/wp-content\/uploads\/2020\/01\/pettorina-2048x1526.jpg 2048w, https:\/\/milesiplanet.com\/wp-content\/uploads\/2020\/01\/pettorina-600x447.jpg 600w\" sizes=\"auto, (max-width: 300px) 100vw, 300px\" \/>\n\t\t\t<\/dt>\n\t\t\t\t<dd class='wp-caption-text gallery-caption' id='gallery-3-4875'>\n\t\t\t\tFartuchy\n\t\t\t\t<\/dd><\/dl>\n\t\t\t<br style='clear: both' \/>\n\t\t<\/div>\n\n<p>&nbsp;<\/p>\n<p><em><span style=\"font-size: 10pt;\">Skontaktuj si\u0119 z przedstawicielem Milesi, aby zam\u00f3wi\u0107 papierow\u0105 wersj\u0119 broszur oraz materia\u0142y.<\/span><\/em><\/p>\n<p>&nbsp;<\/p>\n","protected":false},"excerpt":{"rendered":"<p>Tutaj znajduj\u0105 si\u0119 narz\u0119dzia, kt\u00f3re Milesi wykorzystuje w ramach swojej dzia\u0142alno\u015bci. &nbsp; &nbsp; &nbsp; &nbsp; Skontaktuj si\u0119 z przedstawicielem Milesi, aby zam\u00f3wi\u0107 papierow\u0105 wersj\u0119 broszur oraz materia\u0142y. &nbsp;<\/p>\n","protected":false},"author":1,"featured_media":0,"parent":5697,"menu_order":130,"comment_status":"closed","ping_status":"closed","template":"gallery.php","meta":{"_acf_changed":false,"footnotes":""},"class_list":["post-5754","page","type-page","status-publish","hentry"],"acf":[],"_links":{"self":[{"href":"https:\/\/milesiplanet.com\/pl\/wp-json\/wp\/v2\/pages\/5754","targetHints":{"allow":["GET"]}}],"collection":[{"href":"https:\/\/milesiplanet.com\/pl\/wp-json\/wp\/v2\/pages"}],"about":[{"href":"https:\/\/milesiplanet.com\/pl\/wp-json\/wp\/v2\/types\/page"}],"author":[{"embeddable":true,"href":"https:\/\/milesiplanet.com\/pl\/wp-json\/wp\/v2\/users\/1"}],"replies":[{"embeddable":true,"href":"https:\/\/milesiplanet.com\/pl\/wp-json\/wp\/v2\/comments?post=5754"}],"version-history":[{"count":0,"href":"https:\/\/milesiplanet.com\/pl\/wp-json\/wp\/v2\/pages\/5754\/revisions"}],"up":[{"embeddable":true,"href":"https:\/\/milesiplanet.com\/pl\/wp-json\/wp\/v2\/pages\/5697"}],"wp:attachment":[{"href":"https:\/\/milesiplanet.com\/pl\/wp-json\/wp\/v2\/media?parent=5754"}],"curies":[{"name":"wp","href":"https:\/\/api.w.org\/{rel}","templated":true}]}}