
{"id":73,"date":"2019-12-13T13:28:27","date_gmt":"2019-12-13T12:28:27","guid":{"rendered":"http:\/\/milesiplanet.com?page_id=73"},"modified":"2020-12-03T11:26:52","modified_gmt":"2020-12-03T10:26:52","slug":"dostep","status":"publish","type":"page","link":"https:\/\/milesiplanet.com\/pl\/dostep\/","title":{"rendered":"Dost\u0119p"},"content":{"rendered":"<p>Wprowad\u017a swoje dane u\u017cytkownika, aby uzyska\u0107 dost\u0119p do swojego konta<\/p>\n","protected":false},"excerpt":{"rendered":"<p>Wprowad\u017a swoje dane u\u017cytkownika, aby uzyska\u0107 dost\u0119p do swojego konta<\/p>\n","protected":false},"author":1,"featured_media":0,"parent":0,"menu_order":22,"comment_status":"closed","ping_status":"closed","template":"login.php","meta":{"_acf_changed":false,"footnotes":""},"class_list":["post-73","page","type-page","status-publish","hentry"],"acf":[],"_links":{"self":[{"href":"https:\/\/milesiplanet.com\/pl\/wp-json\/wp\/v2\/pages\/73","targetHints":{"allow":["GET"]}}],"collection":[{"href":"https:\/\/milesiplanet.com\/pl\/wp-json\/wp\/v2\/pages"}],"about":[{"href":"https:\/\/milesiplanet.com\/pl\/wp-json\/wp\/v2\/types\/page"}],"author":[{"embeddable":true,"href":"https:\/\/milesiplanet.com\/pl\/wp-json\/wp\/v2\/users\/1"}],"replies":[{"embeddable":true,"href":"https:\/\/milesiplanet.com\/pl\/wp-json\/wp\/v2\/comments?post=73"}],"version-history":[{"count":1,"href":"https:\/\/milesiplanet.com\/pl\/wp-json\/wp\/v2\/pages\/73\/revisions"}],"predecessor-version":[{"id":11894,"href":"https:\/\/milesiplanet.com\/pl\/wp-json\/wp\/v2\/pages\/73\/revisions\/11894"}],"wp:attachment":[{"href":"https:\/\/milesiplanet.com\/pl\/wp-json\/wp\/v2\/media?parent=73"}],"curies":[{"name":"wp","href":"https:\/\/api.w.org\/{rel}","templated":true}]}}