
{"id":8370,"date":"2020-01-10T14:30:06","date_gmt":"2020-01-10T13:30:06","guid":{"rendered":"http:\/\/milesiplanet.com\/prodotto\/uncategorized\/xgc100x-system-koloru\/"},"modified":"2020-04-21T14:44:56","modified_gmt":"2020-04-21T12:44:56","slug":"xgc100x-system-koloru","status":"publish","type":"product","link":"https:\/\/milesiplanet.com\/pl\/prodotto\/na-zewnatrz\/na-zewnatrz-lakier-nawierzchniowy\/na-zewnatrz-lakier-nawierzchniowy-lakier-nawierzchniowy-wodorozcienczalny\/xgc100x-system-koloru\/","title":{"rendered":"XGC100x  &#8211; System Koloru"},"content":{"rendered":"<p>Wodorozcie\u0144czalne lakiery nawierzchniowe o maksymalnej odporno\u015bci na \u017c\u00f3\u0142kni\u0119cie, specyficzne dla realizacji cykli p\u00f3\u0142przezroczystych.<\/p>\n","protected":false},"excerpt":{"rendered":"<p>Wodorozcie\u0144czalne lakiery nawierzchniowe o maksymalnej odporno\u015bci na \u017c\u00f3\u0142kni\u0119cie, specyficzne dla realizacji cykli p\u00f3\u0142przezroczystych.<\/p>\n","protected":false},"featured_media":0,"template":"","meta":{"_acf_changed":false},"product_brand":[],"product_cat":[556,570,571,682],"product_tag":[],"class_list":{"0":"post-8370","1":"product","2":"type-product","3":"status-publish","5":"product_cat-na-zewnatrz","6":"product_cat-na-zewnatrz-lakier-nawierzchniowy","7":"product_cat-na-zewnatrz-lakier-nawierzchniowy-lakier-nawierzchniowy-wodorozcienczalny","8":"product_cat-ivp-pl","10":"first","11":"instock","12":"shipping-taxable","13":"product-type-simple"},"acf":[],"_links":{"self":[{"href":"https:\/\/milesiplanet.com\/pl\/wp-json\/wp\/v2\/product\/8370","targetHints":{"allow":["GET"]}}],"collection":[{"href":"https:\/\/milesiplanet.com\/pl\/wp-json\/wp\/v2\/product"}],"about":[{"href":"https:\/\/milesiplanet.com\/pl\/wp-json\/wp\/v2\/types\/product"}],"wp:attachment":[{"href":"https:\/\/milesiplanet.com\/pl\/wp-json\/wp\/v2\/media?parent=8370"}],"wp:term":[{"taxonomy":"product_brand","embeddable":true,"href":"https:\/\/milesiplanet.com\/pl\/wp-json\/wp\/v2\/product_brand?post=8370"},{"taxonomy":"product_cat","embeddable":true,"href":"https:\/\/milesiplanet.com\/pl\/wp-json\/wp\/v2\/product_cat?post=8370"},{"taxonomy":"product_tag","embeddable":true,"href":"https:\/\/milesiplanet.com\/pl\/wp-json\/wp\/v2\/product_tag?post=8370"}],"curies":[{"name":"wp","href":"https:\/\/api.w.org\/{rel}","templated":true}]}}