
{"id":8372,"date":"2020-01-10T14:09:47","date_gmt":"2020-01-10T13:09:47","guid":{"rendered":"http:\/\/milesiplanet.com\/prodotto\/uncategorized\/xgc83nx-system-koloru\/"},"modified":"2020-04-24T16:27:51","modified_gmt":"2020-04-24T14:27:51","slug":"xgc83nx-system-koloru","status":"publish","type":"product","link":"https:\/\/milesiplanet.com\/pl\/prodotto\/na-zewnatrz\/na-zewnatrz-lakier-nawierzchniowy\/na-zewnatrz-lakier-nawierzchniowy-lakier-nawierzchniowy-wodorozcienczalny\/xgc83nx-system-koloru\/","title":{"rendered":"XGC83N3 \u2013 System Koloru"},"content":{"rendered":"<p>Lakiery nawierzchniowe wodne z doskona\u0142\u0105 si\u0142\u0105 wype\u0142niania.<\/p>\n","protected":false},"excerpt":{"rendered":"<p>Lakiery nawierzchniowe wodne z doskona\u0142\u0105 si\u0142\u0105 wype\u0142niania.<\/p>\n","protected":false},"featured_media":0,"template":"","meta":{"_acf_changed":false},"product_brand":[],"product_cat":[556,570,571,682],"product_tag":[],"class_list":{"0":"post-8372","1":"product","2":"type-product","3":"status-publish","5":"product_cat-na-zewnatrz","6":"product_cat-na-zewnatrz-lakier-nawierzchniowy","7":"product_cat-na-zewnatrz-lakier-nawierzchniowy-lakier-nawierzchniowy-wodorozcienczalny","8":"product_cat-ivp-pl","10":"first","11":"instock","12":"shipping-taxable","13":"product-type-simple"},"acf":[],"_links":{"self":[{"href":"https:\/\/milesiplanet.com\/pl\/wp-json\/wp\/v2\/product\/8372","targetHints":{"allow":["GET"]}}],"collection":[{"href":"https:\/\/milesiplanet.com\/pl\/wp-json\/wp\/v2\/product"}],"about":[{"href":"https:\/\/milesiplanet.com\/pl\/wp-json\/wp\/v2\/types\/product"}],"wp:attachment":[{"href":"https:\/\/milesiplanet.com\/pl\/wp-json\/wp\/v2\/media?parent=8372"}],"wp:term":[{"taxonomy":"product_brand","embeddable":true,"href":"https:\/\/milesiplanet.com\/pl\/wp-json\/wp\/v2\/product_brand?post=8372"},{"taxonomy":"product_cat","embeddable":true,"href":"https:\/\/milesiplanet.com\/pl\/wp-json\/wp\/v2\/product_cat?post=8372"},{"taxonomy":"product_tag","embeddable":true,"href":"https:\/\/milesiplanet.com\/pl\/wp-json\/wp\/v2\/product_tag?post=8372"}],"curies":[{"name":"wp","href":"https:\/\/api.w.org\/{rel}","templated":true}]}}