
{"id":8379,"date":"2020-01-08T17:15:26","date_gmt":"2020-01-08T16:15:26","guid":{"rendered":"http:\/\/milesiplanet.com\/prodotto\/uncategorized\/seria-gloss-hgr635x-system-koloru\/"},"modified":"2020-04-27T11:41:40","modified_gmt":"2020-04-27T09:41:40","slug":"seria-gloss-hgr635x-system-koloru","status":"publish","type":"product","link":"https:\/\/milesiplanet.com\/pl\/prodotto\/do-wnetrz\/do-wnetrz-lakier-nawierzchniowy\/do-wnetrz-lakier-nawierzchniowy-lakier-nawierzchniowy-wodorozcienczalny\/seria-gloss-hgr635x-system-koloru\/","title":{"rendered":"Seria Gloss HGR635x \u2013 System Koloru"},"content":{"rendered":"<p>Wodorozcie\u0144czalne, dwusk\u0142adnikowe lakiery nawierzchniowe do wn\u0119trz o maksymalnej mocy wype\u0142nienia i wyr\u00f3wnywania powierzchni oraz doskona\u0142ej twardo\u015bci powierzchni.<\/p>\n","protected":false},"excerpt":{"rendered":"<p>Wodorozcie\u0144czalne, dwusk\u0142adnikowe lakiery nawierzchniowe do wn\u0119trz o maksymalnej mocy wype\u0142nienia i wyr\u00f3wnywania powierzchni oraz doskona\u0142ej twardo\u015bci powierzchni.<\/p>\n","protected":false},"featured_media":0,"template":"","meta":{"_acf_changed":false},"product_brand":[],"product_cat":[559,560,561,682],"product_tag":[],"class_list":{"0":"post-8379","1":"product","2":"type-product","3":"status-publish","5":"product_cat-do-wnetrz","6":"product_cat-do-wnetrz-lakier-nawierzchniowy","7":"product_cat-do-wnetrz-lakier-nawierzchniowy-lakier-nawierzchniowy-wodorozcienczalny","8":"product_cat-ivp-pl","10":"first","11":"instock","12":"shipping-taxable","13":"product-type-simple"},"acf":[],"_links":{"self":[{"href":"https:\/\/milesiplanet.com\/pl\/wp-json\/wp\/v2\/product\/8379","targetHints":{"allow":["GET"]}}],"collection":[{"href":"https:\/\/milesiplanet.com\/pl\/wp-json\/wp\/v2\/product"}],"about":[{"href":"https:\/\/milesiplanet.com\/pl\/wp-json\/wp\/v2\/types\/product"}],"wp:attachment":[{"href":"https:\/\/milesiplanet.com\/pl\/wp-json\/wp\/v2\/media?parent=8379"}],"wp:term":[{"taxonomy":"product_brand","embeddable":true,"href":"https:\/\/milesiplanet.com\/pl\/wp-json\/wp\/v2\/product_brand?post=8379"},{"taxonomy":"product_cat","embeddable":true,"href":"https:\/\/milesiplanet.com\/pl\/wp-json\/wp\/v2\/product_cat?post=8379"},{"taxonomy":"product_tag","embeddable":true,"href":"https:\/\/milesiplanet.com\/pl\/wp-json\/wp\/v2\/product_tag?post=8379"}],"curies":[{"name":"wp","href":"https:\/\/api.w.org\/{rel}","templated":true}]}}