
{"id":8386,"date":"2020-01-08T15:56:37","date_gmt":"2020-01-08T14:56:37","guid":{"rendered":"http:\/\/milesiplanet.com\/prodotto\/uncategorized\/seria-gloss-lkr2044x-system-koloru\/"},"modified":"2020-04-27T17:19:25","modified_gmt":"2020-04-27T15:19:25","slug":"seria-gloss-lkr2044x-system-koloru","status":"publish","type":"product","link":"https:\/\/milesiplanet.com\/pl\/prodotto\/do-wnetrz\/do-wnetrz-lakier-nawierzchniowy\/do-wnetrz-lakier-nawierzchniowy-lakier-nawierzchniowy-poliuretanowej\/seria-gloss-lkr2044x-system-koloru\/","title":{"rendered":"Seria Gloss LKR2044x \u2013 System Koloru"},"content":{"rendered":"<p>Poliuretanowe lakiery nawierzchniowe o dobrej wertykalno\u015bci, doskona\u0142ej \u0142atwo\u015bci aplikacji i dobrej sile krycia.<\/p>\n","protected":false},"excerpt":{"rendered":"<p>Poliuretanowe lakiery nawierzchniowe o dobrej wertykalno\u015bci, doskona\u0142ej \u0142atwo\u015bci aplikacji i dobrej sile krycia.<\/p>\n","protected":false},"featured_media":0,"template":"","meta":{"_acf_changed":false},"product_brand":[],"product_cat":[559,560,562,682],"product_tag":[],"class_list":{"0":"post-8386","1":"product","2":"type-product","3":"status-publish","5":"product_cat-do-wnetrz","6":"product_cat-do-wnetrz-lakier-nawierzchniowy","7":"product_cat-do-wnetrz-lakier-nawierzchniowy-lakier-nawierzchniowy-poliuretanowej","8":"product_cat-ivp-pl","10":"first","11":"instock","12":"shipping-taxable","13":"product-type-simple"},"acf":[],"_links":{"self":[{"href":"https:\/\/milesiplanet.com\/pl\/wp-json\/wp\/v2\/product\/8386","targetHints":{"allow":["GET"]}}],"collection":[{"href":"https:\/\/milesiplanet.com\/pl\/wp-json\/wp\/v2\/product"}],"about":[{"href":"https:\/\/milesiplanet.com\/pl\/wp-json\/wp\/v2\/types\/product"}],"wp:attachment":[{"href":"https:\/\/milesiplanet.com\/pl\/wp-json\/wp\/v2\/media?parent=8386"}],"wp:term":[{"taxonomy":"product_brand","embeddable":true,"href":"https:\/\/milesiplanet.com\/pl\/wp-json\/wp\/v2\/product_brand?post=8386"},{"taxonomy":"product_cat","embeddable":true,"href":"https:\/\/milesiplanet.com\/pl\/wp-json\/wp\/v2\/product_cat?post=8386"},{"taxonomy":"product_tag","embeddable":true,"href":"https:\/\/milesiplanet.com\/pl\/wp-json\/wp\/v2\/product_tag?post=8386"}],"curies":[{"name":"wp","href":"https:\/\/api.w.org\/{rel}","templated":true}]}}