
{"id":8389,"date":"2020-01-08T15:48:19","date_gmt":"2020-01-08T14:48:19","guid":{"rendered":"http:\/\/milesiplanet.com\/prodotto\/uncategorized\/seria-gloss-lkr6ab1x-system-koloru\/"},"modified":"2020-04-30T11:27:16","modified_gmt":"2020-04-30T09:27:16","slug":"seria-gloss-lkr6ab1x-system-koloru","status":"publish","type":"product","link":"https:\/\/milesiplanet.com\/pl\/prodotto\/do-wnetrz\/do-wnetrz-lakier-nawierzchniowy\/do-wnetrz-lakier-nawierzchniowy-lakier-nawierzchniowy-poliuretanowej\/seria-gloss-lkr6ab1x-system-koloru\/","title":{"rendered":"Seria Gloss LKR6AB1x\u2013 System Koloru"},"content":{"rendered":"<p>Poliuretanowe lakiery nawierzchniowe o doskona\u0142ej zwil\u017calno\u015bci i rozlewno\u015bci oraz dobrej wertykalno\u015bci.<\/p>\n","protected":false},"excerpt":{"rendered":"<p>Poliuretanowe lakiery nawierzchniowe o doskona\u0142ej zwil\u017calno\u015bci i rozlewno\u015bci oraz dobrej wertykalno\u015bci.<\/p>\n","protected":false},"featured_media":0,"template":"","meta":{"_acf_changed":false},"product_brand":[],"product_cat":[559,560,562,682],"product_tag":[],"class_list":{"0":"post-8389","1":"product","2":"type-product","3":"status-publish","5":"product_cat-do-wnetrz","6":"product_cat-do-wnetrz-lakier-nawierzchniowy","7":"product_cat-do-wnetrz-lakier-nawierzchniowy-lakier-nawierzchniowy-poliuretanowej","8":"product_cat-ivp-pl","10":"first","11":"instock","12":"shipping-taxable","13":"product-type-simple"},"acf":[],"_links":{"self":[{"href":"https:\/\/milesiplanet.com\/pl\/wp-json\/wp\/v2\/product\/8389","targetHints":{"allow":["GET"]}}],"collection":[{"href":"https:\/\/milesiplanet.com\/pl\/wp-json\/wp\/v2\/product"}],"about":[{"href":"https:\/\/milesiplanet.com\/pl\/wp-json\/wp\/v2\/types\/product"}],"wp:attachment":[{"href":"https:\/\/milesiplanet.com\/pl\/wp-json\/wp\/v2\/media?parent=8389"}],"wp:term":[{"taxonomy":"product_brand","embeddable":true,"href":"https:\/\/milesiplanet.com\/pl\/wp-json\/wp\/v2\/product_brand?post=8389"},{"taxonomy":"product_cat","embeddable":true,"href":"https:\/\/milesiplanet.com\/pl\/wp-json\/wp\/v2\/product_cat?post=8389"},{"taxonomy":"product_tag","embeddable":true,"href":"https:\/\/milesiplanet.com\/pl\/wp-json\/wp\/v2\/product_tag?post=8389"}],"curies":[{"name":"wp","href":"https:\/\/api.w.org\/{rel}","templated":true}]}}