
{"id":8395,"date":"2020-01-14T16:32:26","date_gmt":"2020-01-14T15:32:26","guid":{"rendered":"http:\/\/milesiplanet.com\/prodotto\/uncategorized\/seria-lhr2010x-system-koloru\/"},"modified":"2020-04-30T14:33:20","modified_gmt":"2020-04-30T12:33:20","slug":"seria-lhr2010x-system-koloru","status":"publish","type":"product","link":"https:\/\/milesiplanet.com\/pl\/prodotto\/do-wnetrz\/do-wnetrz-lakier-nawierzchniowy\/do-wnetrz-lakier-nawierzchniowy-lakier-nawierzchniowy-poliuretanowej\/seria-lhr2010x-system-koloru\/","title":{"rendered":"Seria LHR2010x &#8211; System Koloru"},"content":{"rendered":"<p>Po\u0142yskowe nawierzchniowe lakiery poliuretanowe o dobrej szlifowalno\u015bci i szybkim schni\u0119ciu.<\/p>\n","protected":false},"excerpt":{"rendered":"<p>Po\u0142yskowe nawierzchniowe lakiery poliuretanowe o dobrej szlifowalno\u015bci i szybkim schni\u0119ciu.<\/p>\n","protected":false},"featured_media":0,"template":"","meta":{"_acf_changed":false},"product_brand":[],"product_cat":[559,560,562,682],"product_tag":[],"class_list":{"0":"post-8395","1":"product","2":"type-product","3":"status-publish","5":"product_cat-do-wnetrz","6":"product_cat-do-wnetrz-lakier-nawierzchniowy","7":"product_cat-do-wnetrz-lakier-nawierzchniowy-lakier-nawierzchniowy-poliuretanowej","8":"product_cat-ivp-pl","10":"first","11":"instock","12":"shipping-taxable","13":"product-type-simple"},"acf":[],"_links":{"self":[{"href":"https:\/\/milesiplanet.com\/pl\/wp-json\/wp\/v2\/product\/8395","targetHints":{"allow":["GET"]}}],"collection":[{"href":"https:\/\/milesiplanet.com\/pl\/wp-json\/wp\/v2\/product"}],"about":[{"href":"https:\/\/milesiplanet.com\/pl\/wp-json\/wp\/v2\/types\/product"}],"wp:attachment":[{"href":"https:\/\/milesiplanet.com\/pl\/wp-json\/wp\/v2\/media?parent=8395"}],"wp:term":[{"taxonomy":"product_brand","embeddable":true,"href":"https:\/\/milesiplanet.com\/pl\/wp-json\/wp\/v2\/product_brand?post=8395"},{"taxonomy":"product_cat","embeddable":true,"href":"https:\/\/milesiplanet.com\/pl\/wp-json\/wp\/v2\/product_cat?post=8395"},{"taxonomy":"product_tag","embeddable":true,"href":"https:\/\/milesiplanet.com\/pl\/wp-json\/wp\/v2\/product_tag?post=8395"}],"curies":[{"name":"wp","href":"https:\/\/api.w.org\/{rel}","templated":true}]}}