
{"id":8399,"date":"2020-01-14T16:19:04","date_gmt":"2020-01-14T15:19:04","guid":{"rendered":"http:\/\/milesiplanet.com\/prodotto\/uncategorized\/seria-lkr692x-system-koloru\/"},"modified":"2020-04-30T14:46:22","modified_gmt":"2020-04-30T12:46:22","slug":"seria-lkr692x-system-koloru","status":"publish","type":"product","link":"https:\/\/milesiplanet.com\/pl\/prodotto\/do-wnetrz\/do-wnetrz-lakier-nawierzchniowy\/do-wnetrz-lakier-nawierzchniowy-lakier-nawierzchniowy-poliuretanowej\/seria-lkr692x-system-koloru\/","title":{"rendered":"seria  LKR692x &#8211; System Koloru"},"content":{"rendered":"<p>Poliuretanowe, nawierzchniowe lakiery o maksymalnej mi\u0119kko\u015bci w dotyku i odporno\u015bci na wyb\u0142yszczanie, maksymalnej odporno\u015bci na dzia\u0142anie cieczy(Super Scratch Resistance).<\/p>\n","protected":false},"excerpt":{"rendered":"<p>Poliuretanowe, nawierzchniowe lakiery o maksymalnej mi\u0119kko\u015bci w dotyku i odporno\u015bci na wyb\u0142yszczanie, maksymalnej odporno\u015bci na dzia\u0142anie cieczy(Super Scratch Resistance).<\/p>\n","protected":false},"featured_media":0,"template":"","meta":{"_acf_changed":false},"product_brand":[],"product_cat":[562,682,559,560],"product_tag":[],"class_list":{"0":"post-8399","1":"product","2":"type-product","3":"status-publish","5":"product_cat-do-wnetrz-lakier-nawierzchniowy-lakier-nawierzchniowy-poliuretanowej","6":"product_cat-ivp-pl","7":"product_cat-do-wnetrz","8":"product_cat-do-wnetrz-lakier-nawierzchniowy","10":"first","11":"instock","12":"shipping-taxable","13":"product-type-simple"},"acf":[],"_links":{"self":[{"href":"https:\/\/milesiplanet.com\/pl\/wp-json\/wp\/v2\/product\/8399","targetHints":{"allow":["GET"]}}],"collection":[{"href":"https:\/\/milesiplanet.com\/pl\/wp-json\/wp\/v2\/product"}],"about":[{"href":"https:\/\/milesiplanet.com\/pl\/wp-json\/wp\/v2\/types\/product"}],"wp:attachment":[{"href":"https:\/\/milesiplanet.com\/pl\/wp-json\/wp\/v2\/media?parent=8399"}],"wp:term":[{"taxonomy":"product_brand","embeddable":true,"href":"https:\/\/milesiplanet.com\/pl\/wp-json\/wp\/v2\/product_brand?post=8399"},{"taxonomy":"product_cat","embeddable":true,"href":"https:\/\/milesiplanet.com\/pl\/wp-json\/wp\/v2\/product_cat?post=8399"},{"taxonomy":"product_tag","embeddable":true,"href":"https:\/\/milesiplanet.com\/pl\/wp-json\/wp\/v2\/product_tag?post=8399"}],"curies":[{"name":"wp","href":"https:\/\/api.w.org\/{rel}","templated":true}]}}