
{"id":8401,"date":"2020-04-30T14:56:38","date_gmt":"2020-04-30T12:56:38","guid":{"rendered":"http:\/\/milesiplanet.com\/?post_type=product&#038;p=8401"},"modified":"2020-04-30T15:01:32","modified_gmt":"2020-04-30T13:01:32","slug":"seria-lkr1848x-system-koloru","status":"publish","type":"product","link":"https:\/\/milesiplanet.com\/pl\/prodotto\/do-wnetrz\/do-wnetrz-lakier-nawierzchniowy\/do-wnetrz-lakier-nawierzchniowy-lakier-nawierzchniowy-poliuretanowej\/seria-lkr1848x-system-koloru\/","title":{"rendered":"Seria LKR1848x\u2013 System Koloru"},"content":{"rendered":"<p>Poliuretanowe lakiery nawierzchniowe z dobr\u0105 szybko\u015bci\u0105 schni\u0119cia.<\/p>\n","protected":false},"excerpt":{"rendered":"<p>Poliuretanowe lakiery nawierzchniowe z dobr\u0105 szybko\u015bci\u0105 schni\u0119cia.<\/p>\n","protected":false},"featured_media":0,"template":"","meta":{"_acf_changed":false},"product_brand":[],"product_cat":[562,682,559,560],"product_tag":[],"class_list":{"0":"post-8401","1":"product","2":"type-product","3":"status-publish","5":"product_cat-do-wnetrz-lakier-nawierzchniowy-lakier-nawierzchniowy-poliuretanowej","6":"product_cat-ivp-pl","7":"product_cat-do-wnetrz","8":"product_cat-do-wnetrz-lakier-nawierzchniowy","10":"first","11":"instock","12":"shipping-taxable","13":"product-type-simple"},"acf":[],"_links":{"self":[{"href":"https:\/\/milesiplanet.com\/pl\/wp-json\/wp\/v2\/product\/8401","targetHints":{"allow":["GET"]}}],"collection":[{"href":"https:\/\/milesiplanet.com\/pl\/wp-json\/wp\/v2\/product"}],"about":[{"href":"https:\/\/milesiplanet.com\/pl\/wp-json\/wp\/v2\/types\/product"}],"wp:attachment":[{"href":"https:\/\/milesiplanet.com\/pl\/wp-json\/wp\/v2\/media?parent=8401"}],"wp:term":[{"taxonomy":"product_brand","embeddable":true,"href":"https:\/\/milesiplanet.com\/pl\/wp-json\/wp\/v2\/product_brand?post=8401"},{"taxonomy":"product_cat","embeddable":true,"href":"https:\/\/milesiplanet.com\/pl\/wp-json\/wp\/v2\/product_cat?post=8401"},{"taxonomy":"product_tag","embeddable":true,"href":"https:\/\/milesiplanet.com\/pl\/wp-json\/wp\/v2\/product_tag?post=8401"}],"curies":[{"name":"wp","href":"https:\/\/api.w.org\/{rel}","templated":true}]}}