
{"id":8480,"date":"2020-01-13T18:23:16","date_gmt":"2020-01-13T17:23:16","guid":{"rendered":"http:\/\/milesiplanet.com\/prodotto\/uncategorized\/serie-gloss-xgc06x-color-system\/"},"modified":"2020-10-20T14:22:45","modified_gmt":"2020-10-20T12:22:45","slug":"serie-gloss-xgc06x-color-system","status":"publish","type":"product","link":"https:\/\/milesiplanet.com\/pl\/prodotto\/na-zewnatrz\/na-zewnatrz-all-in-one\/serie-gloss-xgc06x-color-system\/","title":{"rendered":"XGC06x Seria Gloss \u2013 System Koloru"},"content":{"rendered":"<p>Produkty na bazie wody, kt\u00f3re po na\u0142o\u017ceniu potr\u00f3jnej warstwy zast\u0119puj\u0105 \u015brodek impregnacyjny, \u015brodek gruntuj\u0105cy i lakier nawierzchniowy oraz zapewniaj\u0105 ca\u0142kowit\u0105 ochron\u0119 i dobre wype\u0142nienie drewna li\u015bciastego i iglastego<\/p>\n","protected":false},"excerpt":{"rendered":"<p>Produkty na bazie wody, kt\u00f3re po na\u0142o\u017ceniu potr\u00f3jnej warstwy zast\u0119puj\u0105 \u015brodek impregnacyjny, \u015brodek gruntuj\u0105cy i lakier nawierzchniowy oraz zapewniaj\u0105 ca\u0142kowit\u0105 ochron\u0119 i dobre wype\u0142nienie drewna li\u015bciastego i iglastego<\/p>\n","protected":false},"featured_media":0,"template":"","meta":{"_acf_changed":false},"product_brand":[],"product_cat":[556,573,628],"product_tag":[],"class_list":{"0":"post-8480","1":"product","2":"type-product","3":"status-publish","5":"product_cat-na-zewnatrz","6":"product_cat-na-zewnatrz-all-in-one","7":"product_cat-africa-pl","9":"first","10":"instock","11":"shipping-taxable","12":"product-type-simple"},"acf":[],"_links":{"self":[{"href":"https:\/\/milesiplanet.com\/pl\/wp-json\/wp\/v2\/product\/8480","targetHints":{"allow":["GET"]}}],"collection":[{"href":"https:\/\/milesiplanet.com\/pl\/wp-json\/wp\/v2\/product"}],"about":[{"href":"https:\/\/milesiplanet.com\/pl\/wp-json\/wp\/v2\/types\/product"}],"wp:attachment":[{"href":"https:\/\/milesiplanet.com\/pl\/wp-json\/wp\/v2\/media?parent=8480"}],"wp:term":[{"taxonomy":"product_brand","embeddable":true,"href":"https:\/\/milesiplanet.com\/pl\/wp-json\/wp\/v2\/product_brand?post=8480"},{"taxonomy":"product_cat","embeddable":true,"href":"https:\/\/milesiplanet.com\/pl\/wp-json\/wp\/v2\/product_cat?post=8480"},{"taxonomy":"product_tag","embeddable":true,"href":"https:\/\/milesiplanet.com\/pl\/wp-json\/wp\/v2\/product_tag?post=8480"}],"curies":[{"name":"wp","href":"https:\/\/api.w.org\/{rel}","templated":true}]}}