
{"id":8633,"date":"2020-01-10T13:57:59","date_gmt":"2020-01-10T12:57:59","guid":{"rendered":"http:\/\/milesiplanet.com\/prodotto\/uncategorized\/xbt10x-seria-system-koloru\/"},"modified":"2020-07-03T17:34:11","modified_gmt":"2020-07-03T15:34:11","slug":"xbt10x-seria-system-koloru","status":"publish","type":"product","link":"https:\/\/milesiplanet.com\/pl\/prodotto\/na-zewnatrz\/na-zewnatrz-podklad\/na-zewnatrz-podklad-podklad-wodorozcienczalny\/xbt10x-seria-system-koloru\/","title":{"rendered":"XBT10x Seria \u2013 System Koloru"},"content":{"rendered":"<p>Podk\u0142ady wodny o doskona\u0142ej szlifowalno\u015bci i maksymalnej sile krycia<\/p>\n","protected":false},"excerpt":{"rendered":"<p>Podk\u0142ady wodny o doskona\u0142ej szlifowalno\u015bci i maksymalnej sile krycia<\/p>\n","protected":false},"featured_media":0,"template":"","meta":{"_acf_changed":false},"product_brand":[],"product_cat":[556,568,569,682],"product_tag":[],"class_list":{"0":"post-8633","1":"product","2":"type-product","3":"status-publish","5":"product_cat-na-zewnatrz","6":"product_cat-na-zewnatrz-podklad","7":"product_cat-na-zewnatrz-podklad-podklad-wodorozcienczalny","8":"product_cat-ivp-pl","10":"first","11":"instock","12":"shipping-taxable","13":"product-type-simple"},"acf":[],"_links":{"self":[{"href":"https:\/\/milesiplanet.com\/pl\/wp-json\/wp\/v2\/product\/8633","targetHints":{"allow":["GET"]}}],"collection":[{"href":"https:\/\/milesiplanet.com\/pl\/wp-json\/wp\/v2\/product"}],"about":[{"href":"https:\/\/milesiplanet.com\/pl\/wp-json\/wp\/v2\/types\/product"}],"wp:attachment":[{"href":"https:\/\/milesiplanet.com\/pl\/wp-json\/wp\/v2\/media?parent=8633"}],"wp:term":[{"taxonomy":"product_brand","embeddable":true,"href":"https:\/\/milesiplanet.com\/pl\/wp-json\/wp\/v2\/product_brand?post=8633"},{"taxonomy":"product_cat","embeddable":true,"href":"https:\/\/milesiplanet.com\/pl\/wp-json\/wp\/v2\/product_cat?post=8633"},{"taxonomy":"product_tag","embeddable":true,"href":"https:\/\/milesiplanet.com\/pl\/wp-json\/wp\/v2\/product_tag?post=8633"}],"curies":[{"name":"wp","href":"https:\/\/api.w.org\/{rel}","templated":true}]}}