
{"id":8634,"date":"2020-01-10T14:02:19","date_gmt":"2020-01-10T13:02:19","guid":{"rendered":"http:\/\/milesiplanet.com\/prodotto\/uncategorized\/xbt6aa1x-seria-system-koloru\/"},"modified":"2020-07-03T17:32:31","modified_gmt":"2020-07-03T15:32:31","slug":"xbt6aa1x-seria-system-koloru","status":"publish","type":"product","link":"https:\/\/milesiplanet.com\/pl\/prodotto\/na-zewnatrz\/na-zewnatrz-podklad\/na-zewnatrz-podklad-podklad-wodorozcienczalny\/xbt6aa1x-seria-system-koloru\/","title":{"rendered":"XBT6AA1x Seria \u2013 System Koloru"},"content":{"rendered":"<p>Podk\u0142ady wodne o maksymalnej mocy izolacyjnej i doskona\u0142ej pionowo\u015bci<\/p>\n","protected":false},"excerpt":{"rendered":"<p>Podk\u0142ady wodne o maksymalnej mocy izolacyjnej i doskona\u0142ej pionowo\u015bci<\/p>\n","protected":false},"featured_media":0,"template":"","meta":{"_acf_changed":false},"product_brand":[],"product_cat":[556,568,569,682],"product_tag":[],"class_list":{"0":"post-8634","1":"product","2":"type-product","3":"status-publish","5":"product_cat-na-zewnatrz","6":"product_cat-na-zewnatrz-podklad","7":"product_cat-na-zewnatrz-podklad-podklad-wodorozcienczalny","8":"product_cat-ivp-pl","10":"first","11":"instock","12":"shipping-taxable","13":"product-type-simple"},"acf":[],"_links":{"self":[{"href":"https:\/\/milesiplanet.com\/pl\/wp-json\/wp\/v2\/product\/8634","targetHints":{"allow":["GET"]}}],"collection":[{"href":"https:\/\/milesiplanet.com\/pl\/wp-json\/wp\/v2\/product"}],"about":[{"href":"https:\/\/milesiplanet.com\/pl\/wp-json\/wp\/v2\/types\/product"}],"wp:attachment":[{"href":"https:\/\/milesiplanet.com\/pl\/wp-json\/wp\/v2\/media?parent=8634"}],"wp:term":[{"taxonomy":"product_brand","embeddable":true,"href":"https:\/\/milesiplanet.com\/pl\/wp-json\/wp\/v2\/product_brand?post=8634"},{"taxonomy":"product_cat","embeddable":true,"href":"https:\/\/milesiplanet.com\/pl\/wp-json\/wp\/v2\/product_cat?post=8634"},{"taxonomy":"product_tag","embeddable":true,"href":"https:\/\/milesiplanet.com\/pl\/wp-json\/wp\/v2\/product_tag?post=8634"}],"curies":[{"name":"wp","href":"https:\/\/api.w.org\/{rel}","templated":true}]}}