
{"id":8640,"date":"2020-01-08T16:58:04","date_gmt":"2020-01-08T15:58:04","guid":{"rendered":"http:\/\/milesiplanet.com\/prodotto\/uncategorized\/seria-gloss-lvr602x-system-koloru\/"},"modified":"2020-07-06T16:39:22","modified_gmt":"2020-07-06T14:39:22","slug":"seria-gloss-lvr602x-system-koloru","status":"publish","type":"product","link":"https:\/\/milesiplanet.com\/pl\/prodotto\/do-wnetrz\/do-wnetrz-lakier-wielowarstwowy\/do-wnetrz-lakier-wielowarstwowy-lakier-wielowarstwowy-akrylowye\/seria-gloss-lvr602x-system-koloru\/","title":{"rendered":"Seria Gloss LVR602x\u2013 System Koloru"},"content":{"rendered":"<p>Akrylowe lakiery wielowarstwowe mog\u0105 by\u0107 r\u00f3wnie\u017c stosowane jako wyko\u0144czenia o doskona\u0142ym podkre\u015bleniu struktury por\u00f3w i doskona\u0142ej twardo\u015bci powierzchni.<\/p>\n","protected":false},"excerpt":{"rendered":"<p>Akrylowe lakiery wielowarstwowe mog\u0105 by\u0107 r\u00f3wnie\u017c stosowane jako wyko\u0144czenia o doskona\u0142ym podkre\u015bleniu struktury por\u00f3w i doskona\u0142ej twardo\u015bci powierzchni.<\/p>\n","protected":false},"featured_media":0,"template":"","meta":{"_acf_changed":false},"product_brand":[],"product_cat":[559,564,565,682],"product_tag":[],"class_list":{"0":"post-8640","1":"product","2":"type-product","3":"status-publish","5":"product_cat-do-wnetrz","6":"product_cat-do-wnetrz-lakier-wielowarstwowy","7":"product_cat-do-wnetrz-lakier-wielowarstwowy-lakier-wielowarstwowy-akrylowye","8":"product_cat-ivp-pl","10":"first","11":"instock","12":"shipping-taxable","13":"product-type-simple"},"acf":[],"_links":{"self":[{"href":"https:\/\/milesiplanet.com\/pl\/wp-json\/wp\/v2\/product\/8640","targetHints":{"allow":["GET"]}}],"collection":[{"href":"https:\/\/milesiplanet.com\/pl\/wp-json\/wp\/v2\/product"}],"about":[{"href":"https:\/\/milesiplanet.com\/pl\/wp-json\/wp\/v2\/types\/product"}],"wp:attachment":[{"href":"https:\/\/milesiplanet.com\/pl\/wp-json\/wp\/v2\/media?parent=8640"}],"wp:term":[{"taxonomy":"product_brand","embeddable":true,"href":"https:\/\/milesiplanet.com\/pl\/wp-json\/wp\/v2\/product_brand?post=8640"},{"taxonomy":"product_cat","embeddable":true,"href":"https:\/\/milesiplanet.com\/pl\/wp-json\/wp\/v2\/product_cat?post=8640"},{"taxonomy":"product_tag","embeddable":true,"href":"https:\/\/milesiplanet.com\/pl\/wp-json\/wp\/v2\/product_tag?post=8640"}],"curies":[{"name":"wp","href":"https:\/\/api.w.org\/{rel}","templated":true}]}}