
{"id":8643,"date":"2020-07-07T10:02:23","date_gmt":"2020-07-07T08:02:23","guid":{"rendered":"http:\/\/milesiplanet.com\/?post_type=product&#038;p=8643"},"modified":"2020-07-07T10:10:46","modified_gmt":"2020-07-07T08:10:46","slug":"kkr513x-seria-system-koloru","status":"publish","type":"product","link":"https:\/\/milesiplanet.com\/pl\/prodotto\/do-wnetrz\/do-wnetrz-lakier-wielowarstwowy\/do-wnetrz-lakier-wielowarstwowy-lakier-wielowarstwowy-akrylowye\/kkr513x-seria-system-koloru\/","title":{"rendered":"KKR513x Seria \u2013 System Koloru"},"content":{"rendered":"<p>Akrylowe lakiery wielowarstwowe stosowane r\u00f3wnie\u017c jako wyko\u0144czenia o dobrej odporno\u015bci na metal marking i doskona\u0142ej zdolno\u015bci krycia.<\/p>\n","protected":false},"excerpt":{"rendered":"<p>Akrylowe lakiery wielowarstwowe stosowane r\u00f3wnie\u017c jako wyko\u0144czenia o dobrej odporno\u015bci na metal marking i doskona\u0142ej zdolno\u015bci krycia.<\/p>\n","protected":false},"featured_media":0,"template":"","meta":{"_acf_changed":false},"product_brand":[],"product_cat":[559,564,565,682],"product_tag":[],"class_list":{"0":"post-8643","1":"product","2":"type-product","3":"status-publish","5":"product_cat-do-wnetrz","6":"product_cat-do-wnetrz-lakier-wielowarstwowy","7":"product_cat-do-wnetrz-lakier-wielowarstwowy-lakier-wielowarstwowy-akrylowye","8":"product_cat-ivp-pl","10":"first","11":"instock","12":"shipping-taxable","13":"product-type-simple"},"acf":[],"_links":{"self":[{"href":"https:\/\/milesiplanet.com\/pl\/wp-json\/wp\/v2\/product\/8643","targetHints":{"allow":["GET"]}}],"collection":[{"href":"https:\/\/milesiplanet.com\/pl\/wp-json\/wp\/v2\/product"}],"about":[{"href":"https:\/\/milesiplanet.com\/pl\/wp-json\/wp\/v2\/types\/product"}],"wp:attachment":[{"href":"https:\/\/milesiplanet.com\/pl\/wp-json\/wp\/v2\/media?parent=8643"}],"wp:term":[{"taxonomy":"product_brand","embeddable":true,"href":"https:\/\/milesiplanet.com\/pl\/wp-json\/wp\/v2\/product_brand?post=8643"},{"taxonomy":"product_cat","embeddable":true,"href":"https:\/\/milesiplanet.com\/pl\/wp-json\/wp\/v2\/product_cat?post=8643"},{"taxonomy":"product_tag","embeddable":true,"href":"https:\/\/milesiplanet.com\/pl\/wp-json\/wp\/v2\/product_tag?post=8643"}],"curies":[{"name":"wp","href":"https:\/\/api.w.org\/{rel}","templated":true}]}}