
{"id":8647,"date":"2020-01-08T17:41:35","date_gmt":"2020-01-08T16:41:35","guid":{"rendered":"http:\/\/milesiplanet.com\/prodotto\/uncategorized\/xhc50x-seria-system-koloru\/"},"modified":"2020-07-07T11:03:31","modified_gmt":"2020-07-07T09:03:31","slug":"xhc50x-seria-system-koloru","status":"publish","type":"product","link":"https:\/\/milesiplanet.com\/pl\/prodotto\/na-zewnatrz\/na-zewnatrz-impregnat\/na-zewnatrz-impregnat-impregnat-wodorozcienczalny\/xhc50x-seria-system-koloru\/","title":{"rendered":"XHC50x Seria \u2013 System Koloru"},"content":{"rendered":"<p>Impregnat wodny o doskona\u0142ej zwil\u017calno\u015bci.<\/p>\n","protected":false},"excerpt":{"rendered":"<p>Impregnat wodny o doskona\u0142ej zwil\u017calno\u015bci.<\/p>\n","protected":false},"featured_media":0,"template":"","meta":{"_acf_changed":false},"product_brand":[],"product_cat":[556,566,567,682],"product_tag":[],"class_list":{"0":"post-8647","1":"product","2":"type-product","3":"status-publish","5":"product_cat-na-zewnatrz","6":"product_cat-na-zewnatrz-impregnat","7":"product_cat-na-zewnatrz-impregnat-impregnat-wodorozcienczalny","8":"product_cat-ivp-pl","10":"first","11":"instock","12":"shipping-taxable","13":"product-type-simple"},"acf":[],"_links":{"self":[{"href":"https:\/\/milesiplanet.com\/pl\/wp-json\/wp\/v2\/product\/8647","targetHints":{"allow":["GET"]}}],"collection":[{"href":"https:\/\/milesiplanet.com\/pl\/wp-json\/wp\/v2\/product"}],"about":[{"href":"https:\/\/milesiplanet.com\/pl\/wp-json\/wp\/v2\/types\/product"}],"wp:attachment":[{"href":"https:\/\/milesiplanet.com\/pl\/wp-json\/wp\/v2\/media?parent=8647"}],"wp:term":[{"taxonomy":"product_brand","embeddable":true,"href":"https:\/\/milesiplanet.com\/pl\/wp-json\/wp\/v2\/product_brand?post=8647"},{"taxonomy":"product_cat","embeddable":true,"href":"https:\/\/milesiplanet.com\/pl\/wp-json\/wp\/v2\/product_cat?post=8647"},{"taxonomy":"product_tag","embeddable":true,"href":"https:\/\/milesiplanet.com\/pl\/wp-json\/wp\/v2\/product_tag?post=8647"}],"curies":[{"name":"wp","href":"https:\/\/api.w.org\/{rel}","templated":true}]}}