
{"id":8650,"date":"2020-01-08T19:07:26","date_gmt":"2020-01-08T18:07:26","guid":{"rendered":"http:\/\/milesiplanet.com\/prodotto\/uncategorized\/xht1000x-seria-system-koloru\/"},"modified":"2020-07-07T11:24:13","modified_gmt":"2020-07-07T09:24:13","slug":"xht1000x-seria-system-koloru","status":"publish","type":"product","link":"https:\/\/milesiplanet.com\/pl\/prodotto\/na-zewnatrz\/na-zewnatrz-impregnat\/na-zewnatrz-impregnat-impregnat-wodorozcienczalny\/xht1000x-seria-system-koloru\/","title":{"rendered":"XHT1000x Seria \u2013 System Koloru"},"content":{"rendered":"<p>Impregnat wodny o maksymalnej odporno\u015bci na \u017c\u00f3\u0142kni\u0119cie. Zaleca si\u0119 zawsze \u0142\u0105czy\u0107 go z izolacyjnym podk\u0142adem i lakierem wyko\u0144czeniowym p\u00f3\u0142przezroczystym lub pigmentowanym w celu uzyskania maksymalnej ochrony.<\/p>\n","protected":false},"excerpt":{"rendered":"<p>Impregnat wodny o maksymalnej odporno\u015bci na \u017c\u00f3\u0142kni\u0119cie. Zaleca si\u0119 zawsze \u0142\u0105czy\u0107 go z izolacyjnym podk\u0142adem i lakierem wyko\u0144czeniowym p\u00f3\u0142przezroczystym lub pigmentowanym w celu uzyskania maksymalnej ochrony.<\/p>\n","protected":false},"featured_media":0,"template":"","meta":{"_acf_changed":false},"product_brand":[],"product_cat":[556,566,567,682],"product_tag":[],"class_list":{"0":"post-8650","1":"product","2":"type-product","3":"status-publish","5":"product_cat-na-zewnatrz","6":"product_cat-na-zewnatrz-impregnat","7":"product_cat-na-zewnatrz-impregnat-impregnat-wodorozcienczalny","8":"product_cat-ivp-pl","10":"first","11":"instock","12":"shipping-taxable","13":"product-type-simple"},"acf":[],"_links":{"self":[{"href":"https:\/\/milesiplanet.com\/pl\/wp-json\/wp\/v2\/product\/8650","targetHints":{"allow":["GET"]}}],"collection":[{"href":"https:\/\/milesiplanet.com\/pl\/wp-json\/wp\/v2\/product"}],"about":[{"href":"https:\/\/milesiplanet.com\/pl\/wp-json\/wp\/v2\/types\/product"}],"wp:attachment":[{"href":"https:\/\/milesiplanet.com\/pl\/wp-json\/wp\/v2\/media?parent=8650"}],"wp:term":[{"taxonomy":"product_brand","embeddable":true,"href":"https:\/\/milesiplanet.com\/pl\/wp-json\/wp\/v2\/product_brand?post=8650"},{"taxonomy":"product_cat","embeddable":true,"href":"https:\/\/milesiplanet.com\/pl\/wp-json\/wp\/v2\/product_cat?post=8650"},{"taxonomy":"product_tag","embeddable":true,"href":"https:\/\/milesiplanet.com\/pl\/wp-json\/wp\/v2\/product_tag?post=8650"}],"curies":[{"name":"wp","href":"https:\/\/api.w.org\/{rel}","templated":true}]}}