
{"id":8654,"date":"2020-07-07T15:12:37","date_gmt":"2020-07-07T13:12:37","guid":{"rendered":"http:\/\/milesiplanet.com\/?post_type=product&#038;p=8654"},"modified":"2020-07-07T15:12:38","modified_gmt":"2020-07-07T13:12:38","slug":"xwc4120x-seria-system-koloru","status":"publish","type":"product","link":"https:\/\/milesiplanet.com\/pl\/prodotto\/na-zewnatrz\/na-zewnatrz-podklad\/na-zewnatrz-podklad-podklad-wodorozcienczalny\/xwc4120x-seria-system-koloru\/","title":{"rendered":"XWC4120x Seria \u2013 System Koloru"},"content":{"rendered":"<p>P\u00f3\u0142przezroczyste impregnaty wodne o doskona\u0142ej zdolno\u015bci ujednolicania.<\/p>\n","protected":false},"excerpt":{"rendered":"<p>P\u00f3\u0142przezroczyste impregnaty wodne o doskona\u0142ej zdolno\u015bci ujednolicania.<\/p>\n","protected":false},"featured_media":0,"template":"","meta":{"_acf_changed":false},"product_brand":[],"product_cat":[556,566,569,682],"product_tag":[],"class_list":{"0":"post-8654","1":"product","2":"type-product","3":"status-publish","5":"product_cat-na-zewnatrz","6":"product_cat-na-zewnatrz-impregnat","7":"product_cat-na-zewnatrz-podklad-podklad-wodorozcienczalny","8":"product_cat-ivp-pl","10":"first","11":"instock","12":"shipping-taxable","13":"product-type-simple"},"acf":[],"_links":{"self":[{"href":"https:\/\/milesiplanet.com\/pl\/wp-json\/wp\/v2\/product\/8654","targetHints":{"allow":["GET"]}}],"collection":[{"href":"https:\/\/milesiplanet.com\/pl\/wp-json\/wp\/v2\/product"}],"about":[{"href":"https:\/\/milesiplanet.com\/pl\/wp-json\/wp\/v2\/types\/product"}],"wp:attachment":[{"href":"https:\/\/milesiplanet.com\/pl\/wp-json\/wp\/v2\/media?parent=8654"}],"wp:term":[{"taxonomy":"product_brand","embeddable":true,"href":"https:\/\/milesiplanet.com\/pl\/wp-json\/wp\/v2\/product_brand?post=8654"},{"taxonomy":"product_cat","embeddable":true,"href":"https:\/\/milesiplanet.com\/pl\/wp-json\/wp\/v2\/product_cat?post=8654"},{"taxonomy":"product_tag","embeddable":true,"href":"https:\/\/milesiplanet.com\/pl\/wp-json\/wp\/v2\/product_tag?post=8654"}],"curies":[{"name":"wp","href":"https:\/\/api.w.org\/{rel}","templated":true}]}}