
{"id":8658,"date":"2020-01-08T17:36:46","date_gmt":"2020-01-08T16:36:46","guid":{"rendered":"http:\/\/milesiplanet.com\/prodotto\/uncategorized\/xwc510x-seria-system-koloru\/"},"modified":"2020-07-07T15:41:08","modified_gmt":"2020-07-07T13:41:08","slug":"xwc510x-seria-system-koloru","status":"publish","type":"product","link":"https:\/\/milesiplanet.com\/pl\/prodotto\/na-zewnatrz\/na-zewnatrz-impregnat\/na-zewnatrz-impregnat-impregnat-wodorozcienczalny\/xwc510x-seria-system-koloru\/","title":{"rendered":"XWC510x seria \u2013 System Koloru"},"content":{"rendered":"<p>Wodorozcie\u0144czalne impregnaty do taras\u00f3w, pomost\u00f3w i mebli zewn\u0119trznych, o doskona\u0142ej odporno\u015bci na wydeptywanie. Stosuje si\u0119 je w dw\u00f3ch lub trzech warstwach. S\u0105 odporne na dzia\u0142anie zimnych p\u0142yn\u00f3w, krem\u00f3w przeciws\u0142onecznych, hamuj\u0105 gromadzenie si\u0119 brudu.<\/p>\n","protected":false},"excerpt":{"rendered":"<p>Wodorozcie\u0144czalne impregnaty do taras\u00f3w, pomost\u00f3w i mebli zewn\u0119trznych, o doskona\u0142ej odporno\u015bci na wydeptywanie. Stosuje si\u0119 je w dw\u00f3ch lub trzech warstwach. S\u0105 odporne na dzia\u0142anie zimnych p\u0142yn\u00f3w, krem\u00f3w przeciws\u0142onecznych, hamuj\u0105 gromadzenie si\u0119 brudu.<\/p>\n","protected":false},"featured_media":0,"template":"","meta":{"_acf_changed":false},"product_brand":[],"product_cat":[556,566,567,682],"product_tag":[],"class_list":{"0":"post-8658","1":"product","2":"type-product","3":"status-publish","5":"product_cat-na-zewnatrz","6":"product_cat-na-zewnatrz-impregnat","7":"product_cat-na-zewnatrz-impregnat-impregnat-wodorozcienczalny","8":"product_cat-ivp-pl","10":"first","11":"instock","12":"shipping-taxable","13":"product-type-simple"},"acf":[],"_links":{"self":[{"href":"https:\/\/milesiplanet.com\/pl\/wp-json\/wp\/v2\/product\/8658","targetHints":{"allow":["GET"]}}],"collection":[{"href":"https:\/\/milesiplanet.com\/pl\/wp-json\/wp\/v2\/product"}],"about":[{"href":"https:\/\/milesiplanet.com\/pl\/wp-json\/wp\/v2\/types\/product"}],"wp:attachment":[{"href":"https:\/\/milesiplanet.com\/pl\/wp-json\/wp\/v2\/media?parent=8658"}],"wp:term":[{"taxonomy":"product_brand","embeddable":true,"href":"https:\/\/milesiplanet.com\/pl\/wp-json\/wp\/v2\/product_brand?post=8658"},{"taxonomy":"product_cat","embeddable":true,"href":"https:\/\/milesiplanet.com\/pl\/wp-json\/wp\/v2\/product_cat?post=8658"},{"taxonomy":"product_tag","embeddable":true,"href":"https:\/\/milesiplanet.com\/pl\/wp-json\/wp\/v2\/product_tag?post=8658"}],"curies":[{"name":"wp","href":"https:\/\/api.w.org\/{rel}","templated":true}]}}