
{"id":8771,"date":"2020-01-13T16:02:58","date_gmt":"2020-01-13T15:02:58","guid":{"rendered":"http:\/\/milesiplanet.com\/prodotto\/uncategorized\/seria-xgc100\/"},"modified":"2020-07-13T10:45:07","modified_gmt":"2020-07-13T08:45:07","slug":"seria-xgc100","status":"publish","type":"product","link":"https:\/\/milesiplanet.com\/pl\/prodotto\/rozwiazania-zewnetrzne\/rozwiazania-zewnetrzne-lakier-nawierzchniowy\/rozwiazania-zewnetrzne-lakier-nawierzchniowy-lakier-nawierzchniowy-wodorozcienczalny\/seria-xgc100\/","title":{"rendered":"Seria XGC100"},"content":{"rendered":"<p>Lakiery nawierzchniowe wodne o maksymalnej odporno\u015bci na \u017c\u00f3\u0142kni\u0119cie, specyficzne dla cykli p\u00f3\u0142przezroczystych.<\/p>\n","protected":false},"excerpt":{"rendered":"<p>Lakiery nawierzchniowe wodne o maksymalnej odporno\u015bci na \u017c\u00f3\u0142kni\u0119cie, specyficzne dla cykli p\u00f3\u0142przezroczystych.<\/p>\n","protected":false},"featured_media":0,"template":"","meta":{"_acf_changed":false},"product_brand":[],"product_cat":[574,592,593,682],"product_tag":[],"class_list":{"0":"post-8771","1":"product","2":"type-product","3":"status-publish","5":"product_cat-rozwiazania-zewnetrzne","6":"product_cat-rozwiazania-zewnetrzne-lakier-nawierzchniowy","7":"product_cat-rozwiazania-zewnetrzne-lakier-nawierzchniowy-lakier-nawierzchniowy-wodorozcienczalny","8":"product_cat-ivp-pl","10":"first","11":"instock","12":"shipping-taxable","13":"product-type-simple"},"acf":[],"_links":{"self":[{"href":"https:\/\/milesiplanet.com\/pl\/wp-json\/wp\/v2\/product\/8771","targetHints":{"allow":["GET"]}}],"collection":[{"href":"https:\/\/milesiplanet.com\/pl\/wp-json\/wp\/v2\/product"}],"about":[{"href":"https:\/\/milesiplanet.com\/pl\/wp-json\/wp\/v2\/types\/product"}],"wp:attachment":[{"href":"https:\/\/milesiplanet.com\/pl\/wp-json\/wp\/v2\/media?parent=8771"}],"wp:term":[{"taxonomy":"product_brand","embeddable":true,"href":"https:\/\/milesiplanet.com\/pl\/wp-json\/wp\/v2\/product_brand?post=8771"},{"taxonomy":"product_cat","embeddable":true,"href":"https:\/\/milesiplanet.com\/pl\/wp-json\/wp\/v2\/product_cat?post=8771"},{"taxonomy":"product_tag","embeddable":true,"href":"https:\/\/milesiplanet.com\/pl\/wp-json\/wp\/v2\/product_tag?post=8771"}],"curies":[{"name":"wp","href":"https:\/\/api.w.org\/{rel}","templated":true}]}}