
{"id":8773,"date":"2020-01-13T16:48:33","date_gmt":"2020-01-13T15:48:33","guid":{"rendered":"http:\/\/milesiplanet.com\/prodotto\/uncategorized\/seria-gloss-jjt688x\/"},"modified":"2020-07-13T11:05:51","modified_gmt":"2020-07-13T09:05:51","slug":"seria-gloss-jjt688x","status":"publish","type":"product","link":"https:\/\/milesiplanet.com\/pl\/prodotto\/rozwiazania-zewnetrzne\/rozwiazania-zewnetrzne-lakier-nawierzchniowy\/rozwiazania-zewnetrzne-lakier-nawierzchniowy-lakier-nawierzchniowy-wodorozcienczalny\/seria-gloss-jjt688x\/","title":{"rendered":"Seria Gloss JJT688x"},"content":{"rendered":"<p>Wodorozcie\u0144czalne lakiery nawierzchniowe do pigmentowania o doskona\u0142ej sile krycia i maksymalnej rozlewno\u015bci.<\/p>\n","protected":false},"excerpt":{"rendered":"<p>Wodorozcie\u0144czalne lakiery nawierzchniowe do pigmentowania o doskona\u0142ej sile krycia i maksymalnej rozlewno\u015bci.<\/p>\n","protected":false},"featured_media":0,"template":"","meta":{"_acf_changed":false},"product_brand":[],"product_cat":[574,592,593,682],"product_tag":[],"class_list":{"0":"post-8773","1":"product","2":"type-product","3":"status-publish","5":"product_cat-rozwiazania-zewnetrzne","6":"product_cat-rozwiazania-zewnetrzne-lakier-nawierzchniowy","7":"product_cat-rozwiazania-zewnetrzne-lakier-nawierzchniowy-lakier-nawierzchniowy-wodorozcienczalny","8":"product_cat-ivp-pl","10":"first","11":"instock","12":"shipping-taxable","13":"product-type-simple"},"acf":[],"_links":{"self":[{"href":"https:\/\/milesiplanet.com\/pl\/wp-json\/wp\/v2\/product\/8773","targetHints":{"allow":["GET"]}}],"collection":[{"href":"https:\/\/milesiplanet.com\/pl\/wp-json\/wp\/v2\/product"}],"about":[{"href":"https:\/\/milesiplanet.com\/pl\/wp-json\/wp\/v2\/types\/product"}],"wp:attachment":[{"href":"https:\/\/milesiplanet.com\/pl\/wp-json\/wp\/v2\/media?parent=8773"}],"wp:term":[{"taxonomy":"product_brand","embeddable":true,"href":"https:\/\/milesiplanet.com\/pl\/wp-json\/wp\/v2\/product_brand?post=8773"},{"taxonomy":"product_cat","embeddable":true,"href":"https:\/\/milesiplanet.com\/pl\/wp-json\/wp\/v2\/product_cat?post=8773"},{"taxonomy":"product_tag","embeddable":true,"href":"https:\/\/milesiplanet.com\/pl\/wp-json\/wp\/v2\/product_tag?post=8773"}],"curies":[{"name":"wp","href":"https:\/\/api.w.org\/{rel}","templated":true}]}}