
{"id":8777,"date":"2020-01-13T15:25:02","date_gmt":"2020-01-13T14:25:02","guid":{"rendered":"http:\/\/milesiplanet.com\/prodotto\/uncategorized\/xgc83n3\/"},"modified":"2020-07-13T13:22:36","modified_gmt":"2020-07-13T11:22:36","slug":"xgc83n3","status":"publish","type":"product","link":"https:\/\/milesiplanet.com\/pl\/prodotto\/rozwiazania-zewnetrzne\/rozwiazania-zewnetrzne-lakier-nawierzchniowy\/rozwiazania-zewnetrzne-lakier-nawierzchniowy-lakier-nawierzchniowy-wodorozcienczalny\/xgc83n3\/","title":{"rendered":"XGC83N3"},"content":{"rendered":"<p>Lakier nawierzchniowy wodny z doskona\u0142\u0105 si\u0142\u0105 wype\u0142niania.<\/p>\n","protected":false},"excerpt":{"rendered":"<p>Lakier nawierzchniowy wodny z doskona\u0142\u0105 si\u0142\u0105 wype\u0142niania.<\/p>\n","protected":false},"featured_media":0,"template":"","meta":{"_acf_changed":false},"product_brand":[],"product_cat":[574,592,593,682],"product_tag":[],"class_list":{"0":"post-8777","1":"product","2":"type-product","3":"status-publish","5":"product_cat-rozwiazania-zewnetrzne","6":"product_cat-rozwiazania-zewnetrzne-lakier-nawierzchniowy","7":"product_cat-rozwiazania-zewnetrzne-lakier-nawierzchniowy-lakier-nawierzchniowy-wodorozcienczalny","8":"product_cat-ivp-pl","10":"first","11":"instock","12":"shipping-taxable","13":"product-type-simple"},"acf":[],"_links":{"self":[{"href":"https:\/\/milesiplanet.com\/pl\/wp-json\/wp\/v2\/product\/8777","targetHints":{"allow":["GET"]}}],"collection":[{"href":"https:\/\/milesiplanet.com\/pl\/wp-json\/wp\/v2\/product"}],"about":[{"href":"https:\/\/milesiplanet.com\/pl\/wp-json\/wp\/v2\/types\/product"}],"wp:attachment":[{"href":"https:\/\/milesiplanet.com\/pl\/wp-json\/wp\/v2\/media?parent=8777"}],"wp:term":[{"taxonomy":"product_brand","embeddable":true,"href":"https:\/\/milesiplanet.com\/pl\/wp-json\/wp\/v2\/product_brand?post=8777"},{"taxonomy":"product_cat","embeddable":true,"href":"https:\/\/milesiplanet.com\/pl\/wp-json\/wp\/v2\/product_cat?post=8777"},{"taxonomy":"product_tag","embeddable":true,"href":"https:\/\/milesiplanet.com\/pl\/wp-json\/wp\/v2\/product_tag?post=8777"}],"curies":[{"name":"wp","href":"https:\/\/api.w.org\/{rel}","templated":true}]}}