
{"id":8780,"date":"2020-07-13T17:22:12","date_gmt":"2020-07-13T15:22:12","guid":{"rendered":"http:\/\/milesiplanet.com\/?post_type=product&#038;p=8780"},"modified":"2020-07-13T17:24:54","modified_gmt":"2020-07-13T15:24:54","slug":"xgc6077-2","status":"publish","type":"product","link":"https:\/\/milesiplanet.com\/pl\/prodotto\/na-zewnatrz\/na-zewnatrz-lakier-nawierzchniowy\/na-zewnatrz-lakier-nawierzchniowy-lakier-nawierzchniowy-wodorozcienczalny\/xgc6077-2\/","title":{"rendered":"XGC6077"},"content":{"rendered":"<p>Lakier nawierzchniowy wodny, efekt drewna naturalnego, doskona\u0142a g\u0142adko\u015b\u0107 pow\u0142ok.<\/p>\n","protected":false},"excerpt":{"rendered":"<p>Lakier nawierzchniowy wodny, efekt drewna naturalnego, doskona\u0142a g\u0142adko\u015b\u0107 pow\u0142ok.<\/p>\n","protected":false},"featured_media":0,"template":"","meta":{"_acf_changed":false},"product_brand":[],"product_cat":[556,571,682],"product_tag":[],"class_list":{"0":"post-8780","1":"product","2":"type-product","3":"status-publish","5":"product_cat-na-zewnatrz","6":"product_cat-na-zewnatrz-lakier-nawierzchniowy-lakier-nawierzchniowy-wodorozcienczalny","7":"product_cat-ivp-pl","9":"first","10":"instock","11":"shipping-taxable","12":"product-type-simple"},"acf":[],"_links":{"self":[{"href":"https:\/\/milesiplanet.com\/pl\/wp-json\/wp\/v2\/product\/8780","targetHints":{"allow":["GET"]}}],"collection":[{"href":"https:\/\/milesiplanet.com\/pl\/wp-json\/wp\/v2\/product"}],"about":[{"href":"https:\/\/milesiplanet.com\/pl\/wp-json\/wp\/v2\/types\/product"}],"wp:attachment":[{"href":"https:\/\/milesiplanet.com\/pl\/wp-json\/wp\/v2\/media?parent=8780"}],"wp:term":[{"taxonomy":"product_brand","embeddable":true,"href":"https:\/\/milesiplanet.com\/pl\/wp-json\/wp\/v2\/product_brand?post=8780"},{"taxonomy":"product_cat","embeddable":true,"href":"https:\/\/milesiplanet.com\/pl\/wp-json\/wp\/v2\/product_cat?post=8780"},{"taxonomy":"product_tag","embeddable":true,"href":"https:\/\/milesiplanet.com\/pl\/wp-json\/wp\/v2\/product_tag?post=8780"}],"curies":[{"name":"wp","href":"https:\/\/api.w.org\/{rel}","templated":true}]}}